{"id":14,"date":"2024-11-25T21:21:07","date_gmt":"2024-11-25T21:21:07","guid":{"rendered":"https:\/\/torresgrup.com\/?page_id=14"},"modified":"2025-04-21T16:20:51","modified_gmt":"2025-04-21T16:20:51","slug":"servicios","status":"publish","type":"page","link":"https:\/\/torresgrup.com\/en\/servicios\/","title":{"rendered":"Services"},"content":{"rendered":"<div data-elementor-type=\"wp-page\" data-elementor-id=\"14\" class=\"elementor elementor-14\" data-elementor-post-type=\"page\">\n\t\t\t\t<div class=\"elementor-element elementor-element-94fa134 e-flex e-con-boxed e-con e-parent\" data-id=\"94fa134\" data-element_type=\"container\" data-e-type=\"container\" data-settings=\"{&quot;background_background&quot;:&quot;classic&quot;}\">\n\t\t\t\t\t<div class=\"e-con-inner\">\n\t\t\t\t<div class=\"elementor-element elementor-element-f5bc52f elementor-invisible elementor-widget elementor-widget-heading\" data-id=\"f5bc52f\" data-element_type=\"widget\" data-e-type=\"widget\" data-settings=\"{&quot;_animation&quot;:&quot;fadeInUp&quot;}\" data-widget_type=\"heading.default\">\n\t\t\t\t<div class=\"elementor-widget-container\">\n\t\t\t\t\t<h1 class=\"elementor-heading-title elementor-size-default\">Services<\/h1>\t\t\t\t<\/div>\n\t\t\t\t<\/div>\n\t\t\t\t<div class=\"elementor-element elementor-element-cd83923 elementor-widget elementor-widget-button\" data-id=\"cd83923\" data-element_type=\"widget\" data-e-type=\"widget\" data-widget_type=\"button.default\">\n\t\t\t\t<div class=\"elementor-widget-container\">\n\t\t\t\t\t\t\t\t\t<div class=\"elementor-button-wrapper\">\n\t\t\t\t\t<a class=\"elementor-button elementor-button-link elementor-size-sm elementor-animation-grow\" href=\"https:\/\/torresgrup.com\/en\/tienda\/\">\n\t\t\t\t\t\t<span class=\"elementor-button-content-wrapper\">\n\t\t\t\t\t\t\t\t\t<span class=\"elementor-button-text\">Visit store<\/span>\n\t\t\t\t\t<\/span>\n\t\t\t\t\t<\/a>\n\t\t\t\t<\/div>\n\t\t\t\t\t\t\t\t<\/div>\n\t\t\t\t<\/div>\n\t\t\t\t\t<\/div>\n\t\t\t\t<\/div>\n\t\t<div class=\"elementor-element elementor-element-001a91c e-flex e-con-boxed e-con e-parent\" data-id=\"001a91c\" data-element_type=\"container\" data-e-type=\"container\">\n\t\t\t\t\t<div class=\"e-con-inner\">\n\t\t<div class=\"elementor-element elementor-element-f2679f4 e-con-full e-flex e-con e-child\" data-id=\"f2679f4\" data-element_type=\"container\" data-e-type=\"container\">\n\t\t\t\t<div class=\"elementor-element elementor-element-a998a6b elementor-invisible elementor-widget elementor-widget-heading\" data-id=\"a998a6b\" data-element_type=\"widget\" data-e-type=\"widget\" data-settings=\"{&quot;_animation&quot;:&quot;fadeInUp&quot;}\" data-widget_type=\"heading.default\">\n\t\t\t\t<div class=\"elementor-widget-container\">\n\t\t\t\t\t<h2 class=\"elementor-heading-title elementor-size-default\">Business<\/h2>\t\t\t\t<\/div>\n\t\t\t\t<\/div>\n\t\t\t\t<\/div>\n\t\t<div class=\"elementor-element elementor-element-9b9e96b e-con-full e-flex e-con e-child\" data-id=\"9b9e96b\" data-element_type=\"container\" data-e-type=\"container\">\n\t\t\t\t<div class=\"elementor-element elementor-element-5e87260 elementor-widget elementor-widget-text-editor\" data-id=\"5e87260\" data-element_type=\"widget\" data-e-type=\"widget\" data-widget_type=\"text-editor.default\">\n\t\t\t\t<div class=\"elementor-widget-container\">\n\t\t\t\t\t\t\t\t\t<p>We offer thermal paper rolls for POS systems in the size 80x80x12 mm. This BPA-free paper features a treated side for thermal printing without the need for inks and is typically available in grammages of 58 g\/m\u00b2 and 65 g\/m\u00b2. The non-thermal side can be customized, and in some cases, the thermal side can also be personalized.<\/p><p class=\"translation-block\"><b>We customize the rolls with logos and text, such as sales terms, enhancing brand image and customer loyalty.<\/b> We use OFFSET printing, which guarantees high quality at an affordable cost, ideal for small to medium print runs.<\/p><p class=\"translation-block\"><b>We manufacture rolls in all sizes,<\/b> both thermal paper and Electra paper, suitable for scales, card terminals, and various commercial applications.<\/p>\t\t\t\t\t\t\t\t<\/div>\n\t\t\t\t<\/div>\n\t\t\t\t<div class=\"elementor-element elementor-element-e2209fe elementor-align-left elementor-widget elementor-widget-button\" data-id=\"e2209fe\" data-element_type=\"widget\" data-e-type=\"widget\" data-widget_type=\"button.default\">\n\t\t\t\t<div class=\"elementor-widget-container\">\n\t\t\t\t\t\t\t\t\t<div class=\"elementor-button-wrapper\">\n\t\t\t\t\t<a class=\"elementor-button elementor-button-link elementor-size-sm elementor-animation-grow\" href=\"https:\/\/torresgrup.com\/en\/product-category\/comercio\/\">\n\t\t\t\t\t\t<span class=\"elementor-button-content-wrapper\">\n\t\t\t\t\t\t\t\t\t<span class=\"elementor-button-text\">View Products<\/span>\n\t\t\t\t\t<\/span>\n\t\t\t\t\t<\/a>\n\t\t\t\t<\/div>\n\t\t\t\t\t\t\t\t<\/div>\n\t\t\t\t<\/div>\n\t\t\t\t<\/div>\n\t\t\t\t\t<\/div>\n\t\t\t\t<\/div>\n\t\t<div class=\"elementor-element elementor-element-434654f e-flex e-con-boxed e-con e-parent\" data-id=\"434654f\" data-element_type=\"container\" data-e-type=\"container\">\n\t\t\t\t\t<div class=\"e-con-inner\">\n\t\t<div class=\"elementor-element elementor-element-34779fb e-con-full e-flex e-con e-child\" data-id=\"34779fb\" data-element_type=\"container\" data-e-type=\"container\">\n\t\t\t\t<div class=\"elementor-element elementor-element-bbfea79 elementor-invisible elementor-widget elementor-widget-heading\" data-id=\"bbfea79\" data-element_type=\"widget\" data-e-type=\"widget\" data-settings=\"{&quot;_animation&quot;:&quot;fadeInUp&quot;}\" data-widget_type=\"heading.default\">\n\t\t\t\t<div class=\"elementor-widget-container\">\n\t\t\t\t\t<h2 class=\"elementor-heading-title elementor-size-default\">Hospitality<\/h2>\t\t\t\t<\/div>\n\t\t\t\t<\/div>\n\t\t\t\t<\/div>\n\t\t<div class=\"elementor-element elementor-element-9b0e402 e-con-full e-flex e-con e-child\" data-id=\"9b0e402\" data-element_type=\"container\" data-e-type=\"container\">\n\t\t\t\t<div class=\"elementor-element elementor-element-4640ecc elementor-widget elementor-widget-text-editor\" data-id=\"4640ecc\" data-element_type=\"widget\" data-e-type=\"widget\" data-widget_type=\"text-editor.default\">\n\t\t\t\t<div class=\"elementor-widget-container\">\n\t\t\t\t\t\t\t\t\t<p class=\"translation-block\">We manufacture and distribute <strong>disposable products for the hospitality industry,<\/strong> such as napkins, tablecloths, hand towels, toilet rolls and food containers in different materials.<\/p><p>Within our hospitality range, we offer personalized individual tablecloths for restaurants, which we manufacture in DIN A3 size, typically using 60 g\/m\u00b2 offset paper.\u00a0<\/p><p><strong>Our prepress team provides comprehensive advice to customers on product design, ensuring a high-quality result tailored to their specific needs.<\/strong><\/p>\t\t\t\t\t\t\t\t<\/div>\n\t\t\t\t<\/div>\n\t\t\t\t<div class=\"elementor-element elementor-element-0c4cefa elementor-align-left elementor-widget elementor-widget-button\" data-id=\"0c4cefa\" data-element_type=\"widget\" data-e-type=\"widget\" data-widget_type=\"button.default\">\n\t\t\t\t<div class=\"elementor-widget-container\">\n\t\t\t\t\t\t\t\t\t<div class=\"elementor-button-wrapper\">\n\t\t\t\t\t<a class=\"elementor-button elementor-button-link elementor-size-sm elementor-animation-grow\" href=\"https:\/\/torresgrup.com\/en\/product-category\/hosteleria\/\">\n\t\t\t\t\t\t<span class=\"elementor-button-content-wrapper\">\n\t\t\t\t\t\t\t\t\t<span class=\"elementor-button-text\">View Products<\/span>\n\t\t\t\t\t<\/span>\n\t\t\t\t\t<\/a>\n\t\t\t\t<\/div>\n\t\t\t\t\t\t\t\t<\/div>\n\t\t\t\t<\/div>\n\t\t\t\t<\/div>\n\t\t\t\t\t<\/div>\n\t\t\t\t<\/div>\n\t\t<div class=\"elementor-element elementor-element-7c9d19a e-flex e-con-boxed e-con e-parent\" data-id=\"7c9d19a\" data-element_type=\"container\" data-e-type=\"container\">\n\t\t\t\t\t<div class=\"e-con-inner\">\n\t\t<div class=\"elementor-element elementor-element-5ed3830 e-con-full e-flex e-con e-child\" data-id=\"5ed3830\" data-element_type=\"container\" data-e-type=\"container\">\n\t\t\t\t<div class=\"elementor-element elementor-element-1dc7ca7 elementor-invisible elementor-widget elementor-widget-heading\" data-id=\"1dc7ca7\" data-element_type=\"widget\" data-e-type=\"widget\" data-settings=\"{&quot;_animation&quot;:&quot;fadeInUp&quot;}\" data-widget_type=\"heading.default\">\n\t\t\t\t<div class=\"elementor-widget-container\">\n\t\t\t\t\t<h2 class=\"elementor-heading-title elementor-size-default\">SPECIALITY PAPERS<\/h2>\t\t\t\t<\/div>\n\t\t\t\t<\/div>\n\t\t\t\t<\/div>\n\t\t<div class=\"elementor-element elementor-element-23efcec e-con-full e-flex e-con e-child\" data-id=\"23efcec\" data-element_type=\"container\" data-e-type=\"container\">\n\t\t\t\t<div class=\"elementor-element elementor-element-afc8ad2 elementor-widget elementor-widget-text-editor\" data-id=\"afc8ad2\" data-element_type=\"widget\" data-e-type=\"widget\" data-widget_type=\"text-editor.default\">\n\t\t\t\t<div class=\"elementor-widget-container\">\n\t\t\t\t\t\t\t\t\t<p>In this production line, we use papers designed for specialized products, such as parking tickets, event tickets, lottery tickets, betting slips, and healthcare documents.<\/p><p class=\"translation-block\"><b>We offer personalized advice to help select the most suitable paper, tailored to the specific needs of each business.<\/b> This includes options with high print durability and protection for intensive use. We provide a wide range of grammages and special coatings to meet the specific demands of each application.<\/p>\t\t\t\t\t\t\t\t<\/div>\n\t\t\t\t<\/div>\n\t\t\t\t<div class=\"elementor-element elementor-element-a2e0d65 elementor-align-left elementor-widget elementor-widget-button\" data-id=\"a2e0d65\" data-element_type=\"widget\" data-e-type=\"widget\" data-widget_type=\"button.default\">\n\t\t\t\t<div class=\"elementor-widget-container\">\n\t\t\t\t\t\t\t\t\t<div class=\"elementor-button-wrapper\">\n\t\t\t\t\t<a class=\"elementor-button elementor-button-link elementor-size-sm elementor-animation-grow\" href=\"https:\/\/torresgrup.com\/en\/product-category\/papeles-especiales\/\">\n\t\t\t\t\t\t<span class=\"elementor-button-content-wrapper\">\n\t\t\t\t\t\t\t\t\t<span class=\"elementor-button-text\">View Products<\/span>\n\t\t\t\t\t<\/span>\n\t\t\t\t\t<\/a>\n\t\t\t\t<\/div>\n\t\t\t\t\t\t\t\t<\/div>\n\t\t\t\t<\/div>\n\t\t\t\t<\/div>\n\t\t\t\t\t<\/div>\n\t\t\t\t<\/div>\n\t\t\t\t<\/div>","protected":false},"excerpt":{"rendered":"<p>Servicios Visitar tienda Comercio Rollo de papel t\u00e9rmico para TPV en medida 80x80x12 mm. Este papel, libre de BPA, cuenta con una cara tratada para impresi\u00f3n t\u00e9rmica sin tintas y suele ofrecerse en gramajes de 58 g\/m\u00b2 y 65 g\/m\u00b2. Permite la personalizaci\u00f3n en la cara no t\u00e9rmica y, en casos especiales, en la cara [&hellip;]<\/p>\n","protected":false},"author":1,"featured_media":0,"parent":0,"menu_order":0,"comment_status":"closed","ping_status":"closed","template":"elementor_header_footer","meta":{"footnotes":""},"class_list":["post-14","page","type-page","status-publish","hentry"],"yoast_head":"<!-- This site is optimized with the Yoast SEO plugin v26.1.1 - https:\/\/yoast.com\/wordpress\/plugins\/seo\/ -->\n<title>Servicios de fabricaci\u00f3n de rollos de papel personalizados \u2013 Torres Grup<\/title>\n<meta name=\"description\" content=\"Fabricamos rollos de papel para comercios, hosteler\u00eda y usos especiales. Soluciones a medida con impresi\u00f3n offset de alta calidad.\" \/>\n<meta name=\"robots\" content=\"index, follow, max-snippet:-1, max-image-preview:large, max-video-preview:-1\" \/>\n<link rel=\"canonical\" href=\"https:\/\/torresgrup.com\/en\/wp-json\/wp\/v2\/pages\/14\" \/>\n<meta property=\"og:locale\" content=\"en_US\" \/>\n<meta property=\"og:type\" content=\"article\" \/>\n<meta property=\"og:title\" content=\"Servicios de fabricaci\u00f3n de rollos de papel personalizados \u2013 Torres Grup\" \/>\n<meta property=\"og:description\" content=\"Fabricamos rollos de papel para comercios, hosteler\u00eda y usos especiales. Soluciones a medida con impresi\u00f3n offset de alta calidad.\" \/>\n<meta property=\"og:url\" content=\"https:\/\/torresgrup.com\/en\/servicios\/\" \/>\n<meta property=\"og:site_name\" content=\"Torres Grup\" \/>\n<meta property=\"article:modified_time\" content=\"2025-04-21T16:20:51+00:00\" \/>\n<meta name=\"twitter:card\" content=\"summary_large_image\" \/>\n<meta name=\"twitter:label1\" content=\"Est. reading time\" \/>\n\t<meta name=\"twitter:data1\" content=\"2 minutes\" \/>\n<script type=\"application\/ld+json\" class=\"yoast-schema-graph\">{\"@context\":\"https:\/\/schema.org\",\"@graph\":[{\"@type\":\"WebPage\",\"@id\":\"https:\/\/torresgrup.com\/servicios\/\",\"url\":\"https:\/\/torresgrup.com\/servicios\/\",\"name\":\"Servicios de fabricaci\u00f3n de rollos de papel personalizados \u2013 Torres Grup\",\"isPartOf\":{\"@id\":\"https:\/\/torresgrup.com\/#website\"},\"datePublished\":\"2024-11-25T21:21:07+00:00\",\"dateModified\":\"2025-04-21T16:20:51+00:00\",\"description\":\"Fabricamos rollos de papel para comercios, hosteler\u00eda y usos especiales. Soluciones a medida con impresi\u00f3n offset de alta calidad.\",\"breadcrumb\":{\"@id\":\"https:\/\/torresgrup.com\/servicios\/#breadcrumb\"},\"inLanguage\":\"en-US\",\"potentialAction\":[{\"@type\":\"ReadAction\",\"target\":[\"https:\/\/torresgrup.com\/servicios\/\"]}]},{\"@type\":\"BreadcrumbList\",\"@id\":\"https:\/\/torresgrup.com\/servicios\/#breadcrumb\",\"itemListElement\":[{\"@type\":\"ListItem\",\"position\":1,\"name\":\"Portada\",\"item\":\"https:\/\/torresgrup.com\/\"},{\"@type\":\"ListItem\",\"position\":2,\"name\":\"Servicios\"}]},{\"@type\":\"WebSite\",\"@id\":\"https:\/\/torresgrup.com\/#website\",\"url\":\"https:\/\/torresgrup.com\/\",\"name\":\"Torres Grup\",\"description\":\"Fabricaci&oacute;n de rollos especiales de papel\",\"publisher\":{\"@id\":\"https:\/\/torresgrup.com\/#organization\"},\"potentialAction\":[{\"@type\":\"SearchAction\",\"target\":{\"@type\":\"EntryPoint\",\"urlTemplate\":\"https:\/\/torresgrup.com\/?s={search_term_string}\"},\"query-input\":{\"@type\":\"PropertyValueSpecification\",\"valueRequired\":true,\"valueName\":\"search_term_string\"}}],\"inLanguage\":\"en-US\"},{\"@type\":\"Organization\",\"@id\":\"https:\/\/torresgrup.com\/#organization\",\"name\":\"Torres Grup\",\"url\":\"https:\/\/torresgrup.com\/\",\"logo\":{\"@type\":\"ImageObject\",\"inLanguage\":\"en-US\",\"@id\":\"https:\/\/torresgrup.com\/#\/schema\/logo\/image\/\",\"url\":\"https:\/\/torresgrup.com\/wp-content\/uploads\/2024\/11\/TORRES-GRUP-LOGO-2.svg\",\"contentUrl\":\"https:\/\/torresgrup.com\/wp-content\/uploads\/2024\/11\/TORRES-GRUP-LOGO-2.svg\",\"width\":881,\"height\":260,\"caption\":\"Torres Grup\"},\"image\":{\"@id\":\"https:\/\/torresgrup.com\/#\/schema\/logo\/image\/\"}}]}<\/script>\n<!-- \/ Yoast SEO plugin. -->","yoast_head_json":{"title":"Servicios de fabricaci\u00f3n de rollos de papel personalizados \u2013 Torres Grup","description":"Fabricamos rollos de papel para comercios, hosteler\u00eda y usos especiales. Soluciones a medida con impresi\u00f3n offset de alta calidad.","robots":{"index":"index","follow":"follow","max-snippet":"max-snippet:-1","max-image-preview":"max-image-preview:large","max-video-preview":"max-video-preview:-1"},"canonical":"https:\/\/torresgrup.com\/en\/wp-json\/wp\/v2\/pages\/14","og_locale":"en_US","og_type":"article","og_title":"Servicios de fabricaci\u00f3n de rollos de papel personalizados \u2013 Torres Grup","og_description":"Fabricamos rollos de papel para comercios, hosteler\u00eda y usos especiales. Soluciones a medida con impresi\u00f3n offset de alta calidad.","og_url":"https:\/\/torresgrup.com\/en\/servicios\/","og_site_name":"Torres Grup","article_modified_time":"2025-04-21T16:20:51+00:00","twitter_card":"summary_large_image","twitter_misc":{"Est. reading time":"2 minutes"},"schema":{"@context":"https:\/\/schema.org","@graph":[{"@type":"WebPage","@id":"https:\/\/torresgrup.com\/servicios\/","url":"https:\/\/torresgrup.com\/servicios\/","name":"Servicios de fabricaci\u00f3n de rollos de papel personalizados \u2013 Torres Grup","isPartOf":{"@id":"https:\/\/torresgrup.com\/#website"},"datePublished":"2024-11-25T21:21:07+00:00","dateModified":"2025-04-21T16:20:51+00:00","description":"Fabricamos rollos de papel para comercios, hosteler\u00eda y usos especiales. Soluciones a medida con impresi\u00f3n offset de alta calidad.","breadcrumb":{"@id":"https:\/\/torresgrup.com\/servicios\/#breadcrumb"},"inLanguage":"en-US","potentialAction":[{"@type":"ReadAction","target":["https:\/\/torresgrup.com\/servicios\/"]}]},{"@type":"BreadcrumbList","@id":"https:\/\/torresgrup.com\/servicios\/#breadcrumb","itemListElement":[{"@type":"ListItem","position":1,"name":"Portada","item":"https:\/\/torresgrup.com\/"},{"@type":"ListItem","position":2,"name":"Servicios"}]},{"@type":"WebSite","@id":"https:\/\/torresgrup.com\/#website","url":"https:\/\/torresgrup.com\/","name":"Torres Grup","description":"Fabricaci&oacute;n de rollos especiales de papel","publisher":{"@id":"https:\/\/torresgrup.com\/#organization"},"potentialAction":[{"@type":"SearchAction","target":{"@type":"EntryPoint","urlTemplate":"https:\/\/torresgrup.com\/?s={search_term_string}"},"query-input":{"@type":"PropertyValueSpecification","valueRequired":true,"valueName":"search_term_string"}}],"inLanguage":"en-US"},{"@type":"Organization","@id":"https:\/\/torresgrup.com\/#organization","name":"Torres Grup","url":"https:\/\/torresgrup.com\/","logo":{"@type":"ImageObject","inLanguage":"en-US","@id":"https:\/\/torresgrup.com\/#\/schema\/logo\/image\/","url":"https:\/\/torresgrup.com\/wp-content\/uploads\/2024\/11\/TORRES-GRUP-LOGO-2.svg","contentUrl":"https:\/\/torresgrup.com\/wp-content\/uploads\/2024\/11\/TORRES-GRUP-LOGO-2.svg","width":881,"height":260,"caption":"Torres Grup"},"image":{"@id":"https:\/\/torresgrup.com\/#\/schema\/logo\/image\/"}}]}},"_links":{"self":[{"href":"https:\/\/torresgrup.com\/en\/wp-json\/wp\/v2\/pages\/14","targetHints":{"allow":["GET"]}}],"collection":[{"href":"https:\/\/torresgrup.com\/en\/wp-json\/wp\/v2\/pages"}],"about":[{"href":"https:\/\/torresgrup.com\/en\/wp-json\/wp\/v2\/types\/page"}],"author":[{"embeddable":true,"href":"https:\/\/torresgrup.com\/en\/wp-json\/wp\/v2\/users\/1"}],"replies":[{"embeddable":true,"href":"https:\/\/torresgrup.com\/en\/wp-json\/wp\/v2\/comments?post=14"}],"version-history":[{"count":1,"href":"https:\/\/torresgrup.com\/en\/wp-json\/wp\/v2\/pages\/14\/revisions"}],"predecessor-version":[{"id":873,"href":"https:\/\/torresgrup.com\/en\/wp-json\/wp\/v2\/pages\/14\/revisions\/873"}],"wp:attachment":[{"href":"https:\/\/torresgrup.com\/en\/wp-json\/wp\/v2\/media?parent=14"}],"curies":[{"name":"wp","href":"https:\/\/api.w.org\/{rel}","templated":true}]}}