{"id":276,"date":"2025-01-09T14:53:58","date_gmt":"2025-01-09T14:53:58","guid":{"rendered":"https:\/\/torresgrup.com\/?post_type=product&#038;p=276"},"modified":"2025-02-25T08:05:03","modified_gmt":"2025-02-25T08:05:03","slug":"ref-20300-servilleta-40x40-2-capa","status":"publish","type":"product","link":"https:\/\/torresgrup.com\/en\/product\/ref-20300-servilleta-40x40-2-capa\/","title":{"rendered":"REF 20300 NAPKIN 40X40 2 LAYER"},"content":{"rendered":"<p class=\"translation-block\">The 40\u00d740 2-ply napkins with an embossed finish on the border-shaped edges are widely used in bars and restaurants. The two layers give it great absorption and resistance to clean the table or liquids that may be spilled on our mouth or hands.<\/p>\n<p><strong><em>Characteristics:<\/em><\/strong><\/p>\n<ul>\n<li class=\"translation-block\">Folded: 1\/4 folded<\/li>\n<li class=\"translation-block\">Composition: 100% cellulose 2-layer border.<\/li>\n<li class=\"translation-block\">Color:White<\/li>\n<li class=\"translation-block\">Presentation: 24 packages of 100 units.<\/li>\n<li><strong>Quantity\/Box: <\/strong>2400 unidades<\/li>\n<\/ul>\n<p>Both layers of the napkin are lightly dotted on the edges, forming a border that gives it a more elegant appearance.<\/p>\n<p>&nbsp;<\/p>","protected":false},"excerpt":{"rendered":"<p>Las\u00a0servilletas 40&#215;40 2 capas\u00a0con acabado gofrado en los bordes en forma de cenefa son muy utilizadas en bares y restaurantes. Las dos capas la dotan de una gran absorci\u00f3n y resistencia para limpiar la mesa o l\u00edquidos que se puedan verter sobre nuestra boca o manos. Caracter\u00edsticas: Plegado:Plegado 1\/4 Composici\u00f3n:100% celulosa 2 capas cenefa. Color:Blanco [&hellip;]<\/p>\n","protected":false},"featured_media":274,"comment_status":"open","ping_status":"closed","template":"","meta":[],"product_brand":[],"product_cat":[23,32],"product_tag":[],"class_list":{"0":"post-276","1":"product","2":"type-product","3":"status-publish","4":"has-post-thumbnail","6":"product_cat-hosteleria","7":"product_cat-servilletas","9":"first","10":"instock","11":"taxable","12":"shipping-taxable","13":"purchasable","14":"product-type-simple"},"yoast_head":"<!-- This site is optimized with the Yoast SEO plugin v26.1.1 - https:\/\/yoast.com\/wordpress\/plugins\/seo\/ -->\n<title>REF 20300 SERVILLETA 40X40 2 CAPA - Torres Grup<\/title>\n<meta name=\"robots\" content=\"index, follow, max-snippet:-1, max-image-preview:large, max-video-preview:-1\" \/>\n<link rel=\"canonical\" href=\"https:\/\/torresgrup.com\/en\/wp-json\/wp\/v2\/product\/276\" \/>\n<meta property=\"og:locale\" content=\"en_US\" \/>\n<meta property=\"og:type\" content=\"article\" \/>\n<meta property=\"og:title\" content=\"REF 20300 SERVILLETA 40X40 2 CAPA - Torres Grup\" \/>\n<meta property=\"og:description\" content=\"Las\u00a0servilletas 40&#215;40 2 capas\u00a0con acabado gofrado en los bordes en forma de cenefa son muy utilizadas en bares y restaurantes. Las dos capas la dotan de una gran absorci\u00f3n y resistencia para limpiar la mesa o l\u00edquidos que se puedan verter sobre nuestra boca o manos. Caracter\u00edsticas: Plegado:Plegado 1\/4 Composici\u00f3n:100% celulosa 2 capas cenefa. Color:Blanco [&hellip;]\" \/>\n<meta property=\"og:url\" content=\"https:\/\/torresgrup.com\/en\/product\/ref-20300-servilleta-40x40-2-capa\/\" \/>\n<meta property=\"og:site_name\" content=\"Torres Grup\" \/>\n<meta property=\"article:modified_time\" content=\"2025-02-25T08:05:03+00:00\" \/>\n<meta property=\"og:image\" content=\"https:\/\/torresgrup.com\/wp-content\/uploads\/2025\/01\/s.png\" \/>\n\t<meta property=\"og:image:width\" content=\"570\" \/>\n\t<meta property=\"og:image:height\" content=\"513\" \/>\n\t<meta property=\"og:image:type\" content=\"image\/png\" \/>\n<meta name=\"twitter:card\" content=\"summary_large_image\" \/>\n<script type=\"application\/ld+json\" class=\"yoast-schema-graph\">{\"@context\":\"https:\/\/schema.org\",\"@graph\":[{\"@type\":\"WebPage\",\"@id\":\"https:\/\/torresgrup.com\/producto\/ref-20300-servilleta-40x40-2-capa\/\",\"url\":\"https:\/\/torresgrup.com\/producto\/ref-20300-servilleta-40x40-2-capa\/\",\"name\":\"REF 20300 SERVILLETA 40X40 2 CAPA - Torres Grup\",\"isPartOf\":{\"@id\":\"https:\/\/torresgrup.com\/#website\"},\"primaryImageOfPage\":{\"@id\":\"https:\/\/torresgrup.com\/producto\/ref-20300-servilleta-40x40-2-capa\/#primaryimage\"},\"image\":{\"@id\":\"https:\/\/torresgrup.com\/producto\/ref-20300-servilleta-40x40-2-capa\/#primaryimage\"},\"thumbnailUrl\":\"https:\/\/torresgrup.com\/wp-content\/uploads\/2025\/01\/s.png\",\"datePublished\":\"2025-01-09T14:53:58+00:00\",\"dateModified\":\"2025-02-25T08:05:03+00:00\",\"breadcrumb\":{\"@id\":\"https:\/\/torresgrup.com\/producto\/ref-20300-servilleta-40x40-2-capa\/#breadcrumb\"},\"inLanguage\":\"en-US\",\"potentialAction\":[{\"@type\":\"ReadAction\",\"target\":[\"https:\/\/torresgrup.com\/producto\/ref-20300-servilleta-40x40-2-capa\/\"]}]},{\"@type\":\"ImageObject\",\"inLanguage\":\"en-US\",\"@id\":\"https:\/\/torresgrup.com\/producto\/ref-20300-servilleta-40x40-2-capa\/#primaryimage\",\"url\":\"https:\/\/torresgrup.com\/wp-content\/uploads\/2025\/01\/s.png\",\"contentUrl\":\"https:\/\/torresgrup.com\/wp-content\/uploads\/2025\/01\/s.png\",\"width\":570,\"height\":513},{\"@type\":\"BreadcrumbList\",\"@id\":\"https:\/\/torresgrup.com\/producto\/ref-20300-servilleta-40x40-2-capa\/#breadcrumb\",\"itemListElement\":[{\"@type\":\"ListItem\",\"position\":1,\"name\":\"Portada\",\"item\":\"https:\/\/torresgrup.com\/\"},{\"@type\":\"ListItem\",\"position\":2,\"name\":\"Tienda\",\"item\":\"https:\/\/torresgrup.com\/tienda\/\"},{\"@type\":\"ListItem\",\"position\":3,\"name\":\"REF 20300 SERVILLETA 40X40 2 CAPA\"}]},{\"@type\":\"WebSite\",\"@id\":\"https:\/\/torresgrup.com\/#website\",\"url\":\"https:\/\/torresgrup.com\/\",\"name\":\"Torres Grup\",\"description\":\"Fabricaci&oacute;n de rollos especiales de papel\",\"publisher\":{\"@id\":\"https:\/\/torresgrup.com\/#organization\"},\"potentialAction\":[{\"@type\":\"SearchAction\",\"target\":{\"@type\":\"EntryPoint\",\"urlTemplate\":\"https:\/\/torresgrup.com\/?s={search_term_string}\"},\"query-input\":{\"@type\":\"PropertyValueSpecification\",\"valueRequired\":true,\"valueName\":\"search_term_string\"}}],\"inLanguage\":\"en-US\"},{\"@type\":\"Organization\",\"@id\":\"https:\/\/torresgrup.com\/#organization\",\"name\":\"Torres Grup\",\"url\":\"https:\/\/torresgrup.com\/\",\"logo\":{\"@type\":\"ImageObject\",\"inLanguage\":\"en-US\",\"@id\":\"https:\/\/torresgrup.com\/#\/schema\/logo\/image\/\",\"url\":\"https:\/\/torresgrup.com\/wp-content\/uploads\/2024\/11\/TORRES-GRUP-LOGO-2.svg\",\"contentUrl\":\"https:\/\/torresgrup.com\/wp-content\/uploads\/2024\/11\/TORRES-GRUP-LOGO-2.svg\",\"width\":881,\"height\":260,\"caption\":\"Torres Grup\"},\"image\":{\"@id\":\"https:\/\/torresgrup.com\/#\/schema\/logo\/image\/\"}}]}<\/script>\n<!-- \/ Yoast SEO plugin. -->","yoast_head_json":{"title":"REF 20300 SERVILLETA 40X40 2 CAPA - Torres Grup","robots":{"index":"index","follow":"follow","max-snippet":"max-snippet:-1","max-image-preview":"max-image-preview:large","max-video-preview":"max-video-preview:-1"},"canonical":"https:\/\/torresgrup.com\/en\/wp-json\/wp\/v2\/product\/276","og_locale":"en_US","og_type":"article","og_title":"REF 20300 SERVILLETA 40X40 2 CAPA - Torres Grup","og_description":"Las\u00a0servilletas 40&#215;40 2 capas\u00a0con acabado gofrado en los bordes en forma de cenefa son muy utilizadas en bares y restaurantes. Las dos capas la dotan de una gran absorci\u00f3n y resistencia para limpiar la mesa o l\u00edquidos que se puedan verter sobre nuestra boca o manos. Caracter\u00edsticas: Plegado:Plegado 1\/4 Composici\u00f3n:100% celulosa 2 capas cenefa. Color:Blanco [&hellip;]","og_url":"https:\/\/torresgrup.com\/en\/product\/ref-20300-servilleta-40x40-2-capa\/","og_site_name":"Torres Grup","article_modified_time":"2025-02-25T08:05:03+00:00","og_image":[{"width":570,"height":513,"url":"https:\/\/torresgrup.com\/wp-content\/uploads\/2025\/01\/s.png","type":"image\/png"}],"twitter_card":"summary_large_image","schema":{"@context":"https:\/\/schema.org","@graph":[{"@type":"WebPage","@id":"https:\/\/torresgrup.com\/producto\/ref-20300-servilleta-40x40-2-capa\/","url":"https:\/\/torresgrup.com\/producto\/ref-20300-servilleta-40x40-2-capa\/","name":"REF 20300 SERVILLETA 40X40 2 CAPA - Torres Grup","isPartOf":{"@id":"https:\/\/torresgrup.com\/#website"},"primaryImageOfPage":{"@id":"https:\/\/torresgrup.com\/producto\/ref-20300-servilleta-40x40-2-capa\/#primaryimage"},"image":{"@id":"https:\/\/torresgrup.com\/producto\/ref-20300-servilleta-40x40-2-capa\/#primaryimage"},"thumbnailUrl":"https:\/\/torresgrup.com\/wp-content\/uploads\/2025\/01\/s.png","datePublished":"2025-01-09T14:53:58+00:00","dateModified":"2025-02-25T08:05:03+00:00","breadcrumb":{"@id":"https:\/\/torresgrup.com\/producto\/ref-20300-servilleta-40x40-2-capa\/#breadcrumb"},"inLanguage":"en-US","potentialAction":[{"@type":"ReadAction","target":["https:\/\/torresgrup.com\/producto\/ref-20300-servilleta-40x40-2-capa\/"]}]},{"@type":"ImageObject","inLanguage":"en-US","@id":"https:\/\/torresgrup.com\/producto\/ref-20300-servilleta-40x40-2-capa\/#primaryimage","url":"https:\/\/torresgrup.com\/wp-content\/uploads\/2025\/01\/s.png","contentUrl":"https:\/\/torresgrup.com\/wp-content\/uploads\/2025\/01\/s.png","width":570,"height":513},{"@type":"BreadcrumbList","@id":"https:\/\/torresgrup.com\/producto\/ref-20300-servilleta-40x40-2-capa\/#breadcrumb","itemListElement":[{"@type":"ListItem","position":1,"name":"Portada","item":"https:\/\/torresgrup.com\/"},{"@type":"ListItem","position":2,"name":"Tienda","item":"https:\/\/torresgrup.com\/tienda\/"},{"@type":"ListItem","position":3,"name":"REF 20300 SERVILLETA 40X40 2 CAPA"}]},{"@type":"WebSite","@id":"https:\/\/torresgrup.com\/#website","url":"https:\/\/torresgrup.com\/","name":"Torres Grup","description":"Fabricaci&oacute;n de rollos especiales de papel","publisher":{"@id":"https:\/\/torresgrup.com\/#organization"},"potentialAction":[{"@type":"SearchAction","target":{"@type":"EntryPoint","urlTemplate":"https:\/\/torresgrup.com\/?s={search_term_string}"},"query-input":{"@type":"PropertyValueSpecification","valueRequired":true,"valueName":"search_term_string"}}],"inLanguage":"en-US"},{"@type":"Organization","@id":"https:\/\/torresgrup.com\/#organization","name":"Torres Grup","url":"https:\/\/torresgrup.com\/","logo":{"@type":"ImageObject","inLanguage":"en-US","@id":"https:\/\/torresgrup.com\/#\/schema\/logo\/image\/","url":"https:\/\/torresgrup.com\/wp-content\/uploads\/2024\/11\/TORRES-GRUP-LOGO-2.svg","contentUrl":"https:\/\/torresgrup.com\/wp-content\/uploads\/2024\/11\/TORRES-GRUP-LOGO-2.svg","width":881,"height":260,"caption":"Torres Grup"},"image":{"@id":"https:\/\/torresgrup.com\/#\/schema\/logo\/image\/"}}]}},"_links":{"self":[{"href":"https:\/\/torresgrup.com\/en\/wp-json\/wp\/v2\/product\/276","targetHints":{"allow":["GET"]}}],"collection":[{"href":"https:\/\/torresgrup.com\/en\/wp-json\/wp\/v2\/product"}],"about":[{"href":"https:\/\/torresgrup.com\/en\/wp-json\/wp\/v2\/types\/product"}],"replies":[{"embeddable":true,"href":"https:\/\/torresgrup.com\/en\/wp-json\/wp\/v2\/comments?post=276"}],"version-history":[{"count":1,"href":"https:\/\/torresgrup.com\/en\/wp-json\/wp\/v2\/product\/276\/revisions"}],"predecessor-version":[{"id":725,"href":"https:\/\/torresgrup.com\/en\/wp-json\/wp\/v2\/product\/276\/revisions\/725"}],"wp:featuredmedia":[{"embeddable":true,"href":"https:\/\/torresgrup.com\/en\/wp-json\/wp\/v2\/media\/274"}],"wp:attachment":[{"href":"https:\/\/torresgrup.com\/en\/wp-json\/wp\/v2\/media?parent=276"}],"wp:term":[{"taxonomy":"product_brand","embeddable":true,"href":"https:\/\/torresgrup.com\/en\/wp-json\/wp\/v2\/product_brand?post=276"},{"taxonomy":"product_cat","embeddable":true,"href":"https:\/\/torresgrup.com\/en\/wp-json\/wp\/v2\/product_cat?post=276"},{"taxonomy":"product_tag","embeddable":true,"href":"https:\/\/torresgrup.com\/en\/wp-json\/wp\/v2\/product_tag?post=276"}],"curies":[{"name":"wp","href":"https:\/\/api.w.org\/{rel}","templated":true}]}}