{"id":285,"date":"2025-01-09T13:15:06","date_gmt":"2025-01-09T13:15:06","guid":{"rendered":"https:\/\/torresgrup.com\/?post_type=product&#038;p=285"},"modified":"2025-02-25T09:14:48","modified_gmt":"2025-02-25T09:14:48","slug":"ref-30300-servilleta-30x40-plegado-1-6-punta-punta-blanca","status":"publish","type":"product","link":"https:\/\/torresgrup.com\/en\/product\/ref-30300-servilleta-30x40-plegado-1-6-punta-punta-blanca\/","title":{"rendered":"REF 30300 NAPKIN 30X40 FOLDED 1\/6 TIP WHITE TIP"},"content":{"rendered":"<p class=\"translation-block\">The Punta-Punta napkin is characterized by its extraordinary softness and large volume, attributes that are achieved by its special manufacturing process, with the best quality cellulose and state-of-the-art machinery.<\/p>\n<p><strong><em>Characteristics:<\/em><\/strong><\/p>\n<ul>\n<li><strong>Folding:<\/strong>1\/6 fold<\/li>\n<li class=\"translation-block\">Composition: 100% cellulose 2 layers.<\/li>\n<li class=\"translation-block\">Color:White<\/li>\n<li class=\"translation-block\">Presentation: 24 packages of 50 units.<\/li>\n<li><strong>Quantity\/Box: <\/strong>1200 unidades<\/li>\n<\/ul>\n<p>Both layers of the cellulose napkins are dotted and glued point by point, so that small air cells are formed that give them greater fluffiness and resistance, as well as the best appearance.<\/p>\n<p>&nbsp;<\/p>\n<p>&nbsp;<\/p>","protected":false},"excerpt":{"rendered":"<p>La&lt;\u00a0servilleta Punta-Punta\u00a0se caracteriza por su extraordinaria suavidad y gran volumen, atributos que se consiguen por su especial proceso de fabricaci\u00f3n, con celulosa de la mejor calidad y maquinaria de \u00faltima generaci\u00f3n. Caracter\u00edsticas: Plegado:Plegado 1\/6 Composici\u00f3n:100% celulosa 2 capas. Color:Blanco Presentaci\u00f3n:24 paquetes de 50 uds. Cantidad\/Caja: 1200 unidades Ambas capas de las servilletas de celulosa est\u00e1n [&hellip;]<\/p>\n","protected":false},"featured_media":286,"comment_status":"open","ping_status":"closed","template":"","meta":[],"product_brand":[],"product_cat":[23,32],"product_tag":[],"class_list":{"0":"post-285","1":"product","2":"type-product","3":"status-publish","4":"has-post-thumbnail","6":"product_cat-hosteleria","7":"product_cat-servilletas","9":"first","10":"instock","11":"taxable","12":"shipping-taxable","13":"purchasable","14":"product-type-simple"},"yoast_head":"<!-- This site is optimized with the Yoast SEO plugin v26.1.1 - https:\/\/yoast.com\/wordpress\/plugins\/seo\/ -->\n<title>REF 30300 SERVILLETA 30X40 PLEGADO 1\/6 PUNTA PUNTA BLANCA - Torres Grup<\/title>\n<meta name=\"robots\" content=\"index, follow, max-snippet:-1, max-image-preview:large, max-video-preview:-1\" \/>\n<link rel=\"canonical\" href=\"https:\/\/torresgrup.com\/en\/wp-json\/wp\/v2\/product\/285\" \/>\n<meta property=\"og:locale\" content=\"en_US\" \/>\n<meta property=\"og:type\" content=\"article\" \/>\n<meta property=\"og:title\" content=\"REF 30300 SERVILLETA 30X40 PLEGADO 1\/6 PUNTA PUNTA BLANCA - Torres Grup\" \/>\n<meta property=\"og:description\" content=\"La&lt;\u00a0servilleta Punta-Punta\u00a0se caracteriza por su extraordinaria suavidad y gran volumen, atributos que se consiguen por su especial proceso de fabricaci\u00f3n, con celulosa de la mejor calidad y maquinaria de \u00faltima generaci\u00f3n. Caracter\u00edsticas: Plegado:Plegado 1\/6 Composici\u00f3n:100% celulosa 2 capas. Color:Blanco Presentaci\u00f3n:24 paquetes de 50 uds. Cantidad\/Caja: 1200 unidades Ambas capas de las servilletas de celulosa est\u00e1n [&hellip;]\" \/>\n<meta property=\"og:url\" content=\"https:\/\/torresgrup.com\/en\/product\/ref-30300-servilleta-30x40-plegado-1-6-punta-punta-blanca\/\" \/>\n<meta property=\"og:site_name\" content=\"Torres Grup\" \/>\n<meta property=\"article:modified_time\" content=\"2025-02-25T09:14:48+00:00\" \/>\n<meta property=\"og:image\" content=\"https:\/\/torresgrup.com\/wp-content\/uploads\/2025\/01\/rr.jpg\" \/>\n\t<meta property=\"og:image:width\" content=\"1200\" \/>\n\t<meta property=\"og:image:height\" content=\"650\" \/>\n\t<meta property=\"og:image:type\" content=\"image\/jpeg\" \/>\n<meta name=\"twitter:card\" content=\"summary_large_image\" \/>\n<script type=\"application\/ld+json\" class=\"yoast-schema-graph\">{\"@context\":\"https:\/\/schema.org\",\"@graph\":[{\"@type\":\"WebPage\",\"@id\":\"https:\/\/torresgrup.com\/producto\/ref-30300-servilleta-30x40-plegado-1-6-punta-punta-blanca\/\",\"url\":\"https:\/\/torresgrup.com\/producto\/ref-30300-servilleta-30x40-plegado-1-6-punta-punta-blanca\/\",\"name\":\"REF 30300 SERVILLETA 30X40 PLEGADO 1\/6 PUNTA PUNTA BLANCA - Torres Grup\",\"isPartOf\":{\"@id\":\"https:\/\/torresgrup.com\/#website\"},\"primaryImageOfPage\":{\"@id\":\"https:\/\/torresgrup.com\/producto\/ref-30300-servilleta-30x40-plegado-1-6-punta-punta-blanca\/#primaryimage\"},\"image\":{\"@id\":\"https:\/\/torresgrup.com\/producto\/ref-30300-servilleta-30x40-plegado-1-6-punta-punta-blanca\/#primaryimage\"},\"thumbnailUrl\":\"https:\/\/torresgrup.com\/wp-content\/uploads\/2025\/01\/rr.jpg\",\"datePublished\":\"2025-01-09T13:15:06+00:00\",\"dateModified\":\"2025-02-25T09:14:48+00:00\",\"breadcrumb\":{\"@id\":\"https:\/\/torresgrup.com\/producto\/ref-30300-servilleta-30x40-plegado-1-6-punta-punta-blanca\/#breadcrumb\"},\"inLanguage\":\"en-US\",\"potentialAction\":[{\"@type\":\"ReadAction\",\"target\":[\"https:\/\/torresgrup.com\/producto\/ref-30300-servilleta-30x40-plegado-1-6-punta-punta-blanca\/\"]}]},{\"@type\":\"ImageObject\",\"inLanguage\":\"en-US\",\"@id\":\"https:\/\/torresgrup.com\/producto\/ref-30300-servilleta-30x40-plegado-1-6-punta-punta-blanca\/#primaryimage\",\"url\":\"https:\/\/torresgrup.com\/wp-content\/uploads\/2025\/01\/rr.jpg\",\"contentUrl\":\"https:\/\/torresgrup.com\/wp-content\/uploads\/2025\/01\/rr.jpg\",\"width\":1200,\"height\":650},{\"@type\":\"BreadcrumbList\",\"@id\":\"https:\/\/torresgrup.com\/producto\/ref-30300-servilleta-30x40-plegado-1-6-punta-punta-blanca\/#breadcrumb\",\"itemListElement\":[{\"@type\":\"ListItem\",\"position\":1,\"name\":\"Portada\",\"item\":\"https:\/\/torresgrup.com\/\"},{\"@type\":\"ListItem\",\"position\":2,\"name\":\"Tienda\",\"item\":\"https:\/\/torresgrup.com\/tienda\/\"},{\"@type\":\"ListItem\",\"position\":3,\"name\":\"REF 30300 SERVILLETA 30X40 PLEGADO 1\/6 PUNTA PUNTA BLANCA\"}]},{\"@type\":\"WebSite\",\"@id\":\"https:\/\/torresgrup.com\/#website\",\"url\":\"https:\/\/torresgrup.com\/\",\"name\":\"Torres Grup\",\"description\":\"Fabricaci&oacute;n de rollos especiales de papel\",\"publisher\":{\"@id\":\"https:\/\/torresgrup.com\/#organization\"},\"potentialAction\":[{\"@type\":\"SearchAction\",\"target\":{\"@type\":\"EntryPoint\",\"urlTemplate\":\"https:\/\/torresgrup.com\/?s={search_term_string}\"},\"query-input\":{\"@type\":\"PropertyValueSpecification\",\"valueRequired\":true,\"valueName\":\"search_term_string\"}}],\"inLanguage\":\"en-US\"},{\"@type\":\"Organization\",\"@id\":\"https:\/\/torresgrup.com\/#organization\",\"name\":\"Torres Grup\",\"url\":\"https:\/\/torresgrup.com\/\",\"logo\":{\"@type\":\"ImageObject\",\"inLanguage\":\"en-US\",\"@id\":\"https:\/\/torresgrup.com\/#\/schema\/logo\/image\/\",\"url\":\"https:\/\/torresgrup.com\/wp-content\/uploads\/2024\/11\/TORRES-GRUP-LOGO-2.svg\",\"contentUrl\":\"https:\/\/torresgrup.com\/wp-content\/uploads\/2024\/11\/TORRES-GRUP-LOGO-2.svg\",\"width\":881,\"height\":260,\"caption\":\"Torres Grup\"},\"image\":{\"@id\":\"https:\/\/torresgrup.com\/#\/schema\/logo\/image\/\"}}]}<\/script>\n<!-- \/ Yoast SEO plugin. -->","yoast_head_json":{"title":"REF 30300 SERVILLETA 30X40 PLEGADO 1\/6 PUNTA PUNTA BLANCA - Torres Grup","robots":{"index":"index","follow":"follow","max-snippet":"max-snippet:-1","max-image-preview":"max-image-preview:large","max-video-preview":"max-video-preview:-1"},"canonical":"https:\/\/torresgrup.com\/en\/wp-json\/wp\/v2\/product\/285","og_locale":"en_US","og_type":"article","og_title":"REF 30300 SERVILLETA 30X40 PLEGADO 1\/6 PUNTA PUNTA BLANCA - Torres Grup","og_description":"La&lt;\u00a0servilleta Punta-Punta\u00a0se caracteriza por su extraordinaria suavidad y gran volumen, atributos que se consiguen por su especial proceso de fabricaci\u00f3n, con celulosa de la mejor calidad y maquinaria de \u00faltima generaci\u00f3n. Caracter\u00edsticas: Plegado:Plegado 1\/6 Composici\u00f3n:100% celulosa 2 capas. Color:Blanco Presentaci\u00f3n:24 paquetes de 50 uds. Cantidad\/Caja: 1200 unidades Ambas capas de las servilletas de celulosa est\u00e1n [&hellip;]","og_url":"https:\/\/torresgrup.com\/en\/product\/ref-30300-servilleta-30x40-plegado-1-6-punta-punta-blanca\/","og_site_name":"Torres Grup","article_modified_time":"2025-02-25T09:14:48+00:00","og_image":[{"width":1200,"height":650,"url":"https:\/\/torresgrup.com\/wp-content\/uploads\/2025\/01\/rr.jpg","type":"image\/jpeg"}],"twitter_card":"summary_large_image","schema":{"@context":"https:\/\/schema.org","@graph":[{"@type":"WebPage","@id":"https:\/\/torresgrup.com\/producto\/ref-30300-servilleta-30x40-plegado-1-6-punta-punta-blanca\/","url":"https:\/\/torresgrup.com\/producto\/ref-30300-servilleta-30x40-plegado-1-6-punta-punta-blanca\/","name":"REF 30300 SERVILLETA 30X40 PLEGADO 1\/6 PUNTA PUNTA BLANCA - Torres Grup","isPartOf":{"@id":"https:\/\/torresgrup.com\/#website"},"primaryImageOfPage":{"@id":"https:\/\/torresgrup.com\/producto\/ref-30300-servilleta-30x40-plegado-1-6-punta-punta-blanca\/#primaryimage"},"image":{"@id":"https:\/\/torresgrup.com\/producto\/ref-30300-servilleta-30x40-plegado-1-6-punta-punta-blanca\/#primaryimage"},"thumbnailUrl":"https:\/\/torresgrup.com\/wp-content\/uploads\/2025\/01\/rr.jpg","datePublished":"2025-01-09T13:15:06+00:00","dateModified":"2025-02-25T09:14:48+00:00","breadcrumb":{"@id":"https:\/\/torresgrup.com\/producto\/ref-30300-servilleta-30x40-plegado-1-6-punta-punta-blanca\/#breadcrumb"},"inLanguage":"en-US","potentialAction":[{"@type":"ReadAction","target":["https:\/\/torresgrup.com\/producto\/ref-30300-servilleta-30x40-plegado-1-6-punta-punta-blanca\/"]}]},{"@type":"ImageObject","inLanguage":"en-US","@id":"https:\/\/torresgrup.com\/producto\/ref-30300-servilleta-30x40-plegado-1-6-punta-punta-blanca\/#primaryimage","url":"https:\/\/torresgrup.com\/wp-content\/uploads\/2025\/01\/rr.jpg","contentUrl":"https:\/\/torresgrup.com\/wp-content\/uploads\/2025\/01\/rr.jpg","width":1200,"height":650},{"@type":"BreadcrumbList","@id":"https:\/\/torresgrup.com\/producto\/ref-30300-servilleta-30x40-plegado-1-6-punta-punta-blanca\/#breadcrumb","itemListElement":[{"@type":"ListItem","position":1,"name":"Portada","item":"https:\/\/torresgrup.com\/"},{"@type":"ListItem","position":2,"name":"Tienda","item":"https:\/\/torresgrup.com\/tienda\/"},{"@type":"ListItem","position":3,"name":"REF 30300 SERVILLETA 30X40 PLEGADO 1\/6 PUNTA PUNTA BLANCA"}]},{"@type":"WebSite","@id":"https:\/\/torresgrup.com\/#website","url":"https:\/\/torresgrup.com\/","name":"Torres Grup","description":"Fabricaci&oacute;n de rollos especiales de papel","publisher":{"@id":"https:\/\/torresgrup.com\/#organization"},"potentialAction":[{"@type":"SearchAction","target":{"@type":"EntryPoint","urlTemplate":"https:\/\/torresgrup.com\/?s={search_term_string}"},"query-input":{"@type":"PropertyValueSpecification","valueRequired":true,"valueName":"search_term_string"}}],"inLanguage":"en-US"},{"@type":"Organization","@id":"https:\/\/torresgrup.com\/#organization","name":"Torres Grup","url":"https:\/\/torresgrup.com\/","logo":{"@type":"ImageObject","inLanguage":"en-US","@id":"https:\/\/torresgrup.com\/#\/schema\/logo\/image\/","url":"https:\/\/torresgrup.com\/wp-content\/uploads\/2024\/11\/TORRES-GRUP-LOGO-2.svg","contentUrl":"https:\/\/torresgrup.com\/wp-content\/uploads\/2024\/11\/TORRES-GRUP-LOGO-2.svg","width":881,"height":260,"caption":"Torres Grup"},"image":{"@id":"https:\/\/torresgrup.com\/#\/schema\/logo\/image\/"}}]}},"_links":{"self":[{"href":"https:\/\/torresgrup.com\/en\/wp-json\/wp\/v2\/product\/285","targetHints":{"allow":["GET"]}}],"collection":[{"href":"https:\/\/torresgrup.com\/en\/wp-json\/wp\/v2\/product"}],"about":[{"href":"https:\/\/torresgrup.com\/en\/wp-json\/wp\/v2\/types\/product"}],"replies":[{"embeddable":true,"href":"https:\/\/torresgrup.com\/en\/wp-json\/wp\/v2\/comments?post=285"}],"version-history":[{"count":1,"href":"https:\/\/torresgrup.com\/en\/wp-json\/wp\/v2\/product\/285\/revisions"}],"predecessor-version":[{"id":730,"href":"https:\/\/torresgrup.com\/en\/wp-json\/wp\/v2\/product\/285\/revisions\/730"}],"wp:featuredmedia":[{"embeddable":true,"href":"https:\/\/torresgrup.com\/en\/wp-json\/wp\/v2\/media\/286"}],"wp:attachment":[{"href":"https:\/\/torresgrup.com\/en\/wp-json\/wp\/v2\/media?parent=285"}],"wp:term":[{"taxonomy":"product_brand","embeddable":true,"href":"https:\/\/torresgrup.com\/en\/wp-json\/wp\/v2\/product_brand?post=285"},{"taxonomy":"product_cat","embeddable":true,"href":"https:\/\/torresgrup.com\/en\/wp-json\/wp\/v2\/product_cat?post=285"},{"taxonomy":"product_tag","embeddable":true,"href":"https:\/\/torresgrup.com\/en\/wp-json\/wp\/v2\/product_tag?post=285"}],"curies":[{"name":"wp","href":"https:\/\/api.w.org\/{rel}","templated":true}]}}