{"id":300,"date":"2025-01-09T14:57:46","date_gmt":"2025-01-09T14:57:46","guid":{"rendered":"https:\/\/torresgrup.com\/?post_type=product&#038;p=300"},"modified":"2025-01-09T15:19:32","modified_gmt":"2025-01-09T15:19:32","slug":"ref-40300-servilleta-kanguro-eco","status":"publish","type":"product","link":"https:\/\/torresgrup.com\/en\/product\/ref-40300-servilleta-kanguro-eco\/","title":{"rendered":"REF 40300 ECO KANGURO NAPKIN"},"content":{"rendered":"<p class=\"translation-block\">The Kangucel Punta-Punta napkin is characterized by its folding and of course by its extraordinary softness and large volume, attributes that are achieved by its special manufacturing process, with the best quality cellulose and state-of-the-art machinery.<\/p>\n<p><strong><em>Characteristics:<\/em><\/strong><\/p>\n<ul>\n<li class=\"translation-block\">Composition: 100% cellulose 2 layers.<\/li>\n<li><strong>Color:<\/strong>Eco Nature<\/li>\n<li class=\"translation-block\">Quantity\/Box:960 units<\/li>\n<\/ul>\n<p>Both layers of the cellulose napkins are dotted and glued point by point, so that small air cells are formed that give them greater fluffiness and resistance, as well as the best appearance.<\/p>","protected":false},"excerpt":{"rendered":"<p>La servilleta\u00a0Kangucel Punta-Punta\u00a0se caracteriza por su plegado y por supuesto por su extraordinaria suavidad y gran volumen, atributos que se consiguen por su especial proceso de fabricaci\u00f3n, con celulosa de la mejor calidad y maquinaria de \u00faltima generaci\u00f3n. Caracter\u00edsticas: Composici\u00f3n:100% celulosa 2 capas. Color:Eco Nature Cantidad\/Caja:960 unidades Ambas capas de las servilletas de celulosa est\u00e1n [&hellip;]<\/p>\n","protected":false},"featured_media":301,"comment_status":"open","ping_status":"closed","template":"","meta":[],"product_brand":[],"product_cat":[23,32],"product_tag":[],"class_list":{"0":"post-300","1":"product","2":"type-product","3":"status-publish","4":"has-post-thumbnail","6":"product_cat-hosteleria","7":"product_cat-servilletas","9":"first","10":"instock","11":"taxable","12":"shipping-taxable","13":"purchasable","14":"product-type-simple"},"yoast_head":"<!-- This site is optimized with the Yoast SEO plugin v26.1.1 - https:\/\/yoast.com\/wordpress\/plugins\/seo\/ -->\n<title>REF 40300 SERVILLETA KANGURO ECO - Torres Grup<\/title>\n<meta name=\"robots\" content=\"index, follow, max-snippet:-1, max-image-preview:large, max-video-preview:-1\" \/>\n<link rel=\"canonical\" href=\"https:\/\/torresgrup.com\/en\/wp-json\/wp\/v2\/product\/300\" \/>\n<meta property=\"og:locale\" content=\"en_US\" \/>\n<meta property=\"og:type\" content=\"article\" \/>\n<meta property=\"og:title\" content=\"REF 40300 SERVILLETA KANGURO ECO - Torres Grup\" \/>\n<meta property=\"og:description\" content=\"La servilleta\u00a0Kangucel Punta-Punta\u00a0se caracteriza por su plegado y por supuesto por su extraordinaria suavidad y gran volumen, atributos que se consiguen por su especial proceso de fabricaci\u00f3n, con celulosa de la mejor calidad y maquinaria de \u00faltima generaci\u00f3n. Caracter\u00edsticas: Composici\u00f3n:100% celulosa 2 capas. Color:Eco Nature Cantidad\/Caja:960 unidades Ambas capas de las servilletas de celulosa est\u00e1n [&hellip;]\" \/>\n<meta property=\"og:url\" content=\"https:\/\/torresgrup.com\/en\/product\/ref-40300-servilleta-kanguro-eco\/\" \/>\n<meta property=\"og:site_name\" content=\"Torres Grup\" \/>\n<meta property=\"article:modified_time\" content=\"2025-01-09T15:19:32+00:00\" \/>\n<meta property=\"og:image\" content=\"https:\/\/torresgrup.com\/wp-content\/uploads\/2025\/01\/kk.jpg\" \/>\n\t<meta property=\"og:image:width\" content=\"900\" \/>\n\t<meta property=\"og:image:height\" content=\"675\" \/>\n\t<meta property=\"og:image:type\" content=\"image\/jpeg\" \/>\n<meta name=\"twitter:card\" content=\"summary_large_image\" \/>\n<script type=\"application\/ld+json\" class=\"yoast-schema-graph\">{\"@context\":\"https:\/\/schema.org\",\"@graph\":[{\"@type\":\"WebPage\",\"@id\":\"https:\/\/torresgrup.com\/producto\/ref-40300-servilleta-kanguro-eco\/\",\"url\":\"https:\/\/torresgrup.com\/producto\/ref-40300-servilleta-kanguro-eco\/\",\"name\":\"REF 40300 SERVILLETA KANGURO ECO - Torres Grup\",\"isPartOf\":{\"@id\":\"https:\/\/torresgrup.com\/#website\"},\"primaryImageOfPage\":{\"@id\":\"https:\/\/torresgrup.com\/producto\/ref-40300-servilleta-kanguro-eco\/#primaryimage\"},\"image\":{\"@id\":\"https:\/\/torresgrup.com\/producto\/ref-40300-servilleta-kanguro-eco\/#primaryimage\"},\"thumbnailUrl\":\"https:\/\/torresgrup.com\/wp-content\/uploads\/2025\/01\/kk.jpg\",\"datePublished\":\"2025-01-09T14:57:46+00:00\",\"dateModified\":\"2025-01-09T15:19:32+00:00\",\"breadcrumb\":{\"@id\":\"https:\/\/torresgrup.com\/producto\/ref-40300-servilleta-kanguro-eco\/#breadcrumb\"},\"inLanguage\":\"en-US\",\"potentialAction\":[{\"@type\":\"ReadAction\",\"target\":[\"https:\/\/torresgrup.com\/producto\/ref-40300-servilleta-kanguro-eco\/\"]}]},{\"@type\":\"ImageObject\",\"inLanguage\":\"en-US\",\"@id\":\"https:\/\/torresgrup.com\/producto\/ref-40300-servilleta-kanguro-eco\/#primaryimage\",\"url\":\"https:\/\/torresgrup.com\/wp-content\/uploads\/2025\/01\/kk.jpg\",\"contentUrl\":\"https:\/\/torresgrup.com\/wp-content\/uploads\/2025\/01\/kk.jpg\",\"width\":900,\"height\":675},{\"@type\":\"BreadcrumbList\",\"@id\":\"https:\/\/torresgrup.com\/producto\/ref-40300-servilleta-kanguro-eco\/#breadcrumb\",\"itemListElement\":[{\"@type\":\"ListItem\",\"position\":1,\"name\":\"Portada\",\"item\":\"https:\/\/torresgrup.com\/\"},{\"@type\":\"ListItem\",\"position\":2,\"name\":\"Tienda\",\"item\":\"https:\/\/torresgrup.com\/tienda\/\"},{\"@type\":\"ListItem\",\"position\":3,\"name\":\"REF 40300 SERVILLETA KANGURO ECO\"}]},{\"@type\":\"WebSite\",\"@id\":\"https:\/\/torresgrup.com\/#website\",\"url\":\"https:\/\/torresgrup.com\/\",\"name\":\"Torres Grup\",\"description\":\"Fabricaci&oacute;n de rollos especiales de papel\",\"publisher\":{\"@id\":\"https:\/\/torresgrup.com\/#organization\"},\"potentialAction\":[{\"@type\":\"SearchAction\",\"target\":{\"@type\":\"EntryPoint\",\"urlTemplate\":\"https:\/\/torresgrup.com\/?s={search_term_string}\"},\"query-input\":{\"@type\":\"PropertyValueSpecification\",\"valueRequired\":true,\"valueName\":\"search_term_string\"}}],\"inLanguage\":\"en-US\"},{\"@type\":\"Organization\",\"@id\":\"https:\/\/torresgrup.com\/#organization\",\"name\":\"Torres Grup\",\"url\":\"https:\/\/torresgrup.com\/\",\"logo\":{\"@type\":\"ImageObject\",\"inLanguage\":\"en-US\",\"@id\":\"https:\/\/torresgrup.com\/#\/schema\/logo\/image\/\",\"url\":\"https:\/\/torresgrup.com\/wp-content\/uploads\/2024\/11\/TORRES-GRUP-LOGO-2.svg\",\"contentUrl\":\"https:\/\/torresgrup.com\/wp-content\/uploads\/2024\/11\/TORRES-GRUP-LOGO-2.svg\",\"width\":881,\"height\":260,\"caption\":\"Torres Grup\"},\"image\":{\"@id\":\"https:\/\/torresgrup.com\/#\/schema\/logo\/image\/\"}}]}<\/script>\n<!-- \/ Yoast SEO plugin. -->","yoast_head_json":{"title":"REF 40300 SERVILLETA KANGURO ECO - Torres Grup","robots":{"index":"index","follow":"follow","max-snippet":"max-snippet:-1","max-image-preview":"max-image-preview:large","max-video-preview":"max-video-preview:-1"},"canonical":"https:\/\/torresgrup.com\/en\/wp-json\/wp\/v2\/product\/300","og_locale":"en_US","og_type":"article","og_title":"REF 40300 SERVILLETA KANGURO ECO - Torres Grup","og_description":"La servilleta\u00a0Kangucel Punta-Punta\u00a0se caracteriza por su plegado y por supuesto por su extraordinaria suavidad y gran volumen, atributos que se consiguen por su especial proceso de fabricaci\u00f3n, con celulosa de la mejor calidad y maquinaria de \u00faltima generaci\u00f3n. Caracter\u00edsticas: Composici\u00f3n:100% celulosa 2 capas. Color:Eco Nature Cantidad\/Caja:960 unidades Ambas capas de las servilletas de celulosa est\u00e1n [&hellip;]","og_url":"https:\/\/torresgrup.com\/en\/product\/ref-40300-servilleta-kanguro-eco\/","og_site_name":"Torres Grup","article_modified_time":"2025-01-09T15:19:32+00:00","og_image":[{"width":900,"height":675,"url":"https:\/\/torresgrup.com\/wp-content\/uploads\/2025\/01\/kk.jpg","type":"image\/jpeg"}],"twitter_card":"summary_large_image","schema":{"@context":"https:\/\/schema.org","@graph":[{"@type":"WebPage","@id":"https:\/\/torresgrup.com\/producto\/ref-40300-servilleta-kanguro-eco\/","url":"https:\/\/torresgrup.com\/producto\/ref-40300-servilleta-kanguro-eco\/","name":"REF 40300 SERVILLETA KANGURO ECO - Torres Grup","isPartOf":{"@id":"https:\/\/torresgrup.com\/#website"},"primaryImageOfPage":{"@id":"https:\/\/torresgrup.com\/producto\/ref-40300-servilleta-kanguro-eco\/#primaryimage"},"image":{"@id":"https:\/\/torresgrup.com\/producto\/ref-40300-servilleta-kanguro-eco\/#primaryimage"},"thumbnailUrl":"https:\/\/torresgrup.com\/wp-content\/uploads\/2025\/01\/kk.jpg","datePublished":"2025-01-09T14:57:46+00:00","dateModified":"2025-01-09T15:19:32+00:00","breadcrumb":{"@id":"https:\/\/torresgrup.com\/producto\/ref-40300-servilleta-kanguro-eco\/#breadcrumb"},"inLanguage":"en-US","potentialAction":[{"@type":"ReadAction","target":["https:\/\/torresgrup.com\/producto\/ref-40300-servilleta-kanguro-eco\/"]}]},{"@type":"ImageObject","inLanguage":"en-US","@id":"https:\/\/torresgrup.com\/producto\/ref-40300-servilleta-kanguro-eco\/#primaryimage","url":"https:\/\/torresgrup.com\/wp-content\/uploads\/2025\/01\/kk.jpg","contentUrl":"https:\/\/torresgrup.com\/wp-content\/uploads\/2025\/01\/kk.jpg","width":900,"height":675},{"@type":"BreadcrumbList","@id":"https:\/\/torresgrup.com\/producto\/ref-40300-servilleta-kanguro-eco\/#breadcrumb","itemListElement":[{"@type":"ListItem","position":1,"name":"Portada","item":"https:\/\/torresgrup.com\/"},{"@type":"ListItem","position":2,"name":"Tienda","item":"https:\/\/torresgrup.com\/tienda\/"},{"@type":"ListItem","position":3,"name":"REF 40300 SERVILLETA KANGURO ECO"}]},{"@type":"WebSite","@id":"https:\/\/torresgrup.com\/#website","url":"https:\/\/torresgrup.com\/","name":"Torres Grup","description":"Fabricaci&oacute;n de rollos especiales de papel","publisher":{"@id":"https:\/\/torresgrup.com\/#organization"},"potentialAction":[{"@type":"SearchAction","target":{"@type":"EntryPoint","urlTemplate":"https:\/\/torresgrup.com\/?s={search_term_string}"},"query-input":{"@type":"PropertyValueSpecification","valueRequired":true,"valueName":"search_term_string"}}],"inLanguage":"en-US"},{"@type":"Organization","@id":"https:\/\/torresgrup.com\/#organization","name":"Torres Grup","url":"https:\/\/torresgrup.com\/","logo":{"@type":"ImageObject","inLanguage":"en-US","@id":"https:\/\/torresgrup.com\/#\/schema\/logo\/image\/","url":"https:\/\/torresgrup.com\/wp-content\/uploads\/2024\/11\/TORRES-GRUP-LOGO-2.svg","contentUrl":"https:\/\/torresgrup.com\/wp-content\/uploads\/2024\/11\/TORRES-GRUP-LOGO-2.svg","width":881,"height":260,"caption":"Torres Grup"},"image":{"@id":"https:\/\/torresgrup.com\/#\/schema\/logo\/image\/"}}]}},"_links":{"self":[{"href":"https:\/\/torresgrup.com\/en\/wp-json\/wp\/v2\/product\/300","targetHints":{"allow":["GET"]}}],"collection":[{"href":"https:\/\/torresgrup.com\/en\/wp-json\/wp\/v2\/product"}],"about":[{"href":"https:\/\/torresgrup.com\/en\/wp-json\/wp\/v2\/types\/product"}],"replies":[{"embeddable":true,"href":"https:\/\/torresgrup.com\/en\/wp-json\/wp\/v2\/comments?post=300"}],"version-history":[{"count":0,"href":"https:\/\/torresgrup.com\/en\/wp-json\/wp\/v2\/product\/300\/revisions"}],"wp:featuredmedia":[{"embeddable":true,"href":"https:\/\/torresgrup.com\/en\/wp-json\/wp\/v2\/media\/301"}],"wp:attachment":[{"href":"https:\/\/torresgrup.com\/en\/wp-json\/wp\/v2\/media?parent=300"}],"wp:term":[{"taxonomy":"product_brand","embeddable":true,"href":"https:\/\/torresgrup.com\/en\/wp-json\/wp\/v2\/product_brand?post=300"},{"taxonomy":"product_cat","embeddable":true,"href":"https:\/\/torresgrup.com\/en\/wp-json\/wp\/v2\/product_cat?post=300"},{"taxonomy":"product_tag","embeddable":true,"href":"https:\/\/torresgrup.com\/en\/wp-json\/wp\/v2\/product_tag?post=300"}],"curies":[{"name":"wp","href":"https:\/\/api.w.org\/{rel}","templated":true}]}}