{"id":308,"date":"2025-01-09T14:55:44","date_gmt":"2025-01-09T14:55:44","guid":{"rendered":"https:\/\/torresgrup.com\/?post_type=product&#038;p=308"},"modified":"2025-02-25T06:44:41","modified_gmt":"2025-02-25T06:44:41","slug":"ref-50100-servilleta-40x-40-airlaid-blanca-plegado-%c2%bc","status":"publish","type":"product","link":"https:\/\/torresgrup.com\/en\/product\/ref-50100-servilleta-40x-40-airlaid-blanca-plegado-%c2%bc\/","title":{"rendered":"REF 50100 NAPKIN 40X 40 WHITE AIRLAID \u00bc FOLDED"},"content":{"rendered":"<p class=\"translation-block\">Air Soft\u00ae Napkin, also known as Tissue-Dry, resembles the finish and quality of the fabric but with the advantage of being more natural, hygienic and economical, among others. It is made with cellulose and latex.<\/p>\n<ul>\n<li><strong>Extent:<\/strong>Measurement: 40\u00d740 cm.<\/li>\n<li><strong>Grammage<\/strong>50gr\/m\u00b2<\/li>\n<li class=\"translation-block\">Folded: 1\/4 folded<\/li>\n<li class=\"translation-block\">Color:White<\/li>\n<li class=\"translation-block\">Box quantity: 600 units (12pk. 50 units)<\/li>\n<\/ul>\n<p>This composition makes it have great absorption power, up to 10 times its weight in liquid.<\/p>","protected":false},"excerpt":{"rendered":"<p>Servilleta\u00a0Air Soft\u00ae, tambi\u00e9n conocido como Tissue-Seco, Se asemeja al acabado y calidad de la tela pero con la ventaja de ser m\u00e1s natural, higi\u00e9nico y econ\u00f3mico entre otros. Est\u00e1 fabricado con celulosa y l\u00e1tex. Medida:40&#215;40 cm. Gramaje:50gr\/m\u00b2 Plegado:Plegado 1\/4 Color:Blanco Cantidad caja:600 unidades (12pq. 50ud.) Esta composici\u00f3n hace que tenga gran poder de absorci\u00f3n, hasta [&hellip;]<\/p>\n","protected":false},"featured_media":309,"comment_status":"open","ping_status":"closed","template":"","meta":[],"product_brand":[],"product_cat":[23,43],"product_tag":[],"class_list":{"0":"post-308","1":"product","2":"type-product","3":"status-publish","4":"has-post-thumbnail","6":"product_cat-hosteleria","7":"product_cat-airlaid","9":"first","10":"instock","11":"taxable","12":"shipping-taxable","13":"purchasable","14":"product-type-simple"},"yoast_head":"<!-- This site is optimized with the Yoast SEO plugin v26.1.1 - https:\/\/yoast.com\/wordpress\/plugins\/seo\/ -->\n<title>REF 50100 SERVILLETA 40X 40 AIRLAID BLANCA PLEGADO \u00bc - Torres Grup<\/title>\n<meta name=\"robots\" content=\"index, follow, max-snippet:-1, max-image-preview:large, max-video-preview:-1\" \/>\n<link rel=\"canonical\" href=\"https:\/\/torresgrup.com\/en\/wp-json\/wp\/v2\/product\/308\" \/>\n<meta property=\"og:locale\" content=\"en_US\" \/>\n<meta property=\"og:type\" content=\"article\" \/>\n<meta property=\"og:title\" content=\"REF 50100 SERVILLETA 40X 40 AIRLAID BLANCA PLEGADO \u00bc - Torres Grup\" \/>\n<meta property=\"og:description\" content=\"Servilleta\u00a0Air Soft\u00ae, tambi\u00e9n conocido como Tissue-Seco, Se asemeja al acabado y calidad de la tela pero con la ventaja de ser m\u00e1s natural, higi\u00e9nico y econ\u00f3mico entre otros. Est\u00e1 fabricado con celulosa y l\u00e1tex. Medida:40&#215;40 cm. Gramaje:50gr\/m\u00b2 Plegado:Plegado 1\/4 Color:Blanco Cantidad caja:600 unidades (12pq. 50ud.) Esta composici\u00f3n hace que tenga gran poder de absorci\u00f3n, hasta [&hellip;]\" \/>\n<meta property=\"og:url\" content=\"https:\/\/torresgrup.com\/en\/product\/ref-50100-servilleta-40x-40-airlaid-blanca-plegado-\u00bc\/\" \/>\n<meta property=\"og:site_name\" content=\"Torres Grup\" \/>\n<meta property=\"article:modified_time\" content=\"2025-02-25T06:44:41+00:00\" \/>\n<meta property=\"og:image\" content=\"https:\/\/torresgrup.com\/wp-content\/uploads\/2025\/01\/g.jpg\" \/>\n\t<meta property=\"og:image:width\" content=\"900\" \/>\n\t<meta property=\"og:image:height\" content=\"600\" \/>\n\t<meta property=\"og:image:type\" content=\"image\/jpeg\" \/>\n<meta name=\"twitter:card\" content=\"summary_large_image\" \/>\n<script type=\"application\/ld+json\" class=\"yoast-schema-graph\">{\"@context\":\"https:\/\/schema.org\",\"@graph\":[{\"@type\":\"WebPage\",\"@id\":\"https:\/\/torresgrup.com\/producto\/ref-50100-servilleta-40x-40-airlaid-blanca-plegado-%c2%bc\/\",\"url\":\"https:\/\/torresgrup.com\/producto\/ref-50100-servilleta-40x-40-airlaid-blanca-plegado-%c2%bc\/\",\"name\":\"REF 50100 SERVILLETA 40X 40 AIRLAID BLANCA PLEGADO \u00bc - Torres Grup\",\"isPartOf\":{\"@id\":\"https:\/\/torresgrup.com\/#website\"},\"primaryImageOfPage\":{\"@id\":\"https:\/\/torresgrup.com\/producto\/ref-50100-servilleta-40x-40-airlaid-blanca-plegado-%c2%bc\/#primaryimage\"},\"image\":{\"@id\":\"https:\/\/torresgrup.com\/producto\/ref-50100-servilleta-40x-40-airlaid-blanca-plegado-%c2%bc\/#primaryimage\"},\"thumbnailUrl\":\"https:\/\/torresgrup.com\/wp-content\/uploads\/2025\/01\/g.jpg\",\"datePublished\":\"2025-01-09T14:55:44+00:00\",\"dateModified\":\"2025-02-25T06:44:41+00:00\",\"breadcrumb\":{\"@id\":\"https:\/\/torresgrup.com\/producto\/ref-50100-servilleta-40x-40-airlaid-blanca-plegado-%c2%bc\/#breadcrumb\"},\"inLanguage\":\"en-US\",\"potentialAction\":[{\"@type\":\"ReadAction\",\"target\":[\"https:\/\/torresgrup.com\/producto\/ref-50100-servilleta-40x-40-airlaid-blanca-plegado-%c2%bc\/\"]}]},{\"@type\":\"ImageObject\",\"inLanguage\":\"en-US\",\"@id\":\"https:\/\/torresgrup.com\/producto\/ref-50100-servilleta-40x-40-airlaid-blanca-plegado-%c2%bc\/#primaryimage\",\"url\":\"https:\/\/torresgrup.com\/wp-content\/uploads\/2025\/01\/g.jpg\",\"contentUrl\":\"https:\/\/torresgrup.com\/wp-content\/uploads\/2025\/01\/g.jpg\",\"width\":900,\"height\":600},{\"@type\":\"BreadcrumbList\",\"@id\":\"https:\/\/torresgrup.com\/producto\/ref-50100-servilleta-40x-40-airlaid-blanca-plegado-%c2%bc\/#breadcrumb\",\"itemListElement\":[{\"@type\":\"ListItem\",\"position\":1,\"name\":\"Portada\",\"item\":\"https:\/\/torresgrup.com\/\"},{\"@type\":\"ListItem\",\"position\":2,\"name\":\"Tienda\",\"item\":\"https:\/\/torresgrup.com\/tienda\/\"},{\"@type\":\"ListItem\",\"position\":3,\"name\":\"REF 50100 SERVILLETA 40X 40 AIRLAID BLANCA PLEGADO \u00bc\"}]},{\"@type\":\"WebSite\",\"@id\":\"https:\/\/torresgrup.com\/#website\",\"url\":\"https:\/\/torresgrup.com\/\",\"name\":\"Torres Grup\",\"description\":\"Fabricaci&oacute;n de rollos especiales de papel\",\"publisher\":{\"@id\":\"https:\/\/torresgrup.com\/#organization\"},\"potentialAction\":[{\"@type\":\"SearchAction\",\"target\":{\"@type\":\"EntryPoint\",\"urlTemplate\":\"https:\/\/torresgrup.com\/?s={search_term_string}\"},\"query-input\":{\"@type\":\"PropertyValueSpecification\",\"valueRequired\":true,\"valueName\":\"search_term_string\"}}],\"inLanguage\":\"en-US\"},{\"@type\":\"Organization\",\"@id\":\"https:\/\/torresgrup.com\/#organization\",\"name\":\"Torres Grup\",\"url\":\"https:\/\/torresgrup.com\/\",\"logo\":{\"@type\":\"ImageObject\",\"inLanguage\":\"en-US\",\"@id\":\"https:\/\/torresgrup.com\/#\/schema\/logo\/image\/\",\"url\":\"https:\/\/torresgrup.com\/wp-content\/uploads\/2024\/11\/TORRES-GRUP-LOGO-2.svg\",\"contentUrl\":\"https:\/\/torresgrup.com\/wp-content\/uploads\/2024\/11\/TORRES-GRUP-LOGO-2.svg\",\"width\":881,\"height\":260,\"caption\":\"Torres Grup\"},\"image\":{\"@id\":\"https:\/\/torresgrup.com\/#\/schema\/logo\/image\/\"}}]}<\/script>\n<!-- \/ Yoast SEO plugin. -->","yoast_head_json":{"title":"REF 50100 SERVILLETA 40X 40 AIRLAID BLANCA PLEGADO \u00bc - Torres Grup","robots":{"index":"index","follow":"follow","max-snippet":"max-snippet:-1","max-image-preview":"max-image-preview:large","max-video-preview":"max-video-preview:-1"},"canonical":"https:\/\/torresgrup.com\/en\/wp-json\/wp\/v2\/product\/308","og_locale":"en_US","og_type":"article","og_title":"REF 50100 SERVILLETA 40X 40 AIRLAID BLANCA PLEGADO \u00bc - Torres Grup","og_description":"Servilleta\u00a0Air Soft\u00ae, tambi\u00e9n conocido como Tissue-Seco, Se asemeja al acabado y calidad de la tela pero con la ventaja de ser m\u00e1s natural, higi\u00e9nico y econ\u00f3mico entre otros. Est\u00e1 fabricado con celulosa y l\u00e1tex. Medida:40&#215;40 cm. Gramaje:50gr\/m\u00b2 Plegado:Plegado 1\/4 Color:Blanco Cantidad caja:600 unidades (12pq. 50ud.) Esta composici\u00f3n hace que tenga gran poder de absorci\u00f3n, hasta [&hellip;]","og_url":"https:\/\/torresgrup.com\/en\/product\/ref-50100-servilleta-40x-40-airlaid-blanca-plegado-\u00bc\/","og_site_name":"Torres Grup","article_modified_time":"2025-02-25T06:44:41+00:00","og_image":[{"width":900,"height":600,"url":"https:\/\/torresgrup.com\/wp-content\/uploads\/2025\/01\/g.jpg","type":"image\/jpeg"}],"twitter_card":"summary_large_image","schema":{"@context":"https:\/\/schema.org","@graph":[{"@type":"WebPage","@id":"https:\/\/torresgrup.com\/producto\/ref-50100-servilleta-40x-40-airlaid-blanca-plegado-%c2%bc\/","url":"https:\/\/torresgrup.com\/producto\/ref-50100-servilleta-40x-40-airlaid-blanca-plegado-%c2%bc\/","name":"REF 50100 SERVILLETA 40X 40 AIRLAID BLANCA PLEGADO \u00bc - Torres Grup","isPartOf":{"@id":"https:\/\/torresgrup.com\/#website"},"primaryImageOfPage":{"@id":"https:\/\/torresgrup.com\/producto\/ref-50100-servilleta-40x-40-airlaid-blanca-plegado-%c2%bc\/#primaryimage"},"image":{"@id":"https:\/\/torresgrup.com\/producto\/ref-50100-servilleta-40x-40-airlaid-blanca-plegado-%c2%bc\/#primaryimage"},"thumbnailUrl":"https:\/\/torresgrup.com\/wp-content\/uploads\/2025\/01\/g.jpg","datePublished":"2025-01-09T14:55:44+00:00","dateModified":"2025-02-25T06:44:41+00:00","breadcrumb":{"@id":"https:\/\/torresgrup.com\/producto\/ref-50100-servilleta-40x-40-airlaid-blanca-plegado-%c2%bc\/#breadcrumb"},"inLanguage":"en-US","potentialAction":[{"@type":"ReadAction","target":["https:\/\/torresgrup.com\/producto\/ref-50100-servilleta-40x-40-airlaid-blanca-plegado-%c2%bc\/"]}]},{"@type":"ImageObject","inLanguage":"en-US","@id":"https:\/\/torresgrup.com\/producto\/ref-50100-servilleta-40x-40-airlaid-blanca-plegado-%c2%bc\/#primaryimage","url":"https:\/\/torresgrup.com\/wp-content\/uploads\/2025\/01\/g.jpg","contentUrl":"https:\/\/torresgrup.com\/wp-content\/uploads\/2025\/01\/g.jpg","width":900,"height":600},{"@type":"BreadcrumbList","@id":"https:\/\/torresgrup.com\/producto\/ref-50100-servilleta-40x-40-airlaid-blanca-plegado-%c2%bc\/#breadcrumb","itemListElement":[{"@type":"ListItem","position":1,"name":"Portada","item":"https:\/\/torresgrup.com\/"},{"@type":"ListItem","position":2,"name":"Tienda","item":"https:\/\/torresgrup.com\/tienda\/"},{"@type":"ListItem","position":3,"name":"REF 50100 SERVILLETA 40X 40 AIRLAID BLANCA PLEGADO \u00bc"}]},{"@type":"WebSite","@id":"https:\/\/torresgrup.com\/#website","url":"https:\/\/torresgrup.com\/","name":"Torres Grup","description":"Fabricaci&oacute;n de rollos especiales de papel","publisher":{"@id":"https:\/\/torresgrup.com\/#organization"},"potentialAction":[{"@type":"SearchAction","target":{"@type":"EntryPoint","urlTemplate":"https:\/\/torresgrup.com\/?s={search_term_string}"},"query-input":{"@type":"PropertyValueSpecification","valueRequired":true,"valueName":"search_term_string"}}],"inLanguage":"en-US"},{"@type":"Organization","@id":"https:\/\/torresgrup.com\/#organization","name":"Torres Grup","url":"https:\/\/torresgrup.com\/","logo":{"@type":"ImageObject","inLanguage":"en-US","@id":"https:\/\/torresgrup.com\/#\/schema\/logo\/image\/","url":"https:\/\/torresgrup.com\/wp-content\/uploads\/2024\/11\/TORRES-GRUP-LOGO-2.svg","contentUrl":"https:\/\/torresgrup.com\/wp-content\/uploads\/2024\/11\/TORRES-GRUP-LOGO-2.svg","width":881,"height":260,"caption":"Torres Grup"},"image":{"@id":"https:\/\/torresgrup.com\/#\/schema\/logo\/image\/"}}]}},"_links":{"self":[{"href":"https:\/\/torresgrup.com\/en\/wp-json\/wp\/v2\/product\/308","targetHints":{"allow":["GET"]}}],"collection":[{"href":"https:\/\/torresgrup.com\/en\/wp-json\/wp\/v2\/product"}],"about":[{"href":"https:\/\/torresgrup.com\/en\/wp-json\/wp\/v2\/types\/product"}],"replies":[{"embeddable":true,"href":"https:\/\/torresgrup.com\/en\/wp-json\/wp\/v2\/comments?post=308"}],"version-history":[{"count":1,"href":"https:\/\/torresgrup.com\/en\/wp-json\/wp\/v2\/product\/308\/revisions"}],"predecessor-version":[{"id":704,"href":"https:\/\/torresgrup.com\/en\/wp-json\/wp\/v2\/product\/308\/revisions\/704"}],"wp:featuredmedia":[{"embeddable":true,"href":"https:\/\/torresgrup.com\/en\/wp-json\/wp\/v2\/media\/309"}],"wp:attachment":[{"href":"https:\/\/torresgrup.com\/en\/wp-json\/wp\/v2\/media?parent=308"}],"wp:term":[{"taxonomy":"product_brand","embeddable":true,"href":"https:\/\/torresgrup.com\/en\/wp-json\/wp\/v2\/product_brand?post=308"},{"taxonomy":"product_cat","embeddable":true,"href":"https:\/\/torresgrup.com\/en\/wp-json\/wp\/v2\/product_cat?post=308"},{"taxonomy":"product_tag","embeddable":true,"href":"https:\/\/torresgrup.com\/en\/wp-json\/wp\/v2\/product_tag?post=308"}],"curies":[{"name":"wp","href":"https:\/\/api.w.org\/{rel}","templated":true}]}}