{"id":323,"date":"2025-01-09T12:58:13","date_gmt":"2025-01-09T12:58:13","guid":{"rendered":"https:\/\/torresgrup.com\/?post_type=product&#038;p=323"},"modified":"2025-02-25T06:47:23","modified_gmt":"2025-02-25T06:47:23","slug":"ref-60300-servilleta-kanguro-airlaid-negro","status":"publish","type":"product","link":"https:\/\/torresgrup.com\/en\/product\/ref-60300-servilleta-kanguro-airlaid-negro\/","title":{"rendered":"REF 60300 BLACK KANGURO AIRLAID NAPKIN"},"content":{"rendered":"<p class=\"translation-block\">Kanguro Air Soft\u00ae, also known as Tissue-Dry, resembles the finish and quality of the fabric but with the advantage of being more natural, hygienic and economical, among others. It is made with cellulose and latex.<\/p>\n<ul>\n<li class=\"translation-block\">Medida:33\u00d740 cm.<\/li>\n<li class=\"translation-block\">Weight: 55gr\/m\u00b2<\/li>\n<li><strong>Color:<\/strong>Negro<\/li>\n<li class=\"translation-block\">Box quantity: 480 units (16pk. 30 units)<\/li>\n<\/ul>\n<p>This composition makes it have great absorption power, up to 10 times its weight in liquid.<\/p>","protected":false},"excerpt":{"rendered":"<p>Kanguro\u00a0Air Soft\u00ae, tambi\u00e9n conocido como Tissue-Seco, Se asemeja al acabado y calidad de la tela pero con la ventaja de ser m\u00e1s natural, higi\u00e9nico y econ\u00f3mico entre otros. Est\u00e1 fabricado con celulosa y l\u00e1tex. Medida:33&#215;40 cm. Gramaje:55gr\/m\u00b2 Color:Negro Cantidad caja:480 unidades (16pq. 30ud.) Esta composici\u00f3n hace que tenga gran poder de absorci\u00f3n, hasta 10 veces [&hellip;]<\/p>\n","protected":false},"featured_media":324,"comment_status":"open","ping_status":"closed","template":"","meta":[],"product_brand":[],"product_cat":[23,43],"product_tag":[],"class_list":{"0":"post-323","1":"product","2":"type-product","3":"status-publish","4":"has-post-thumbnail","6":"product_cat-hosteleria","7":"product_cat-airlaid","9":"first","10":"instock","11":"taxable","12":"shipping-taxable","13":"purchasable","14":"product-type-simple"},"yoast_head":"<!-- This site is optimized with the Yoast SEO plugin v26.1.1 - https:\/\/yoast.com\/wordpress\/plugins\/seo\/ -->\n<title>REF 60300 SERVILLETA KANGURO AIRLAID NEGRO - Torres Grup<\/title>\n<meta name=\"robots\" content=\"index, follow, max-snippet:-1, max-image-preview:large, max-video-preview:-1\" \/>\n<link rel=\"canonical\" href=\"https:\/\/torresgrup.com\/en\/wp-json\/wp\/v2\/product\/323\" \/>\n<meta property=\"og:locale\" content=\"en_US\" \/>\n<meta property=\"og:type\" content=\"article\" \/>\n<meta property=\"og:title\" content=\"REF 60300 SERVILLETA KANGURO AIRLAID NEGRO - Torres Grup\" \/>\n<meta property=\"og:description\" content=\"Kanguro\u00a0Air Soft\u00ae, tambi\u00e9n conocido como Tissue-Seco, Se asemeja al acabado y calidad de la tela pero con la ventaja de ser m\u00e1s natural, higi\u00e9nico y econ\u00f3mico entre otros. Est\u00e1 fabricado con celulosa y l\u00e1tex. Medida:33&#215;40 cm. Gramaje:55gr\/m\u00b2 Color:Negro Cantidad caja:480 unidades (16pq. 30ud.) Esta composici\u00f3n hace que tenga gran poder de absorci\u00f3n, hasta 10 veces [&hellip;]\" \/>\n<meta property=\"og:url\" content=\"https:\/\/torresgrup.com\/en\/product\/ref-60300-servilleta-kanguro-airlaid-negro\/\" \/>\n<meta property=\"og:site_name\" content=\"Torres Grup\" \/>\n<meta property=\"article:modified_time\" content=\"2025-02-25T06:47:23+00:00\" \/>\n<meta property=\"og:image\" content=\"https:\/\/torresgrup.com\/wp-content\/uploads\/2025\/01\/x.jpg\" \/>\n\t<meta property=\"og:image:width\" content=\"900\" \/>\n\t<meta property=\"og:image:height\" content=\"600\" \/>\n\t<meta property=\"og:image:type\" content=\"image\/jpeg\" \/>\n<meta name=\"twitter:card\" content=\"summary_large_image\" \/>\n<script type=\"application\/ld+json\" class=\"yoast-schema-graph\">{\"@context\":\"https:\/\/schema.org\",\"@graph\":[{\"@type\":\"WebPage\",\"@id\":\"https:\/\/torresgrup.com\/producto\/ref-60300-servilleta-kanguro-airlaid-negro\/\",\"url\":\"https:\/\/torresgrup.com\/producto\/ref-60300-servilleta-kanguro-airlaid-negro\/\",\"name\":\"REF 60300 SERVILLETA KANGURO AIRLAID NEGRO - Torres Grup\",\"isPartOf\":{\"@id\":\"https:\/\/torresgrup.com\/#website\"},\"primaryImageOfPage\":{\"@id\":\"https:\/\/torresgrup.com\/producto\/ref-60300-servilleta-kanguro-airlaid-negro\/#primaryimage\"},\"image\":{\"@id\":\"https:\/\/torresgrup.com\/producto\/ref-60300-servilleta-kanguro-airlaid-negro\/#primaryimage\"},\"thumbnailUrl\":\"https:\/\/torresgrup.com\/wp-content\/uploads\/2025\/01\/x.jpg\",\"datePublished\":\"2025-01-09T12:58:13+00:00\",\"dateModified\":\"2025-02-25T06:47:23+00:00\",\"breadcrumb\":{\"@id\":\"https:\/\/torresgrup.com\/producto\/ref-60300-servilleta-kanguro-airlaid-negro\/#breadcrumb\"},\"inLanguage\":\"en-US\",\"potentialAction\":[{\"@type\":\"ReadAction\",\"target\":[\"https:\/\/torresgrup.com\/producto\/ref-60300-servilleta-kanguro-airlaid-negro\/\"]}]},{\"@type\":\"ImageObject\",\"inLanguage\":\"en-US\",\"@id\":\"https:\/\/torresgrup.com\/producto\/ref-60300-servilleta-kanguro-airlaid-negro\/#primaryimage\",\"url\":\"https:\/\/torresgrup.com\/wp-content\/uploads\/2025\/01\/x.jpg\",\"contentUrl\":\"https:\/\/torresgrup.com\/wp-content\/uploads\/2025\/01\/x.jpg\",\"width\":900,\"height\":600},{\"@type\":\"BreadcrumbList\",\"@id\":\"https:\/\/torresgrup.com\/producto\/ref-60300-servilleta-kanguro-airlaid-negro\/#breadcrumb\",\"itemListElement\":[{\"@type\":\"ListItem\",\"position\":1,\"name\":\"Portada\",\"item\":\"https:\/\/torresgrup.com\/\"},{\"@type\":\"ListItem\",\"position\":2,\"name\":\"Tienda\",\"item\":\"https:\/\/torresgrup.com\/tienda\/\"},{\"@type\":\"ListItem\",\"position\":3,\"name\":\"REF 60300 SERVILLETA KANGURO AIRLAID NEGRO\"}]},{\"@type\":\"WebSite\",\"@id\":\"https:\/\/torresgrup.com\/#website\",\"url\":\"https:\/\/torresgrup.com\/\",\"name\":\"Torres Grup\",\"description\":\"Fabricaci&oacute;n de rollos especiales de papel\",\"publisher\":{\"@id\":\"https:\/\/torresgrup.com\/#organization\"},\"potentialAction\":[{\"@type\":\"SearchAction\",\"target\":{\"@type\":\"EntryPoint\",\"urlTemplate\":\"https:\/\/torresgrup.com\/?s={search_term_string}\"},\"query-input\":{\"@type\":\"PropertyValueSpecification\",\"valueRequired\":true,\"valueName\":\"search_term_string\"}}],\"inLanguage\":\"en-US\"},{\"@type\":\"Organization\",\"@id\":\"https:\/\/torresgrup.com\/#organization\",\"name\":\"Torres Grup\",\"url\":\"https:\/\/torresgrup.com\/\",\"logo\":{\"@type\":\"ImageObject\",\"inLanguage\":\"en-US\",\"@id\":\"https:\/\/torresgrup.com\/#\/schema\/logo\/image\/\",\"url\":\"https:\/\/torresgrup.com\/wp-content\/uploads\/2024\/11\/TORRES-GRUP-LOGO-2.svg\",\"contentUrl\":\"https:\/\/torresgrup.com\/wp-content\/uploads\/2024\/11\/TORRES-GRUP-LOGO-2.svg\",\"width\":881,\"height\":260,\"caption\":\"Torres Grup\"},\"image\":{\"@id\":\"https:\/\/torresgrup.com\/#\/schema\/logo\/image\/\"}}]}<\/script>\n<!-- \/ Yoast SEO plugin. -->","yoast_head_json":{"title":"REF 60300 SERVILLETA KANGURO AIRLAID NEGRO - Torres Grup","robots":{"index":"index","follow":"follow","max-snippet":"max-snippet:-1","max-image-preview":"max-image-preview:large","max-video-preview":"max-video-preview:-1"},"canonical":"https:\/\/torresgrup.com\/en\/wp-json\/wp\/v2\/product\/323","og_locale":"en_US","og_type":"article","og_title":"REF 60300 SERVILLETA KANGURO AIRLAID NEGRO - Torres Grup","og_description":"Kanguro\u00a0Air Soft\u00ae, tambi\u00e9n conocido como Tissue-Seco, Se asemeja al acabado y calidad de la tela pero con la ventaja de ser m\u00e1s natural, higi\u00e9nico y econ\u00f3mico entre otros. Est\u00e1 fabricado con celulosa y l\u00e1tex. Medida:33&#215;40 cm. Gramaje:55gr\/m\u00b2 Color:Negro Cantidad caja:480 unidades (16pq. 30ud.) Esta composici\u00f3n hace que tenga gran poder de absorci\u00f3n, hasta 10 veces [&hellip;]","og_url":"https:\/\/torresgrup.com\/en\/product\/ref-60300-servilleta-kanguro-airlaid-negro\/","og_site_name":"Torres Grup","article_modified_time":"2025-02-25T06:47:23+00:00","og_image":[{"width":900,"height":600,"url":"https:\/\/torresgrup.com\/wp-content\/uploads\/2025\/01\/x.jpg","type":"image\/jpeg"}],"twitter_card":"summary_large_image","schema":{"@context":"https:\/\/schema.org","@graph":[{"@type":"WebPage","@id":"https:\/\/torresgrup.com\/producto\/ref-60300-servilleta-kanguro-airlaid-negro\/","url":"https:\/\/torresgrup.com\/producto\/ref-60300-servilleta-kanguro-airlaid-negro\/","name":"REF 60300 SERVILLETA KANGURO AIRLAID NEGRO - Torres Grup","isPartOf":{"@id":"https:\/\/torresgrup.com\/#website"},"primaryImageOfPage":{"@id":"https:\/\/torresgrup.com\/producto\/ref-60300-servilleta-kanguro-airlaid-negro\/#primaryimage"},"image":{"@id":"https:\/\/torresgrup.com\/producto\/ref-60300-servilleta-kanguro-airlaid-negro\/#primaryimage"},"thumbnailUrl":"https:\/\/torresgrup.com\/wp-content\/uploads\/2025\/01\/x.jpg","datePublished":"2025-01-09T12:58:13+00:00","dateModified":"2025-02-25T06:47:23+00:00","breadcrumb":{"@id":"https:\/\/torresgrup.com\/producto\/ref-60300-servilleta-kanguro-airlaid-negro\/#breadcrumb"},"inLanguage":"en-US","potentialAction":[{"@type":"ReadAction","target":["https:\/\/torresgrup.com\/producto\/ref-60300-servilleta-kanguro-airlaid-negro\/"]}]},{"@type":"ImageObject","inLanguage":"en-US","@id":"https:\/\/torresgrup.com\/producto\/ref-60300-servilleta-kanguro-airlaid-negro\/#primaryimage","url":"https:\/\/torresgrup.com\/wp-content\/uploads\/2025\/01\/x.jpg","contentUrl":"https:\/\/torresgrup.com\/wp-content\/uploads\/2025\/01\/x.jpg","width":900,"height":600},{"@type":"BreadcrumbList","@id":"https:\/\/torresgrup.com\/producto\/ref-60300-servilleta-kanguro-airlaid-negro\/#breadcrumb","itemListElement":[{"@type":"ListItem","position":1,"name":"Portada","item":"https:\/\/torresgrup.com\/"},{"@type":"ListItem","position":2,"name":"Tienda","item":"https:\/\/torresgrup.com\/tienda\/"},{"@type":"ListItem","position":3,"name":"REF 60300 SERVILLETA KANGURO AIRLAID NEGRO"}]},{"@type":"WebSite","@id":"https:\/\/torresgrup.com\/#website","url":"https:\/\/torresgrup.com\/","name":"Torres Grup","description":"Fabricaci&oacute;n de rollos especiales de papel","publisher":{"@id":"https:\/\/torresgrup.com\/#organization"},"potentialAction":[{"@type":"SearchAction","target":{"@type":"EntryPoint","urlTemplate":"https:\/\/torresgrup.com\/?s={search_term_string}"},"query-input":{"@type":"PropertyValueSpecification","valueRequired":true,"valueName":"search_term_string"}}],"inLanguage":"en-US"},{"@type":"Organization","@id":"https:\/\/torresgrup.com\/#organization","name":"Torres Grup","url":"https:\/\/torresgrup.com\/","logo":{"@type":"ImageObject","inLanguage":"en-US","@id":"https:\/\/torresgrup.com\/#\/schema\/logo\/image\/","url":"https:\/\/torresgrup.com\/wp-content\/uploads\/2024\/11\/TORRES-GRUP-LOGO-2.svg","contentUrl":"https:\/\/torresgrup.com\/wp-content\/uploads\/2024\/11\/TORRES-GRUP-LOGO-2.svg","width":881,"height":260,"caption":"Torres Grup"},"image":{"@id":"https:\/\/torresgrup.com\/#\/schema\/logo\/image\/"}}]}},"_links":{"self":[{"href":"https:\/\/torresgrup.com\/en\/wp-json\/wp\/v2\/product\/323","targetHints":{"allow":["GET"]}}],"collection":[{"href":"https:\/\/torresgrup.com\/en\/wp-json\/wp\/v2\/product"}],"about":[{"href":"https:\/\/torresgrup.com\/en\/wp-json\/wp\/v2\/types\/product"}],"replies":[{"embeddable":true,"href":"https:\/\/torresgrup.com\/en\/wp-json\/wp\/v2\/comments?post=323"}],"version-history":[{"count":1,"href":"https:\/\/torresgrup.com\/en\/wp-json\/wp\/v2\/product\/323\/revisions"}],"predecessor-version":[{"id":708,"href":"https:\/\/torresgrup.com\/en\/wp-json\/wp\/v2\/product\/323\/revisions\/708"}],"wp:featuredmedia":[{"embeddable":true,"href":"https:\/\/torresgrup.com\/en\/wp-json\/wp\/v2\/media\/324"}],"wp:attachment":[{"href":"https:\/\/torresgrup.com\/en\/wp-json\/wp\/v2\/media?parent=323"}],"wp:term":[{"taxonomy":"product_brand","embeddable":true,"href":"https:\/\/torresgrup.com\/en\/wp-json\/wp\/v2\/product_brand?post=323"},{"taxonomy":"product_cat","embeddable":true,"href":"https:\/\/torresgrup.com\/en\/wp-json\/wp\/v2\/product_cat?post=323"},{"taxonomy":"product_tag","embeddable":true,"href":"https:\/\/torresgrup.com\/en\/wp-json\/wp\/v2\/product_tag?post=323"}],"curies":[{"name":"wp","href":"https:\/\/api.w.org\/{rel}","templated":true}]}}