{"id":329,"date":"2025-01-09T13:11:34","date_gmt":"2025-01-09T13:11:34","guid":{"rendered":"https:\/\/torresgrup.com\/?post_type=product&#038;p=329"},"modified":"2025-01-09T13:11:34","modified_gmt":"2025-01-09T13:11:34","slug":"ref-65000-camino-tnt-40x120-negro","status":"publish","type":"product","link":"https:\/\/torresgrup.com\/en\/product\/ref-65000-camino-tnt-40x120-negro\/","title":{"rendered":"REF 65000 TNT ROAD 40X120 BLACK"},"content":{"rendered":"<p>Novotex\u00ae is a non-woven fabric that has established itself in the world of hospitality. It is a single-use product that perfectly covers two basic needs of this sector: economical and easy to use. Furthermore, its wide range of colors allows for infinite decorative combinations.<\/p>\n<p><strong><em>Characteristics:<\/em><\/strong><\/p>\n<ul>\n<li class=\"translation-block\">Tablecloth measurement: 40\u00d7120 cm<\/li>\n<li><strong>Composition:<\/strong>100% polipropileno de 55 gr.\/m\u00b2<\/li>\n<li class=\"translation-block\">Units\/Box: 500 units in packages of 100 units<\/li>\n<\/ul>\n<p>Due to its composition and texture, the Novotex\u00ae tablecloth can be washed, although it is not advisable since the cost of the tablecloth is less than washing.<\/p>\n<p>&nbsp;<\/p>\n<p>&nbsp;<\/p>","protected":false},"excerpt":{"rendered":"<p>Novotex\u00ae, es un tejido no tejido que se ha asentado en el mundo de la hosteler\u00eda. Es un producto de un uso que cubre perfectamente dos necesidades b\u00e1sicas de este sector: econ\u00f3mico y de f\u00e1cil uso. Adem\u00e1s, su amplia gama de colores permite infinitas combinaciones decorativas. Caracter\u00edsticas: Medida mantel:40&#215;120 cm Composici\u00f3n:100% polipropileno de 55 gr.\/m\u00b2 [&hellip;]<\/p>\n","protected":false},"featured_media":330,"comment_status":"open","ping_status":"closed","template":"","meta":[],"product_brand":[],"product_cat":[23,33],"product_tag":[],"class_list":{"0":"post-329","1":"product","2":"type-product","3":"status-publish","4":"has-post-thumbnail","6":"product_cat-hosteleria","7":"product_cat-manteleria","9":"first","10":"instock","11":"taxable","12":"shipping-taxable","13":"purchasable","14":"product-type-simple"},"yoast_head":"<!-- This site is optimized with the Yoast SEO plugin v26.1.1 - https:\/\/yoast.com\/wordpress\/plugins\/seo\/ -->\n<title>REF 65000 CAMINO TNT 40X120 NEGRO - Torres Grup<\/title>\n<meta name=\"robots\" content=\"index, follow, max-snippet:-1, max-image-preview:large, max-video-preview:-1\" \/>\n<link rel=\"canonical\" href=\"https:\/\/torresgrup.com\/en\/wp-json\/wp\/v2\/product\/329\" \/>\n<meta property=\"og:locale\" content=\"en_US\" \/>\n<meta property=\"og:type\" content=\"article\" \/>\n<meta property=\"og:title\" content=\"REF 65000 CAMINO TNT 40X120 NEGRO - Torres Grup\" \/>\n<meta property=\"og:description\" content=\"Novotex\u00ae, es un tejido no tejido que se ha asentado en el mundo de la hosteler\u00eda. Es un producto de un uso que cubre perfectamente dos necesidades b\u00e1sicas de este sector: econ\u00f3mico y de f\u00e1cil uso. Adem\u00e1s, su amplia gama de colores permite infinitas combinaciones decorativas. Caracter\u00edsticas: Medida mantel:40&#215;120 cm Composici\u00f3n:100% polipropileno de 55 gr.\/m\u00b2 [&hellip;]\" \/>\n<meta property=\"og:url\" content=\"https:\/\/torresgrup.com\/en\/product\/ref-65000-camino-tnt-40x120-negro\/\" \/>\n<meta property=\"og:site_name\" content=\"Torres Grup\" \/>\n<meta property=\"og:image\" content=\"https:\/\/torresgrup.com\/wp-content\/uploads\/2025\/01\/f.jpg\" \/>\n\t<meta property=\"og:image:width\" content=\"900\" \/>\n\t<meta property=\"og:image:height\" content=\"600\" \/>\n\t<meta property=\"og:image:type\" content=\"image\/jpeg\" \/>\n<meta name=\"twitter:card\" content=\"summary_large_image\" \/>\n<script type=\"application\/ld+json\" class=\"yoast-schema-graph\">{\"@context\":\"https:\/\/schema.org\",\"@graph\":[{\"@type\":\"WebPage\",\"@id\":\"https:\/\/torresgrup.com\/producto\/ref-65000-camino-tnt-40x120-negro\/\",\"url\":\"https:\/\/torresgrup.com\/producto\/ref-65000-camino-tnt-40x120-negro\/\",\"name\":\"REF 65000 CAMINO TNT 40X120 NEGRO - Torres Grup\",\"isPartOf\":{\"@id\":\"https:\/\/torresgrup.com\/#website\"},\"primaryImageOfPage\":{\"@id\":\"https:\/\/torresgrup.com\/producto\/ref-65000-camino-tnt-40x120-negro\/#primaryimage\"},\"image\":{\"@id\":\"https:\/\/torresgrup.com\/producto\/ref-65000-camino-tnt-40x120-negro\/#primaryimage\"},\"thumbnailUrl\":\"https:\/\/torresgrup.com\/wp-content\/uploads\/2025\/01\/f.jpg\",\"datePublished\":\"2025-01-09T13:11:34+00:00\",\"breadcrumb\":{\"@id\":\"https:\/\/torresgrup.com\/producto\/ref-65000-camino-tnt-40x120-negro\/#breadcrumb\"},\"inLanguage\":\"en-US\",\"potentialAction\":[{\"@type\":\"ReadAction\",\"target\":[\"https:\/\/torresgrup.com\/producto\/ref-65000-camino-tnt-40x120-negro\/\"]}]},{\"@type\":\"ImageObject\",\"inLanguage\":\"en-US\",\"@id\":\"https:\/\/torresgrup.com\/producto\/ref-65000-camino-tnt-40x120-negro\/#primaryimage\",\"url\":\"https:\/\/torresgrup.com\/wp-content\/uploads\/2025\/01\/f.jpg\",\"contentUrl\":\"https:\/\/torresgrup.com\/wp-content\/uploads\/2025\/01\/f.jpg\",\"width\":900,\"height\":600},{\"@type\":\"BreadcrumbList\",\"@id\":\"https:\/\/torresgrup.com\/producto\/ref-65000-camino-tnt-40x120-negro\/#breadcrumb\",\"itemListElement\":[{\"@type\":\"ListItem\",\"position\":1,\"name\":\"Portada\",\"item\":\"https:\/\/torresgrup.com\/\"},{\"@type\":\"ListItem\",\"position\":2,\"name\":\"Tienda\",\"item\":\"https:\/\/torresgrup.com\/tienda\/\"},{\"@type\":\"ListItem\",\"position\":3,\"name\":\"REF 65000 CAMINO TNT 40X120 NEGRO\"}]},{\"@type\":\"WebSite\",\"@id\":\"https:\/\/torresgrup.com\/#website\",\"url\":\"https:\/\/torresgrup.com\/\",\"name\":\"Torres Grup\",\"description\":\"Fabricaci&oacute;n de rollos especiales de papel\",\"publisher\":{\"@id\":\"https:\/\/torresgrup.com\/#organization\"},\"potentialAction\":[{\"@type\":\"SearchAction\",\"target\":{\"@type\":\"EntryPoint\",\"urlTemplate\":\"https:\/\/torresgrup.com\/?s={search_term_string}\"},\"query-input\":{\"@type\":\"PropertyValueSpecification\",\"valueRequired\":true,\"valueName\":\"search_term_string\"}}],\"inLanguage\":\"en-US\"},{\"@type\":\"Organization\",\"@id\":\"https:\/\/torresgrup.com\/#organization\",\"name\":\"Torres Grup\",\"url\":\"https:\/\/torresgrup.com\/\",\"logo\":{\"@type\":\"ImageObject\",\"inLanguage\":\"en-US\",\"@id\":\"https:\/\/torresgrup.com\/#\/schema\/logo\/image\/\",\"url\":\"https:\/\/torresgrup.com\/wp-content\/uploads\/2024\/11\/TORRES-GRUP-LOGO-2.svg\",\"contentUrl\":\"https:\/\/torresgrup.com\/wp-content\/uploads\/2024\/11\/TORRES-GRUP-LOGO-2.svg\",\"width\":881,\"height\":260,\"caption\":\"Torres Grup\"},\"image\":{\"@id\":\"https:\/\/torresgrup.com\/#\/schema\/logo\/image\/\"}}]}<\/script>\n<!-- \/ Yoast SEO plugin. -->","yoast_head_json":{"title":"REF 65000 CAMINO TNT 40X120 NEGRO - Torres Grup","robots":{"index":"index","follow":"follow","max-snippet":"max-snippet:-1","max-image-preview":"max-image-preview:large","max-video-preview":"max-video-preview:-1"},"canonical":"https:\/\/torresgrup.com\/en\/wp-json\/wp\/v2\/product\/329","og_locale":"en_US","og_type":"article","og_title":"REF 65000 CAMINO TNT 40X120 NEGRO - Torres Grup","og_description":"Novotex\u00ae, es un tejido no tejido que se ha asentado en el mundo de la hosteler\u00eda. Es un producto de un uso que cubre perfectamente dos necesidades b\u00e1sicas de este sector: econ\u00f3mico y de f\u00e1cil uso. Adem\u00e1s, su amplia gama de colores permite infinitas combinaciones decorativas. Caracter\u00edsticas: Medida mantel:40&#215;120 cm Composici\u00f3n:100% polipropileno de 55 gr.\/m\u00b2 [&hellip;]","og_url":"https:\/\/torresgrup.com\/en\/product\/ref-65000-camino-tnt-40x120-negro\/","og_site_name":"Torres Grup","og_image":[{"width":900,"height":600,"url":"https:\/\/torresgrup.com\/wp-content\/uploads\/2025\/01\/f.jpg","type":"image\/jpeg"}],"twitter_card":"summary_large_image","schema":{"@context":"https:\/\/schema.org","@graph":[{"@type":"WebPage","@id":"https:\/\/torresgrup.com\/producto\/ref-65000-camino-tnt-40x120-negro\/","url":"https:\/\/torresgrup.com\/producto\/ref-65000-camino-tnt-40x120-negro\/","name":"REF 65000 CAMINO TNT 40X120 NEGRO - Torres Grup","isPartOf":{"@id":"https:\/\/torresgrup.com\/#website"},"primaryImageOfPage":{"@id":"https:\/\/torresgrup.com\/producto\/ref-65000-camino-tnt-40x120-negro\/#primaryimage"},"image":{"@id":"https:\/\/torresgrup.com\/producto\/ref-65000-camino-tnt-40x120-negro\/#primaryimage"},"thumbnailUrl":"https:\/\/torresgrup.com\/wp-content\/uploads\/2025\/01\/f.jpg","datePublished":"2025-01-09T13:11:34+00:00","breadcrumb":{"@id":"https:\/\/torresgrup.com\/producto\/ref-65000-camino-tnt-40x120-negro\/#breadcrumb"},"inLanguage":"en-US","potentialAction":[{"@type":"ReadAction","target":["https:\/\/torresgrup.com\/producto\/ref-65000-camino-tnt-40x120-negro\/"]}]},{"@type":"ImageObject","inLanguage":"en-US","@id":"https:\/\/torresgrup.com\/producto\/ref-65000-camino-tnt-40x120-negro\/#primaryimage","url":"https:\/\/torresgrup.com\/wp-content\/uploads\/2025\/01\/f.jpg","contentUrl":"https:\/\/torresgrup.com\/wp-content\/uploads\/2025\/01\/f.jpg","width":900,"height":600},{"@type":"BreadcrumbList","@id":"https:\/\/torresgrup.com\/producto\/ref-65000-camino-tnt-40x120-negro\/#breadcrumb","itemListElement":[{"@type":"ListItem","position":1,"name":"Portada","item":"https:\/\/torresgrup.com\/"},{"@type":"ListItem","position":2,"name":"Tienda","item":"https:\/\/torresgrup.com\/tienda\/"},{"@type":"ListItem","position":3,"name":"REF 65000 CAMINO TNT 40X120 NEGRO"}]},{"@type":"WebSite","@id":"https:\/\/torresgrup.com\/#website","url":"https:\/\/torresgrup.com\/","name":"Torres Grup","description":"Fabricaci&oacute;n de rollos especiales de papel","publisher":{"@id":"https:\/\/torresgrup.com\/#organization"},"potentialAction":[{"@type":"SearchAction","target":{"@type":"EntryPoint","urlTemplate":"https:\/\/torresgrup.com\/?s={search_term_string}"},"query-input":{"@type":"PropertyValueSpecification","valueRequired":true,"valueName":"search_term_string"}}],"inLanguage":"en-US"},{"@type":"Organization","@id":"https:\/\/torresgrup.com\/#organization","name":"Torres Grup","url":"https:\/\/torresgrup.com\/","logo":{"@type":"ImageObject","inLanguage":"en-US","@id":"https:\/\/torresgrup.com\/#\/schema\/logo\/image\/","url":"https:\/\/torresgrup.com\/wp-content\/uploads\/2024\/11\/TORRES-GRUP-LOGO-2.svg","contentUrl":"https:\/\/torresgrup.com\/wp-content\/uploads\/2024\/11\/TORRES-GRUP-LOGO-2.svg","width":881,"height":260,"caption":"Torres Grup"},"image":{"@id":"https:\/\/torresgrup.com\/#\/schema\/logo\/image\/"}}]}},"_links":{"self":[{"href":"https:\/\/torresgrup.com\/en\/wp-json\/wp\/v2\/product\/329","targetHints":{"allow":["GET"]}}],"collection":[{"href":"https:\/\/torresgrup.com\/en\/wp-json\/wp\/v2\/product"}],"about":[{"href":"https:\/\/torresgrup.com\/en\/wp-json\/wp\/v2\/types\/product"}],"replies":[{"embeddable":true,"href":"https:\/\/torresgrup.com\/en\/wp-json\/wp\/v2\/comments?post=329"}],"version-history":[{"count":0,"href":"https:\/\/torresgrup.com\/en\/wp-json\/wp\/v2\/product\/329\/revisions"}],"wp:featuredmedia":[{"embeddable":true,"href":"https:\/\/torresgrup.com\/en\/wp-json\/wp\/v2\/media\/330"}],"wp:attachment":[{"href":"https:\/\/torresgrup.com\/en\/wp-json\/wp\/v2\/media?parent=329"}],"wp:term":[{"taxonomy":"product_brand","embeddable":true,"href":"https:\/\/torresgrup.com\/en\/wp-json\/wp\/v2\/product_brand?post=329"},{"taxonomy":"product_cat","embeddable":true,"href":"https:\/\/torresgrup.com\/en\/wp-json\/wp\/v2\/product_cat?post=329"},{"taxonomy":"product_tag","embeddable":true,"href":"https:\/\/torresgrup.com\/en\/wp-json\/wp\/v2\/product_tag?post=329"}],"curies":[{"name":"wp","href":"https:\/\/api.w.org\/{rel}","templated":true}]}}