{"id":350,"date":"2025-01-09T14:50:02","date_gmt":"2025-01-09T14:50:02","guid":{"rendered":"https:\/\/torresgrup.com\/?post_type=product&#038;p=350"},"modified":"2025-02-05T16:07:01","modified_gmt":"2025-02-05T16:07:01","slug":"ref-70200-detergente-lavavajillas-maquina-5l","status":"publish","type":"product","link":"https:\/\/torresgrup.com\/en\/product\/ref-70200-detergente-lavavajillas-maquina-5l\/","title":{"rendered":"REF 70200 MACHINE DISHWASHER DETERGENT 5L"},"content":{"rendered":"<p>Removes all types of organic dirt deposited on dishes, glassware, cutlery, kitchen utensils, etc. It acts effectively on any water hardness.<\/p>\n<p>\u2013 Brightening surfactant for automatic drying of dishes.\n\u2013 Provides extraordinary speed and uniformity in drying, eliminating the whitish remains of water droplets.<\/p>\n<p class=\"translation-block\">-Eliminates all types of organic dirt deposited on dishes, glassware, cutlery, kitchen utensils, etc...\n-It has a high lime sequestration power, so it acts effectively on any water hardness.\n-High power of destruction and saponification of fats.\n-Prevents foam from forming inside the machine.\n-There are no corrosion problems in the machine.<\/p>\n<p>Use:<\/p>\n<p class=\"translation-block\">\u2013 Between 2 and 5 grams per liter of bath water, depending on hardness.\n\u2013 At the time of washing, the optimal water temperature should be 55 to 60\u00baC.<\/p>\n<p>&nbsp;<\/p>","protected":false},"excerpt":{"rendered":"<p>Elimina todo tipo de suciedad org\u00e1nica depositada en las vajillas, cristaler\u00eda, cuberter\u00eda, utensilios de cocina, etc. Act\u00faa eficazmente en cualquier dureza del agua. Propiedades del producto: -Elimina todo tipo de suciedad org\u00e1nica depositada en las vajillas, cristaler\u00eda, cuberter\u00eda, utensilios de cocina, etc&#8230; -Posee un elevado poder secuestrante de la cal, por lo que act\u00faa eficazmente [&hellip;]<\/p>\n","protected":false},"featured_media":351,"comment_status":"open","ping_status":"closed","template":"","meta":[],"product_brand":[],"product_cat":[23,34],"product_tag":[],"class_list":{"0":"post-350","1":"product","2":"type-product","3":"status-publish","4":"has-post-thumbnail","6":"product_cat-hosteleria","7":"product_cat-productos-de-limpieza","9":"first","10":"instock","11":"taxable","12":"shipping-taxable","13":"purchasable","14":"product-type-simple"},"yoast_head":"<!-- This site is optimized with the Yoast SEO plugin v26.1.1 - https:\/\/yoast.com\/wordpress\/plugins\/seo\/ -->\n<title>REF 70200 DETERGENTE LAVAVAJILLAS MAQUINA 5L - Torres Grup<\/title>\n<meta name=\"robots\" content=\"index, follow, max-snippet:-1, max-image-preview:large, max-video-preview:-1\" \/>\n<link rel=\"canonical\" href=\"https:\/\/torresgrup.com\/en\/wp-json\/wp\/v2\/product\/350\" \/>\n<meta property=\"og:locale\" content=\"en_US\" \/>\n<meta property=\"og:type\" content=\"article\" \/>\n<meta property=\"og:title\" content=\"REF 70200 DETERGENTE LAVAVAJILLAS MAQUINA 5L - Torres Grup\" \/>\n<meta property=\"og:description\" content=\"Elimina todo tipo de suciedad org\u00e1nica depositada en las vajillas, cristaler\u00eda, cuberter\u00eda, utensilios de cocina, etc. Act\u00faa eficazmente en cualquier dureza del agua. Propiedades del producto: -Elimina todo tipo de suciedad org\u00e1nica depositada en las vajillas, cristaler\u00eda, cuberter\u00eda, utensilios de cocina, etc&#8230; -Posee un elevado poder secuestrante de la cal, por lo que act\u00faa eficazmente [&hellip;]\" \/>\n<meta property=\"og:url\" content=\"https:\/\/torresgrup.com\/en\/product\/ref-70200-detergente-lavavajillas-maquina-5l\/\" \/>\n<meta property=\"og:site_name\" content=\"Torres Grup\" \/>\n<meta property=\"article:modified_time\" content=\"2025-02-05T16:07:01+00:00\" \/>\n<meta property=\"og:image\" content=\"https:\/\/torresgrup.com\/wp-content\/uploads\/2025\/01\/lim.jpg\" \/>\n\t<meta property=\"og:image:width\" content=\"520\" \/>\n\t<meta property=\"og:image:height\" content=\"520\" \/>\n\t<meta property=\"og:image:type\" content=\"image\/jpeg\" \/>\n<meta name=\"twitter:card\" content=\"summary_large_image\" \/>\n<meta name=\"twitter:label1\" content=\"Est. reading time\" \/>\n\t<meta name=\"twitter:data1\" content=\"1 minute\" \/>\n<script type=\"application\/ld+json\" class=\"yoast-schema-graph\">{\"@context\":\"https:\/\/schema.org\",\"@graph\":[{\"@type\":\"WebPage\",\"@id\":\"https:\/\/torresgrup.com\/producto\/ref-70200-detergente-lavavajillas-maquina-5l\/\",\"url\":\"https:\/\/torresgrup.com\/producto\/ref-70200-detergente-lavavajillas-maquina-5l\/\",\"name\":\"REF 70200 DETERGENTE LAVAVAJILLAS MAQUINA 5L - Torres Grup\",\"isPartOf\":{\"@id\":\"https:\/\/torresgrup.com\/#website\"},\"primaryImageOfPage\":{\"@id\":\"https:\/\/torresgrup.com\/producto\/ref-70200-detergente-lavavajillas-maquina-5l\/#primaryimage\"},\"image\":{\"@id\":\"https:\/\/torresgrup.com\/producto\/ref-70200-detergente-lavavajillas-maquina-5l\/#primaryimage\"},\"thumbnailUrl\":\"https:\/\/torresgrup.com\/wp-content\/uploads\/2025\/01\/lim.jpg\",\"datePublished\":\"2025-01-09T14:50:02+00:00\",\"dateModified\":\"2025-02-05T16:07:01+00:00\",\"breadcrumb\":{\"@id\":\"https:\/\/torresgrup.com\/producto\/ref-70200-detergente-lavavajillas-maquina-5l\/#breadcrumb\"},\"inLanguage\":\"en-US\",\"potentialAction\":[{\"@type\":\"ReadAction\",\"target\":[\"https:\/\/torresgrup.com\/producto\/ref-70200-detergente-lavavajillas-maquina-5l\/\"]}]},{\"@type\":\"ImageObject\",\"inLanguage\":\"en-US\",\"@id\":\"https:\/\/torresgrup.com\/producto\/ref-70200-detergente-lavavajillas-maquina-5l\/#primaryimage\",\"url\":\"https:\/\/torresgrup.com\/wp-content\/uploads\/2025\/01\/lim.jpg\",\"contentUrl\":\"https:\/\/torresgrup.com\/wp-content\/uploads\/2025\/01\/lim.jpg\",\"width\":520,\"height\":520},{\"@type\":\"BreadcrumbList\",\"@id\":\"https:\/\/torresgrup.com\/producto\/ref-70200-detergente-lavavajillas-maquina-5l\/#breadcrumb\",\"itemListElement\":[{\"@type\":\"ListItem\",\"position\":1,\"name\":\"Portada\",\"item\":\"https:\/\/torresgrup.com\/\"},{\"@type\":\"ListItem\",\"position\":2,\"name\":\"Tienda\",\"item\":\"https:\/\/torresgrup.com\/tienda\/\"},{\"@type\":\"ListItem\",\"position\":3,\"name\":\"REF 70200 DETERGENTE LAVAVAJILLAS MAQUINA 5L\"}]},{\"@type\":\"WebSite\",\"@id\":\"https:\/\/torresgrup.com\/#website\",\"url\":\"https:\/\/torresgrup.com\/\",\"name\":\"Torres Grup\",\"description\":\"Fabricaci&oacute;n de rollos especiales de papel\",\"publisher\":{\"@id\":\"https:\/\/torresgrup.com\/#organization\"},\"potentialAction\":[{\"@type\":\"SearchAction\",\"target\":{\"@type\":\"EntryPoint\",\"urlTemplate\":\"https:\/\/torresgrup.com\/?s={search_term_string}\"},\"query-input\":{\"@type\":\"PropertyValueSpecification\",\"valueRequired\":true,\"valueName\":\"search_term_string\"}}],\"inLanguage\":\"en-US\"},{\"@type\":\"Organization\",\"@id\":\"https:\/\/torresgrup.com\/#organization\",\"name\":\"Torres Grup\",\"url\":\"https:\/\/torresgrup.com\/\",\"logo\":{\"@type\":\"ImageObject\",\"inLanguage\":\"en-US\",\"@id\":\"https:\/\/torresgrup.com\/#\/schema\/logo\/image\/\",\"url\":\"https:\/\/torresgrup.com\/wp-content\/uploads\/2024\/11\/TORRES-GRUP-LOGO-2.svg\",\"contentUrl\":\"https:\/\/torresgrup.com\/wp-content\/uploads\/2024\/11\/TORRES-GRUP-LOGO-2.svg\",\"width\":881,\"height\":260,\"caption\":\"Torres Grup\"},\"image\":{\"@id\":\"https:\/\/torresgrup.com\/#\/schema\/logo\/image\/\"}}]}<\/script>\n<!-- \/ Yoast SEO plugin. -->","yoast_head_json":{"title":"REF 70200 DETERGENTE LAVAVAJILLAS MAQUINA 5L - Torres Grup","robots":{"index":"index","follow":"follow","max-snippet":"max-snippet:-1","max-image-preview":"max-image-preview:large","max-video-preview":"max-video-preview:-1"},"canonical":"https:\/\/torresgrup.com\/en\/wp-json\/wp\/v2\/product\/350","og_locale":"en_US","og_type":"article","og_title":"REF 70200 DETERGENTE LAVAVAJILLAS MAQUINA 5L - Torres Grup","og_description":"Elimina todo tipo de suciedad org\u00e1nica depositada en las vajillas, cristaler\u00eda, cuberter\u00eda, utensilios de cocina, etc. Act\u00faa eficazmente en cualquier dureza del agua. Propiedades del producto: -Elimina todo tipo de suciedad org\u00e1nica depositada en las vajillas, cristaler\u00eda, cuberter\u00eda, utensilios de cocina, etc&#8230; -Posee un elevado poder secuestrante de la cal, por lo que act\u00faa eficazmente [&hellip;]","og_url":"https:\/\/torresgrup.com\/en\/product\/ref-70200-detergente-lavavajillas-maquina-5l\/","og_site_name":"Torres Grup","article_modified_time":"2025-02-05T16:07:01+00:00","og_image":[{"width":520,"height":520,"url":"https:\/\/torresgrup.com\/wp-content\/uploads\/2025\/01\/lim.jpg","type":"image\/jpeg"}],"twitter_card":"summary_large_image","twitter_misc":{"Est. reading time":"1 minute"},"schema":{"@context":"https:\/\/schema.org","@graph":[{"@type":"WebPage","@id":"https:\/\/torresgrup.com\/producto\/ref-70200-detergente-lavavajillas-maquina-5l\/","url":"https:\/\/torresgrup.com\/producto\/ref-70200-detergente-lavavajillas-maquina-5l\/","name":"REF 70200 DETERGENTE LAVAVAJILLAS MAQUINA 5L - Torres Grup","isPartOf":{"@id":"https:\/\/torresgrup.com\/#website"},"primaryImageOfPage":{"@id":"https:\/\/torresgrup.com\/producto\/ref-70200-detergente-lavavajillas-maquina-5l\/#primaryimage"},"image":{"@id":"https:\/\/torresgrup.com\/producto\/ref-70200-detergente-lavavajillas-maquina-5l\/#primaryimage"},"thumbnailUrl":"https:\/\/torresgrup.com\/wp-content\/uploads\/2025\/01\/lim.jpg","datePublished":"2025-01-09T14:50:02+00:00","dateModified":"2025-02-05T16:07:01+00:00","breadcrumb":{"@id":"https:\/\/torresgrup.com\/producto\/ref-70200-detergente-lavavajillas-maquina-5l\/#breadcrumb"},"inLanguage":"en-US","potentialAction":[{"@type":"ReadAction","target":["https:\/\/torresgrup.com\/producto\/ref-70200-detergente-lavavajillas-maquina-5l\/"]}]},{"@type":"ImageObject","inLanguage":"en-US","@id":"https:\/\/torresgrup.com\/producto\/ref-70200-detergente-lavavajillas-maquina-5l\/#primaryimage","url":"https:\/\/torresgrup.com\/wp-content\/uploads\/2025\/01\/lim.jpg","contentUrl":"https:\/\/torresgrup.com\/wp-content\/uploads\/2025\/01\/lim.jpg","width":520,"height":520},{"@type":"BreadcrumbList","@id":"https:\/\/torresgrup.com\/producto\/ref-70200-detergente-lavavajillas-maquina-5l\/#breadcrumb","itemListElement":[{"@type":"ListItem","position":1,"name":"Portada","item":"https:\/\/torresgrup.com\/"},{"@type":"ListItem","position":2,"name":"Tienda","item":"https:\/\/torresgrup.com\/tienda\/"},{"@type":"ListItem","position":3,"name":"REF 70200 DETERGENTE LAVAVAJILLAS MAQUINA 5L"}]},{"@type":"WebSite","@id":"https:\/\/torresgrup.com\/#website","url":"https:\/\/torresgrup.com\/","name":"Torres Grup","description":"Fabricaci&oacute;n de rollos especiales de papel","publisher":{"@id":"https:\/\/torresgrup.com\/#organization"},"potentialAction":[{"@type":"SearchAction","target":{"@type":"EntryPoint","urlTemplate":"https:\/\/torresgrup.com\/?s={search_term_string}"},"query-input":{"@type":"PropertyValueSpecification","valueRequired":true,"valueName":"search_term_string"}}],"inLanguage":"en-US"},{"@type":"Organization","@id":"https:\/\/torresgrup.com\/#organization","name":"Torres Grup","url":"https:\/\/torresgrup.com\/","logo":{"@type":"ImageObject","inLanguage":"en-US","@id":"https:\/\/torresgrup.com\/#\/schema\/logo\/image\/","url":"https:\/\/torresgrup.com\/wp-content\/uploads\/2024\/11\/TORRES-GRUP-LOGO-2.svg","contentUrl":"https:\/\/torresgrup.com\/wp-content\/uploads\/2024\/11\/TORRES-GRUP-LOGO-2.svg","width":881,"height":260,"caption":"Torres Grup"},"image":{"@id":"https:\/\/torresgrup.com\/#\/schema\/logo\/image\/"}}]}},"_links":{"self":[{"href":"https:\/\/torresgrup.com\/en\/wp-json\/wp\/v2\/product\/350","targetHints":{"allow":["GET"]}}],"collection":[{"href":"https:\/\/torresgrup.com\/en\/wp-json\/wp\/v2\/product"}],"about":[{"href":"https:\/\/torresgrup.com\/en\/wp-json\/wp\/v2\/types\/product"}],"replies":[{"embeddable":true,"href":"https:\/\/torresgrup.com\/en\/wp-json\/wp\/v2\/comments?post=350"}],"version-history":[{"count":0,"href":"https:\/\/torresgrup.com\/en\/wp-json\/wp\/v2\/product\/350\/revisions"}],"wp:featuredmedia":[{"embeddable":true,"href":"https:\/\/torresgrup.com\/en\/wp-json\/wp\/v2\/media\/351"}],"wp:attachment":[{"href":"https:\/\/torresgrup.com\/en\/wp-json\/wp\/v2\/media?parent=350"}],"wp:term":[{"taxonomy":"product_brand","embeddable":true,"href":"https:\/\/torresgrup.com\/en\/wp-json\/wp\/v2\/product_brand?post=350"},{"taxonomy":"product_cat","embeddable":true,"href":"https:\/\/torresgrup.com\/en\/wp-json\/wp\/v2\/product_cat?post=350"},{"taxonomy":"product_tag","embeddable":true,"href":"https:\/\/torresgrup.com\/en\/wp-json\/wp\/v2\/product_tag?post=350"}],"curies":[{"name":"wp","href":"https:\/\/api.w.org\/{rel}","templated":true}]}}