{"id":368,"date":"2025-01-09T14:40:51","date_gmt":"2025-01-09T14:40:51","guid":{"rendered":"https:\/\/torresgrup.com\/?post_type=product&#038;p=368"},"modified":"2025-01-09T14:40:51","modified_gmt":"2025-01-09T14:40:51","slug":"ref-70500-limpiador-desinfectante-virucida-bactericida-5l","status":"publish","type":"product","link":"https:\/\/torresgrup.com\/en\/product\/ref-70500-limpiador-desinfectante-virucida-bactericida-5l\/","title":{"rendered":"REF 70500 VIRUCIDE BACTERICIDAL DISINFECTANT CLEANER 5L"},"content":{"rendered":"<p class=\"translation-block\">Product properties:\n-Eliminates bacteria, fungi and harmful germs that cause infections and bad odors. This disinfectant does not stain or damage pipes, rubber, drains, etc.\n-It is very appropriate for cleaning floors, kitchens, bathrooms, and especially in public places, hotels, residences, hospitals, schools, kindergartens, gyms, swimming pools, meat and food industries, etc.\n-High bactericidal power with prolonged action.\n-REGISTERED IN THE REG.OF.FUNGICIDES FOR THE FOOD INDUSTRY.<\/p>\n<p class=\"translation-block\">Use:\n\u2013 5L = 33 1L bottles\n\u2013 Washing machine: Disinfection when washing smelly clothes, put a dose (1 capful) during the rinse cycle.\n\u2013 Garbage can: Mix the contents of about 2 caps with water to rinse.\n\u2013 Pet excrement: Pour directly on the dirty place and rinse after a few minutes. You will achieve cleaning, disinfection and absence of bad odors.<\/p>\n<p>&nbsp;<\/p>","protected":false},"excerpt":{"rendered":"<p>Propiedades del producto: -Elimina bacterias, hongos y g\u00e9rmenes nocivos que provocan contagios y malos olores. Este desinfectante no mancha ni perjudica ca\u00f1er\u00edas, gomas, desag\u00fces, etc. -Es muy apropiado para la limpieza de suelos, cocinas, cuartos de ba\u00f1o, y muy especialmente en locales p\u00fablicos, hoteles, residencias, hospitales, colegios, parvularios, gimnasios, piscinas, industrias c\u00e1rnicas y de alimentaci\u00f3n, [&hellip;]<\/p>\n","protected":false},"featured_media":369,"comment_status":"open","ping_status":"closed","template":"","meta":[],"product_brand":[],"product_cat":[23,34],"product_tag":[],"class_list":{"0":"post-368","1":"product","2":"type-product","3":"status-publish","4":"has-post-thumbnail","6":"product_cat-hosteleria","7":"product_cat-productos-de-limpieza","9":"first","10":"instock","11":"taxable","12":"shipping-taxable","13":"purchasable","14":"product-type-simple"},"yoast_head":"<!-- This site is optimized with the Yoast SEO plugin v26.1.1 - https:\/\/yoast.com\/wordpress\/plugins\/seo\/ -->\n<title>REF 70500 LIMPIADOR DESINFECTANTE VIRUCIDA BACTERICIDA 5L - Torres Grup<\/title>\n<meta name=\"robots\" content=\"index, follow, max-snippet:-1, max-image-preview:large, max-video-preview:-1\" \/>\n<link rel=\"canonical\" href=\"https:\/\/torresgrup.com\/en\/wp-json\/wp\/v2\/product\/368\" \/>\n<meta property=\"og:locale\" content=\"en_US\" \/>\n<meta property=\"og:type\" content=\"article\" \/>\n<meta property=\"og:title\" content=\"REF 70500 LIMPIADOR DESINFECTANTE VIRUCIDA BACTERICIDA 5L - Torres Grup\" \/>\n<meta property=\"og:description\" content=\"Propiedades del producto: -Elimina bacterias, hongos y g\u00e9rmenes nocivos que provocan contagios y malos olores. Este desinfectante no mancha ni perjudica ca\u00f1er\u00edas, gomas, desag\u00fces, etc. -Es muy apropiado para la limpieza de suelos, cocinas, cuartos de ba\u00f1o, y muy especialmente en locales p\u00fablicos, hoteles, residencias, hospitales, colegios, parvularios, gimnasios, piscinas, industrias c\u00e1rnicas y de alimentaci\u00f3n, [&hellip;]\" \/>\n<meta property=\"og:url\" content=\"https:\/\/torresgrup.com\/en\/product\/ref-70500-limpiador-desinfectante-virucida-bactericida-5l\/\" \/>\n<meta property=\"og:site_name\" content=\"Torres Grup\" \/>\n<meta property=\"og:image\" content=\"https:\/\/torresgrup.com\/wp-content\/uploads\/2025\/01\/kkkkk.jpg\" \/>\n\t<meta property=\"og:image:width\" content=\"520\" \/>\n\t<meta property=\"og:image:height\" content=\"520\" \/>\n\t<meta property=\"og:image:type\" content=\"image\/jpeg\" \/>\n<meta name=\"twitter:card\" content=\"summary_large_image\" \/>\n<meta name=\"twitter:label1\" content=\"Est. reading time\" \/>\n\t<meta name=\"twitter:data1\" content=\"1 minute\" \/>\n<script type=\"application\/ld+json\" class=\"yoast-schema-graph\">{\"@context\":\"https:\/\/schema.org\",\"@graph\":[{\"@type\":\"WebPage\",\"@id\":\"https:\/\/torresgrup.com\/producto\/ref-70500-limpiador-desinfectante-virucida-bactericida-5l\/\",\"url\":\"https:\/\/torresgrup.com\/producto\/ref-70500-limpiador-desinfectante-virucida-bactericida-5l\/\",\"name\":\"REF 70500 LIMPIADOR DESINFECTANTE VIRUCIDA BACTERICIDA 5L - Torres Grup\",\"isPartOf\":{\"@id\":\"https:\/\/torresgrup.com\/#website\"},\"primaryImageOfPage\":{\"@id\":\"https:\/\/torresgrup.com\/producto\/ref-70500-limpiador-desinfectante-virucida-bactericida-5l\/#primaryimage\"},\"image\":{\"@id\":\"https:\/\/torresgrup.com\/producto\/ref-70500-limpiador-desinfectante-virucida-bactericida-5l\/#primaryimage\"},\"thumbnailUrl\":\"https:\/\/torresgrup.com\/wp-content\/uploads\/2025\/01\/kkkkk.jpg\",\"datePublished\":\"2025-01-09T14:40:51+00:00\",\"breadcrumb\":{\"@id\":\"https:\/\/torresgrup.com\/producto\/ref-70500-limpiador-desinfectante-virucida-bactericida-5l\/#breadcrumb\"},\"inLanguage\":\"en-US\",\"potentialAction\":[{\"@type\":\"ReadAction\",\"target\":[\"https:\/\/torresgrup.com\/producto\/ref-70500-limpiador-desinfectante-virucida-bactericida-5l\/\"]}]},{\"@type\":\"ImageObject\",\"inLanguage\":\"en-US\",\"@id\":\"https:\/\/torresgrup.com\/producto\/ref-70500-limpiador-desinfectante-virucida-bactericida-5l\/#primaryimage\",\"url\":\"https:\/\/torresgrup.com\/wp-content\/uploads\/2025\/01\/kkkkk.jpg\",\"contentUrl\":\"https:\/\/torresgrup.com\/wp-content\/uploads\/2025\/01\/kkkkk.jpg\",\"width\":520,\"height\":520},{\"@type\":\"BreadcrumbList\",\"@id\":\"https:\/\/torresgrup.com\/producto\/ref-70500-limpiador-desinfectante-virucida-bactericida-5l\/#breadcrumb\",\"itemListElement\":[{\"@type\":\"ListItem\",\"position\":1,\"name\":\"Portada\",\"item\":\"https:\/\/torresgrup.com\/\"},{\"@type\":\"ListItem\",\"position\":2,\"name\":\"Tienda\",\"item\":\"https:\/\/torresgrup.com\/tienda\/\"},{\"@type\":\"ListItem\",\"position\":3,\"name\":\"REF 70500 LIMPIADOR DESINFECTANTE VIRUCIDA BACTERICIDA 5L\"}]},{\"@type\":\"WebSite\",\"@id\":\"https:\/\/torresgrup.com\/#website\",\"url\":\"https:\/\/torresgrup.com\/\",\"name\":\"Torres Grup\",\"description\":\"Fabricaci&oacute;n de rollos especiales de papel\",\"publisher\":{\"@id\":\"https:\/\/torresgrup.com\/#organization\"},\"potentialAction\":[{\"@type\":\"SearchAction\",\"target\":{\"@type\":\"EntryPoint\",\"urlTemplate\":\"https:\/\/torresgrup.com\/?s={search_term_string}\"},\"query-input\":{\"@type\":\"PropertyValueSpecification\",\"valueRequired\":true,\"valueName\":\"search_term_string\"}}],\"inLanguage\":\"en-US\"},{\"@type\":\"Organization\",\"@id\":\"https:\/\/torresgrup.com\/#organization\",\"name\":\"Torres Grup\",\"url\":\"https:\/\/torresgrup.com\/\",\"logo\":{\"@type\":\"ImageObject\",\"inLanguage\":\"en-US\",\"@id\":\"https:\/\/torresgrup.com\/#\/schema\/logo\/image\/\",\"url\":\"https:\/\/torresgrup.com\/wp-content\/uploads\/2024\/11\/TORRES-GRUP-LOGO-2.svg\",\"contentUrl\":\"https:\/\/torresgrup.com\/wp-content\/uploads\/2024\/11\/TORRES-GRUP-LOGO-2.svg\",\"width\":881,\"height\":260,\"caption\":\"Torres Grup\"},\"image\":{\"@id\":\"https:\/\/torresgrup.com\/#\/schema\/logo\/image\/\"}}]}<\/script>\n<!-- \/ Yoast SEO plugin. -->","yoast_head_json":{"title":"REF 70500 LIMPIADOR DESINFECTANTE VIRUCIDA BACTERICIDA 5L - Torres Grup","robots":{"index":"index","follow":"follow","max-snippet":"max-snippet:-1","max-image-preview":"max-image-preview:large","max-video-preview":"max-video-preview:-1"},"canonical":"https:\/\/torresgrup.com\/en\/wp-json\/wp\/v2\/product\/368","og_locale":"en_US","og_type":"article","og_title":"REF 70500 LIMPIADOR DESINFECTANTE VIRUCIDA BACTERICIDA 5L - Torres Grup","og_description":"Propiedades del producto: -Elimina bacterias, hongos y g\u00e9rmenes nocivos que provocan contagios y malos olores. Este desinfectante no mancha ni perjudica ca\u00f1er\u00edas, gomas, desag\u00fces, etc. -Es muy apropiado para la limpieza de suelos, cocinas, cuartos de ba\u00f1o, y muy especialmente en locales p\u00fablicos, hoteles, residencias, hospitales, colegios, parvularios, gimnasios, piscinas, industrias c\u00e1rnicas y de alimentaci\u00f3n, [&hellip;]","og_url":"https:\/\/torresgrup.com\/en\/product\/ref-70500-limpiador-desinfectante-virucida-bactericida-5l\/","og_site_name":"Torres Grup","og_image":[{"width":520,"height":520,"url":"https:\/\/torresgrup.com\/wp-content\/uploads\/2025\/01\/kkkkk.jpg","type":"image\/jpeg"}],"twitter_card":"summary_large_image","twitter_misc":{"Est. reading time":"1 minute"},"schema":{"@context":"https:\/\/schema.org","@graph":[{"@type":"WebPage","@id":"https:\/\/torresgrup.com\/producto\/ref-70500-limpiador-desinfectante-virucida-bactericida-5l\/","url":"https:\/\/torresgrup.com\/producto\/ref-70500-limpiador-desinfectante-virucida-bactericida-5l\/","name":"REF 70500 LIMPIADOR DESINFECTANTE VIRUCIDA BACTERICIDA 5L - Torres Grup","isPartOf":{"@id":"https:\/\/torresgrup.com\/#website"},"primaryImageOfPage":{"@id":"https:\/\/torresgrup.com\/producto\/ref-70500-limpiador-desinfectante-virucida-bactericida-5l\/#primaryimage"},"image":{"@id":"https:\/\/torresgrup.com\/producto\/ref-70500-limpiador-desinfectante-virucida-bactericida-5l\/#primaryimage"},"thumbnailUrl":"https:\/\/torresgrup.com\/wp-content\/uploads\/2025\/01\/kkkkk.jpg","datePublished":"2025-01-09T14:40:51+00:00","breadcrumb":{"@id":"https:\/\/torresgrup.com\/producto\/ref-70500-limpiador-desinfectante-virucida-bactericida-5l\/#breadcrumb"},"inLanguage":"en-US","potentialAction":[{"@type":"ReadAction","target":["https:\/\/torresgrup.com\/producto\/ref-70500-limpiador-desinfectante-virucida-bactericida-5l\/"]}]},{"@type":"ImageObject","inLanguage":"en-US","@id":"https:\/\/torresgrup.com\/producto\/ref-70500-limpiador-desinfectante-virucida-bactericida-5l\/#primaryimage","url":"https:\/\/torresgrup.com\/wp-content\/uploads\/2025\/01\/kkkkk.jpg","contentUrl":"https:\/\/torresgrup.com\/wp-content\/uploads\/2025\/01\/kkkkk.jpg","width":520,"height":520},{"@type":"BreadcrumbList","@id":"https:\/\/torresgrup.com\/producto\/ref-70500-limpiador-desinfectante-virucida-bactericida-5l\/#breadcrumb","itemListElement":[{"@type":"ListItem","position":1,"name":"Portada","item":"https:\/\/torresgrup.com\/"},{"@type":"ListItem","position":2,"name":"Tienda","item":"https:\/\/torresgrup.com\/tienda\/"},{"@type":"ListItem","position":3,"name":"REF 70500 LIMPIADOR DESINFECTANTE VIRUCIDA BACTERICIDA 5L"}]},{"@type":"WebSite","@id":"https:\/\/torresgrup.com\/#website","url":"https:\/\/torresgrup.com\/","name":"Torres Grup","description":"Fabricaci&oacute;n de rollos especiales de papel","publisher":{"@id":"https:\/\/torresgrup.com\/#organization"},"potentialAction":[{"@type":"SearchAction","target":{"@type":"EntryPoint","urlTemplate":"https:\/\/torresgrup.com\/?s={search_term_string}"},"query-input":{"@type":"PropertyValueSpecification","valueRequired":true,"valueName":"search_term_string"}}],"inLanguage":"en-US"},{"@type":"Organization","@id":"https:\/\/torresgrup.com\/#organization","name":"Torres Grup","url":"https:\/\/torresgrup.com\/","logo":{"@type":"ImageObject","inLanguage":"en-US","@id":"https:\/\/torresgrup.com\/#\/schema\/logo\/image\/","url":"https:\/\/torresgrup.com\/wp-content\/uploads\/2024\/11\/TORRES-GRUP-LOGO-2.svg","contentUrl":"https:\/\/torresgrup.com\/wp-content\/uploads\/2024\/11\/TORRES-GRUP-LOGO-2.svg","width":881,"height":260,"caption":"Torres Grup"},"image":{"@id":"https:\/\/torresgrup.com\/#\/schema\/logo\/image\/"}}]}},"_links":{"self":[{"href":"https:\/\/torresgrup.com\/en\/wp-json\/wp\/v2\/product\/368","targetHints":{"allow":["GET"]}}],"collection":[{"href":"https:\/\/torresgrup.com\/en\/wp-json\/wp\/v2\/product"}],"about":[{"href":"https:\/\/torresgrup.com\/en\/wp-json\/wp\/v2\/types\/product"}],"replies":[{"embeddable":true,"href":"https:\/\/torresgrup.com\/en\/wp-json\/wp\/v2\/comments?post=368"}],"version-history":[{"count":0,"href":"https:\/\/torresgrup.com\/en\/wp-json\/wp\/v2\/product\/368\/revisions"}],"wp:featuredmedia":[{"embeddable":true,"href":"https:\/\/torresgrup.com\/en\/wp-json\/wp\/v2\/media\/369"}],"wp:attachment":[{"href":"https:\/\/torresgrup.com\/en\/wp-json\/wp\/v2\/media?parent=368"}],"wp:term":[{"taxonomy":"product_brand","embeddable":true,"href":"https:\/\/torresgrup.com\/en\/wp-json\/wp\/v2\/product_brand?post=368"},{"taxonomy":"product_cat","embeddable":true,"href":"https:\/\/torresgrup.com\/en\/wp-json\/wp\/v2\/product_cat?post=368"},{"taxonomy":"product_tag","embeddable":true,"href":"https:\/\/torresgrup.com\/en\/wp-json\/wp\/v2\/product_tag?post=368"}],"curies":[{"name":"wp","href":"https:\/\/api.w.org\/{rel}","templated":true}]}}