{"id":382,"date":"2025-01-09T15:47:19","date_gmt":"2025-01-09T15:47:19","guid":{"rendered":"https:\/\/torresgrup.com\/?post_type=product&#038;p=382"},"modified":"2025-01-09T15:47:19","modified_gmt":"2025-01-09T15:47:19","slug":"ref-70900-limpiador-ambientador-pinky-5l","status":"publish","type":"product","link":"https:\/\/torresgrup.com\/en\/product\/ref-70900-limpiador-ambientador-pinky-5l\/","title":{"rendered":"REF 70900 PINKY AIR FRESHENER CLEANER 5L"},"content":{"rendered":"<p id=\"E3792\" class=\"x-scope qowt-word-para-2 translation-block\">General cleaning product, specially formulated for all types of washable surfaces, leaving a pleasant floral aroma. Its field of application is very wide, floors, walls, kitchens, bathrooms, plastics, synthetic furniture and all washable surfaces in general.<\/p>\n<p id=\"E3808\" class=\"x-scope qowt-word-para-2\"><span id=\"E3809\">Use: dilute between 0.5 and 1% in water <\/span><\/p>","protected":false},"excerpt":{"rendered":"<p>Producto de limpieza general, especialmente formulado para todo tipo de superficies lavables dejando un agradable aroma floral. Su Campo de aplicaci\u00f3n es ampl\u00edsimo, suelos, paredes, cocinas,sanitarios, pl\u00e1sticos, muesvbles sintetiticos y todas las superficies lavables en general Uso: diluir entre el 0,5 y el 1% en agua<\/p>","protected":false},"featured_media":383,"comment_status":"open","ping_status":"closed","template":"","meta":[],"product_brand":[],"product_cat":[23,34],"product_tag":[],"class_list":{"0":"post-382","1":"product","2":"type-product","3":"status-publish","4":"has-post-thumbnail","6":"product_cat-hosteleria","7":"product_cat-productos-de-limpieza","9":"first","10":"instock","11":"taxable","12":"shipping-taxable","13":"purchasable","14":"product-type-simple"},"yoast_head":"<!-- This site is optimized with the Yoast SEO plugin v26.1.1 - https:\/\/yoast.com\/wordpress\/plugins\/seo\/ -->\n<title>REF 70900 LIMPIADOR AMBIENTADOR PINKY 5L - Torres Grup<\/title>\n<meta name=\"robots\" content=\"index, follow, max-snippet:-1, max-image-preview:large, max-video-preview:-1\" \/>\n<link rel=\"canonical\" href=\"https:\/\/torresgrup.com\/en\/wp-json\/wp\/v2\/product\/382\" \/>\n<meta property=\"og:locale\" content=\"en_US\" \/>\n<meta property=\"og:type\" content=\"article\" \/>\n<meta property=\"og:title\" content=\"REF 70900 LIMPIADOR AMBIENTADOR PINKY 5L - Torres Grup\" \/>\n<meta property=\"og:description\" content=\"Producto de limpieza general, especialmente formulado para todo tipo de superficies lavables dejando un agradable aroma floral. Su Campo de aplicaci\u00f3n es ampl\u00edsimo, suelos, paredes, cocinas,sanitarios, pl\u00e1sticos, muesvbles sintetiticos y todas las superficies lavables en general Uso: diluir entre el 0,5 y el 1% en agua\" \/>\n<meta property=\"og:url\" content=\"https:\/\/torresgrup.com\/en\/product\/ref-70900-limpiador-ambientador-pinky-5l\/\" \/>\n<meta property=\"og:site_name\" content=\"Torres Grup\" \/>\n<meta property=\"og:image\" content=\"https:\/\/torresgrup.com\/wp-content\/uploads\/2025\/01\/unnamed-2.png\" \/>\n\t<meta property=\"og:image:width\" content=\"540\" \/>\n\t<meta property=\"og:image:height\" content=\"540\" \/>\n\t<meta property=\"og:image:type\" content=\"image\/png\" \/>\n<meta name=\"twitter:card\" content=\"summary_large_image\" \/>\n<script type=\"application\/ld+json\" class=\"yoast-schema-graph\">{\"@context\":\"https:\/\/schema.org\",\"@graph\":[{\"@type\":\"WebPage\",\"@id\":\"https:\/\/torresgrup.com\/producto\/ref-70900-limpiador-ambientador-pinky-5l\/\",\"url\":\"https:\/\/torresgrup.com\/producto\/ref-70900-limpiador-ambientador-pinky-5l\/\",\"name\":\"REF 70900 LIMPIADOR AMBIENTADOR PINKY 5L - Torres Grup\",\"isPartOf\":{\"@id\":\"https:\/\/torresgrup.com\/#website\"},\"primaryImageOfPage\":{\"@id\":\"https:\/\/torresgrup.com\/producto\/ref-70900-limpiador-ambientador-pinky-5l\/#primaryimage\"},\"image\":{\"@id\":\"https:\/\/torresgrup.com\/producto\/ref-70900-limpiador-ambientador-pinky-5l\/#primaryimage\"},\"thumbnailUrl\":\"https:\/\/torresgrup.com\/wp-content\/uploads\/2025\/01\/unnamed-2.png\",\"datePublished\":\"2025-01-09T15:47:19+00:00\",\"breadcrumb\":{\"@id\":\"https:\/\/torresgrup.com\/producto\/ref-70900-limpiador-ambientador-pinky-5l\/#breadcrumb\"},\"inLanguage\":\"en-US\",\"potentialAction\":[{\"@type\":\"ReadAction\",\"target\":[\"https:\/\/torresgrup.com\/producto\/ref-70900-limpiador-ambientador-pinky-5l\/\"]}]},{\"@type\":\"ImageObject\",\"inLanguage\":\"en-US\",\"@id\":\"https:\/\/torresgrup.com\/producto\/ref-70900-limpiador-ambientador-pinky-5l\/#primaryimage\",\"url\":\"https:\/\/torresgrup.com\/wp-content\/uploads\/2025\/01\/unnamed-2.png\",\"contentUrl\":\"https:\/\/torresgrup.com\/wp-content\/uploads\/2025\/01\/unnamed-2.png\",\"width\":540,\"height\":540},{\"@type\":\"BreadcrumbList\",\"@id\":\"https:\/\/torresgrup.com\/producto\/ref-70900-limpiador-ambientador-pinky-5l\/#breadcrumb\",\"itemListElement\":[{\"@type\":\"ListItem\",\"position\":1,\"name\":\"Portada\",\"item\":\"https:\/\/torresgrup.com\/\"},{\"@type\":\"ListItem\",\"position\":2,\"name\":\"Tienda\",\"item\":\"https:\/\/torresgrup.com\/tienda\/\"},{\"@type\":\"ListItem\",\"position\":3,\"name\":\"REF 70900 LIMPIADOR AMBIENTADOR PINKY 5L\"}]},{\"@type\":\"WebSite\",\"@id\":\"https:\/\/torresgrup.com\/#website\",\"url\":\"https:\/\/torresgrup.com\/\",\"name\":\"Torres Grup\",\"description\":\"Fabricaci&oacute;n de rollos especiales de papel\",\"publisher\":{\"@id\":\"https:\/\/torresgrup.com\/#organization\"},\"potentialAction\":[{\"@type\":\"SearchAction\",\"target\":{\"@type\":\"EntryPoint\",\"urlTemplate\":\"https:\/\/torresgrup.com\/?s={search_term_string}\"},\"query-input\":{\"@type\":\"PropertyValueSpecification\",\"valueRequired\":true,\"valueName\":\"search_term_string\"}}],\"inLanguage\":\"en-US\"},{\"@type\":\"Organization\",\"@id\":\"https:\/\/torresgrup.com\/#organization\",\"name\":\"Torres Grup\",\"url\":\"https:\/\/torresgrup.com\/\",\"logo\":{\"@type\":\"ImageObject\",\"inLanguage\":\"en-US\",\"@id\":\"https:\/\/torresgrup.com\/#\/schema\/logo\/image\/\",\"url\":\"https:\/\/torresgrup.com\/wp-content\/uploads\/2024\/11\/TORRES-GRUP-LOGO-2.svg\",\"contentUrl\":\"https:\/\/torresgrup.com\/wp-content\/uploads\/2024\/11\/TORRES-GRUP-LOGO-2.svg\",\"width\":881,\"height\":260,\"caption\":\"Torres Grup\"},\"image\":{\"@id\":\"https:\/\/torresgrup.com\/#\/schema\/logo\/image\/\"}}]}<\/script>\n<!-- \/ Yoast SEO plugin. -->","yoast_head_json":{"title":"REF 70900 LIMPIADOR AMBIENTADOR PINKY 5L - Torres Grup","robots":{"index":"index","follow":"follow","max-snippet":"max-snippet:-1","max-image-preview":"max-image-preview:large","max-video-preview":"max-video-preview:-1"},"canonical":"https:\/\/torresgrup.com\/en\/wp-json\/wp\/v2\/product\/382","og_locale":"en_US","og_type":"article","og_title":"REF 70900 LIMPIADOR AMBIENTADOR PINKY 5L - Torres Grup","og_description":"Producto de limpieza general, especialmente formulado para todo tipo de superficies lavables dejando un agradable aroma floral. Su Campo de aplicaci\u00f3n es ampl\u00edsimo, suelos, paredes, cocinas,sanitarios, pl\u00e1sticos, muesvbles sintetiticos y todas las superficies lavables en general Uso: diluir entre el 0,5 y el 1% en agua","og_url":"https:\/\/torresgrup.com\/en\/product\/ref-70900-limpiador-ambientador-pinky-5l\/","og_site_name":"Torres Grup","og_image":[{"width":540,"height":540,"url":"https:\/\/torresgrup.com\/wp-content\/uploads\/2025\/01\/unnamed-2.png","type":"image\/png"}],"twitter_card":"summary_large_image","schema":{"@context":"https:\/\/schema.org","@graph":[{"@type":"WebPage","@id":"https:\/\/torresgrup.com\/producto\/ref-70900-limpiador-ambientador-pinky-5l\/","url":"https:\/\/torresgrup.com\/producto\/ref-70900-limpiador-ambientador-pinky-5l\/","name":"REF 70900 LIMPIADOR AMBIENTADOR PINKY 5L - Torres Grup","isPartOf":{"@id":"https:\/\/torresgrup.com\/#website"},"primaryImageOfPage":{"@id":"https:\/\/torresgrup.com\/producto\/ref-70900-limpiador-ambientador-pinky-5l\/#primaryimage"},"image":{"@id":"https:\/\/torresgrup.com\/producto\/ref-70900-limpiador-ambientador-pinky-5l\/#primaryimage"},"thumbnailUrl":"https:\/\/torresgrup.com\/wp-content\/uploads\/2025\/01\/unnamed-2.png","datePublished":"2025-01-09T15:47:19+00:00","breadcrumb":{"@id":"https:\/\/torresgrup.com\/producto\/ref-70900-limpiador-ambientador-pinky-5l\/#breadcrumb"},"inLanguage":"en-US","potentialAction":[{"@type":"ReadAction","target":["https:\/\/torresgrup.com\/producto\/ref-70900-limpiador-ambientador-pinky-5l\/"]}]},{"@type":"ImageObject","inLanguage":"en-US","@id":"https:\/\/torresgrup.com\/producto\/ref-70900-limpiador-ambientador-pinky-5l\/#primaryimage","url":"https:\/\/torresgrup.com\/wp-content\/uploads\/2025\/01\/unnamed-2.png","contentUrl":"https:\/\/torresgrup.com\/wp-content\/uploads\/2025\/01\/unnamed-2.png","width":540,"height":540},{"@type":"BreadcrumbList","@id":"https:\/\/torresgrup.com\/producto\/ref-70900-limpiador-ambientador-pinky-5l\/#breadcrumb","itemListElement":[{"@type":"ListItem","position":1,"name":"Portada","item":"https:\/\/torresgrup.com\/"},{"@type":"ListItem","position":2,"name":"Tienda","item":"https:\/\/torresgrup.com\/tienda\/"},{"@type":"ListItem","position":3,"name":"REF 70900 LIMPIADOR AMBIENTADOR PINKY 5L"}]},{"@type":"WebSite","@id":"https:\/\/torresgrup.com\/#website","url":"https:\/\/torresgrup.com\/","name":"Torres Grup","description":"Fabricaci&oacute;n de rollos especiales de papel","publisher":{"@id":"https:\/\/torresgrup.com\/#organization"},"potentialAction":[{"@type":"SearchAction","target":{"@type":"EntryPoint","urlTemplate":"https:\/\/torresgrup.com\/?s={search_term_string}"},"query-input":{"@type":"PropertyValueSpecification","valueRequired":true,"valueName":"search_term_string"}}],"inLanguage":"en-US"},{"@type":"Organization","@id":"https:\/\/torresgrup.com\/#organization","name":"Torres Grup","url":"https:\/\/torresgrup.com\/","logo":{"@type":"ImageObject","inLanguage":"en-US","@id":"https:\/\/torresgrup.com\/#\/schema\/logo\/image\/","url":"https:\/\/torresgrup.com\/wp-content\/uploads\/2024\/11\/TORRES-GRUP-LOGO-2.svg","contentUrl":"https:\/\/torresgrup.com\/wp-content\/uploads\/2024\/11\/TORRES-GRUP-LOGO-2.svg","width":881,"height":260,"caption":"Torres Grup"},"image":{"@id":"https:\/\/torresgrup.com\/#\/schema\/logo\/image\/"}}]}},"_links":{"self":[{"href":"https:\/\/torresgrup.com\/en\/wp-json\/wp\/v2\/product\/382","targetHints":{"allow":["GET"]}}],"collection":[{"href":"https:\/\/torresgrup.com\/en\/wp-json\/wp\/v2\/product"}],"about":[{"href":"https:\/\/torresgrup.com\/en\/wp-json\/wp\/v2\/types\/product"}],"replies":[{"embeddable":true,"href":"https:\/\/torresgrup.com\/en\/wp-json\/wp\/v2\/comments?post=382"}],"version-history":[{"count":0,"href":"https:\/\/torresgrup.com\/en\/wp-json\/wp\/v2\/product\/382\/revisions"}],"wp:featuredmedia":[{"embeddable":true,"href":"https:\/\/torresgrup.com\/en\/wp-json\/wp\/v2\/media\/383"}],"wp:attachment":[{"href":"https:\/\/torresgrup.com\/en\/wp-json\/wp\/v2\/media?parent=382"}],"wp:term":[{"taxonomy":"product_brand","embeddable":true,"href":"https:\/\/torresgrup.com\/en\/wp-json\/wp\/v2\/product_brand?post=382"},{"taxonomy":"product_cat","embeddable":true,"href":"https:\/\/torresgrup.com\/en\/wp-json\/wp\/v2\/product_cat?post=382"},{"taxonomy":"product_tag","embeddable":true,"href":"https:\/\/torresgrup.com\/en\/wp-json\/wp\/v2\/product_tag?post=382"}],"curies":[{"name":"wp","href":"https:\/\/api.w.org\/{rel}","templated":true}]}}