{"id":527,"date":"2025-01-30T13:42:48","date_gmt":"2025-01-30T13:42:48","guid":{"rendered":"https:\/\/torresgrup.com\/?post_type=product&#038;p=527"},"modified":"2025-01-30T13:42:48","modified_gmt":"2025-01-30T13:42:48","slug":"ref-20150eco-servilleta-20x20-eco","status":"publish","type":"product","link":"https:\/\/torresgrup.com\/en\/product\/ref-20150eco-servilleta-20x20-eco\/","title":{"rendered":"REF 20150ECO SERVILLETA 20X20 ECO"},"content":{"rendered":"<p><span style=\"font-weight: 400;\">Las\u00a0<\/span><b>servilletas 20&#215;20 2 capas<\/b><span style=\"font-weight: 400;\">\u00a0con acabado gofrado en los bordes en forma de cenefa son muy utilizadas en bares de copas. Las dos capas la dotan de una gran absorci\u00f3n y resistencia para limpiar la mesa o l\u00edquidos que se puedan verter sobre nuestra boca o manos.<\/span><\/p>\n<p><b><i>Characteristics:<\/i><\/b><\/p>\n<ul>\n<li style=\"font-weight: 400;\" aria-level=\"1\"><b>Extent:<\/b><span style=\"font-weight: 400;\">\u00a020x20cm.<\/span><\/li>\n<li style=\"font-weight: 400;\" aria-level=\"1\"><b>Folding:<\/b><span style=\"font-weight: 400;\">\u00a0Plegado 1\/4<\/span><\/li>\n<li style=\"font-weight: 400;\" aria-level=\"1\"><b>Composition:<\/b><span style=\"font-weight: 400;\">\u00a0100% celulosa 2 capas cenefa.<\/span><\/li>\n<li style=\"font-weight: 400;\" aria-level=\"1\"><b>Color:<\/b><span style=\"font-weight: 400;\">\u00a0Blanca<\/span><\/li>\n<li style=\"font-weight: 400;\" aria-level=\"1\"><b>Composition:<\/b><span style=\"font-weight: 400;\">\u00a060 paquetes de 100 uds.<\/span><\/li>\n<li style=\"font-weight: 400;\" aria-level=\"1\"><b>Quantity\/Box:<\/b><span style=\"font-weight: 400;\">\u00a06.000 unidades<\/span><\/li>\n<\/ul>\n<p><span style=\"font-weight: 400;\">Ambas capas de la servilleta est\u00e1n punteadas ligeramente en los bordes formando una cenefa que la dota de un aspecto m\u00e1s elegante<\/span><\/p>","protected":false},"excerpt":{"rendered":"<p>Las\u00a0servilletas 20&#215;20 2 capas\u00a0con acabado gofrado en los bordes en forma de cenefa son muy utilizadas en bares de copas. Las dos capas la dotan de una gran absorci\u00f3n y resistencia para limpiar la mesa o l\u00edquidos que se puedan verter sobre nuestra boca o manos. Caracter\u00edsticas: Medida:\u00a020x20cm. Plegado:\u00a0Plegado 1\/4 Composici\u00f3n:\u00a0100% celulosa 2 capas cenefa. [&hellip;]<\/p>\n","protected":false},"featured_media":528,"comment_status":"open","ping_status":"closed","template":"","meta":[],"product_brand":[],"product_cat":[23,32],"product_tag":[],"class_list":{"0":"post-527","1":"product","2":"type-product","3":"status-publish","4":"has-post-thumbnail","6":"product_cat-hosteleria","7":"product_cat-servilletas","9":"first","10":"instock","11":"taxable","12":"shipping-taxable","13":"purchasable","14":"product-type-simple"},"yoast_head":"<!-- This site is optimized with the Yoast SEO plugin v26.1.1 - https:\/\/yoast.com\/wordpress\/plugins\/seo\/ -->\n<title>REF 20150ECO SERVILLETA 20X20 ECO - Torres Grup<\/title>\n<meta name=\"robots\" content=\"index, follow, max-snippet:-1, max-image-preview:large, max-video-preview:-1\" \/>\n<link rel=\"canonical\" href=\"https:\/\/torresgrup.com\/en\/wp-json\/wp\/v2\/product\/527\" \/>\n<meta property=\"og:locale\" content=\"en_US\" \/>\n<meta property=\"og:type\" content=\"article\" \/>\n<meta property=\"og:title\" content=\"REF 20150ECO SERVILLETA 20X20 ECO - Torres Grup\" \/>\n<meta property=\"og:description\" content=\"Las\u00a0servilletas 20&#215;20 2 capas\u00a0con acabado gofrado en los bordes en forma de cenefa son muy utilizadas en bares de copas. Las dos capas la dotan de una gran absorci\u00f3n y resistencia para limpiar la mesa o l\u00edquidos que se puedan verter sobre nuestra boca o manos. Caracter\u00edsticas: Medida:\u00a020x20cm. Plegado:\u00a0Plegado 1\/4 Composici\u00f3n:\u00a0100% celulosa 2 capas cenefa. [&hellip;]\" \/>\n<meta property=\"og:url\" content=\"https:\/\/torresgrup.com\/en\/product\/ref-20150eco-servilleta-20x20-eco\/\" \/>\n<meta property=\"og:site_name\" content=\"Torres Grup\" \/>\n<meta property=\"og:image\" content=\"https:\/\/torresgrup.com\/wp-content\/uploads\/2025\/01\/Screenshot-2025-01-30-14.40.43.png\" \/>\n\t<meta property=\"og:image:width\" content=\"560\" \/>\n\t<meta property=\"og:image:height\" content=\"372\" \/>\n\t<meta property=\"og:image:type\" content=\"image\/png\" \/>\n<meta name=\"twitter:card\" content=\"summary_large_image\" \/>\n<script type=\"application\/ld+json\" class=\"yoast-schema-graph\">{\"@context\":\"https:\/\/schema.org\",\"@graph\":[{\"@type\":\"WebPage\",\"@id\":\"https:\/\/torresgrup.com\/producto\/ref-20150eco-servilleta-20x20-eco\/\",\"url\":\"https:\/\/torresgrup.com\/producto\/ref-20150eco-servilleta-20x20-eco\/\",\"name\":\"REF 20150ECO SERVILLETA 20X20 ECO - Torres Grup\",\"isPartOf\":{\"@id\":\"https:\/\/torresgrup.com\/#website\"},\"primaryImageOfPage\":{\"@id\":\"https:\/\/torresgrup.com\/producto\/ref-20150eco-servilleta-20x20-eco\/#primaryimage\"},\"image\":{\"@id\":\"https:\/\/torresgrup.com\/producto\/ref-20150eco-servilleta-20x20-eco\/#primaryimage\"},\"thumbnailUrl\":\"https:\/\/torresgrup.com\/wp-content\/uploads\/2025\/01\/Screenshot-2025-01-30-14.40.43.png\",\"datePublished\":\"2025-01-30T13:42:48+00:00\",\"breadcrumb\":{\"@id\":\"https:\/\/torresgrup.com\/producto\/ref-20150eco-servilleta-20x20-eco\/#breadcrumb\"},\"inLanguage\":\"en-US\",\"potentialAction\":[{\"@type\":\"ReadAction\",\"target\":[\"https:\/\/torresgrup.com\/producto\/ref-20150eco-servilleta-20x20-eco\/\"]}]},{\"@type\":\"ImageObject\",\"inLanguage\":\"en-US\",\"@id\":\"https:\/\/torresgrup.com\/producto\/ref-20150eco-servilleta-20x20-eco\/#primaryimage\",\"url\":\"https:\/\/torresgrup.com\/wp-content\/uploads\/2025\/01\/Screenshot-2025-01-30-14.40.43.png\",\"contentUrl\":\"https:\/\/torresgrup.com\/wp-content\/uploads\/2025\/01\/Screenshot-2025-01-30-14.40.43.png\",\"width\":560,\"height\":372},{\"@type\":\"BreadcrumbList\",\"@id\":\"https:\/\/torresgrup.com\/producto\/ref-20150eco-servilleta-20x20-eco\/#breadcrumb\",\"itemListElement\":[{\"@type\":\"ListItem\",\"position\":1,\"name\":\"Portada\",\"item\":\"https:\/\/torresgrup.com\/\"},{\"@type\":\"ListItem\",\"position\":2,\"name\":\"Tienda\",\"item\":\"https:\/\/torresgrup.com\/tienda\/\"},{\"@type\":\"ListItem\",\"position\":3,\"name\":\"REF 20150ECO SERVILLETA 20X20 ECO\"}]},{\"@type\":\"WebSite\",\"@id\":\"https:\/\/torresgrup.com\/#website\",\"url\":\"https:\/\/torresgrup.com\/\",\"name\":\"Torres Grup\",\"description\":\"Fabricaci&oacute;n de rollos especiales de papel\",\"publisher\":{\"@id\":\"https:\/\/torresgrup.com\/#organization\"},\"potentialAction\":[{\"@type\":\"SearchAction\",\"target\":{\"@type\":\"EntryPoint\",\"urlTemplate\":\"https:\/\/torresgrup.com\/?s={search_term_string}\"},\"query-input\":{\"@type\":\"PropertyValueSpecification\",\"valueRequired\":true,\"valueName\":\"search_term_string\"}}],\"inLanguage\":\"en-US\"},{\"@type\":\"Organization\",\"@id\":\"https:\/\/torresgrup.com\/#organization\",\"name\":\"Torres Grup\",\"url\":\"https:\/\/torresgrup.com\/\",\"logo\":{\"@type\":\"ImageObject\",\"inLanguage\":\"en-US\",\"@id\":\"https:\/\/torresgrup.com\/#\/schema\/logo\/image\/\",\"url\":\"https:\/\/torresgrup.com\/wp-content\/uploads\/2024\/11\/TORRES-GRUP-LOGO-2.svg\",\"contentUrl\":\"https:\/\/torresgrup.com\/wp-content\/uploads\/2024\/11\/TORRES-GRUP-LOGO-2.svg\",\"width\":881,\"height\":260,\"caption\":\"Torres Grup\"},\"image\":{\"@id\":\"https:\/\/torresgrup.com\/#\/schema\/logo\/image\/\"}}]}<\/script>\n<!-- \/ Yoast SEO plugin. -->","yoast_head_json":{"title":"REF 20150ECO SERVILLETA 20X20 ECO - Torres Grup","robots":{"index":"index","follow":"follow","max-snippet":"max-snippet:-1","max-image-preview":"max-image-preview:large","max-video-preview":"max-video-preview:-1"},"canonical":"https:\/\/torresgrup.com\/en\/wp-json\/wp\/v2\/product\/527","og_locale":"en_US","og_type":"article","og_title":"REF 20150ECO SERVILLETA 20X20 ECO - Torres Grup","og_description":"Las\u00a0servilletas 20&#215;20 2 capas\u00a0con acabado gofrado en los bordes en forma de cenefa son muy utilizadas en bares de copas. Las dos capas la dotan de una gran absorci\u00f3n y resistencia para limpiar la mesa o l\u00edquidos que se puedan verter sobre nuestra boca o manos. Caracter\u00edsticas: Medida:\u00a020x20cm. Plegado:\u00a0Plegado 1\/4 Composici\u00f3n:\u00a0100% celulosa 2 capas cenefa. [&hellip;]","og_url":"https:\/\/torresgrup.com\/en\/product\/ref-20150eco-servilleta-20x20-eco\/","og_site_name":"Torres Grup","og_image":[{"width":560,"height":372,"url":"https:\/\/torresgrup.com\/wp-content\/uploads\/2025\/01\/Screenshot-2025-01-30-14.40.43.png","type":"image\/png"}],"twitter_card":"summary_large_image","schema":{"@context":"https:\/\/schema.org","@graph":[{"@type":"WebPage","@id":"https:\/\/torresgrup.com\/producto\/ref-20150eco-servilleta-20x20-eco\/","url":"https:\/\/torresgrup.com\/producto\/ref-20150eco-servilleta-20x20-eco\/","name":"REF 20150ECO SERVILLETA 20X20 ECO - Torres Grup","isPartOf":{"@id":"https:\/\/torresgrup.com\/#website"},"primaryImageOfPage":{"@id":"https:\/\/torresgrup.com\/producto\/ref-20150eco-servilleta-20x20-eco\/#primaryimage"},"image":{"@id":"https:\/\/torresgrup.com\/producto\/ref-20150eco-servilleta-20x20-eco\/#primaryimage"},"thumbnailUrl":"https:\/\/torresgrup.com\/wp-content\/uploads\/2025\/01\/Screenshot-2025-01-30-14.40.43.png","datePublished":"2025-01-30T13:42:48+00:00","breadcrumb":{"@id":"https:\/\/torresgrup.com\/producto\/ref-20150eco-servilleta-20x20-eco\/#breadcrumb"},"inLanguage":"en-US","potentialAction":[{"@type":"ReadAction","target":["https:\/\/torresgrup.com\/producto\/ref-20150eco-servilleta-20x20-eco\/"]}]},{"@type":"ImageObject","inLanguage":"en-US","@id":"https:\/\/torresgrup.com\/producto\/ref-20150eco-servilleta-20x20-eco\/#primaryimage","url":"https:\/\/torresgrup.com\/wp-content\/uploads\/2025\/01\/Screenshot-2025-01-30-14.40.43.png","contentUrl":"https:\/\/torresgrup.com\/wp-content\/uploads\/2025\/01\/Screenshot-2025-01-30-14.40.43.png","width":560,"height":372},{"@type":"BreadcrumbList","@id":"https:\/\/torresgrup.com\/producto\/ref-20150eco-servilleta-20x20-eco\/#breadcrumb","itemListElement":[{"@type":"ListItem","position":1,"name":"Portada","item":"https:\/\/torresgrup.com\/"},{"@type":"ListItem","position":2,"name":"Tienda","item":"https:\/\/torresgrup.com\/tienda\/"},{"@type":"ListItem","position":3,"name":"REF 20150ECO SERVILLETA 20X20 ECO"}]},{"@type":"WebSite","@id":"https:\/\/torresgrup.com\/#website","url":"https:\/\/torresgrup.com\/","name":"Torres Grup","description":"Fabricaci&oacute;n de rollos especiales de papel","publisher":{"@id":"https:\/\/torresgrup.com\/#organization"},"potentialAction":[{"@type":"SearchAction","target":{"@type":"EntryPoint","urlTemplate":"https:\/\/torresgrup.com\/?s={search_term_string}"},"query-input":{"@type":"PropertyValueSpecification","valueRequired":true,"valueName":"search_term_string"}}],"inLanguage":"en-US"},{"@type":"Organization","@id":"https:\/\/torresgrup.com\/#organization","name":"Torres Grup","url":"https:\/\/torresgrup.com\/","logo":{"@type":"ImageObject","inLanguage":"en-US","@id":"https:\/\/torresgrup.com\/#\/schema\/logo\/image\/","url":"https:\/\/torresgrup.com\/wp-content\/uploads\/2024\/11\/TORRES-GRUP-LOGO-2.svg","contentUrl":"https:\/\/torresgrup.com\/wp-content\/uploads\/2024\/11\/TORRES-GRUP-LOGO-2.svg","width":881,"height":260,"caption":"Torres Grup"},"image":{"@id":"https:\/\/torresgrup.com\/#\/schema\/logo\/image\/"}}]}},"_links":{"self":[{"href":"https:\/\/torresgrup.com\/en\/wp-json\/wp\/v2\/product\/527","targetHints":{"allow":["GET"]}}],"collection":[{"href":"https:\/\/torresgrup.com\/en\/wp-json\/wp\/v2\/product"}],"about":[{"href":"https:\/\/torresgrup.com\/en\/wp-json\/wp\/v2\/types\/product"}],"replies":[{"embeddable":true,"href":"https:\/\/torresgrup.com\/en\/wp-json\/wp\/v2\/comments?post=527"}],"version-history":[{"count":0,"href":"https:\/\/torresgrup.com\/en\/wp-json\/wp\/v2\/product\/527\/revisions"}],"wp:featuredmedia":[{"embeddable":true,"href":"https:\/\/torresgrup.com\/en\/wp-json\/wp\/v2\/media\/528"}],"wp:attachment":[{"href":"https:\/\/torresgrup.com\/en\/wp-json\/wp\/v2\/media?parent=527"}],"wp:term":[{"taxonomy":"product_brand","embeddable":true,"href":"https:\/\/torresgrup.com\/en\/wp-json\/wp\/v2\/product_brand?post=527"},{"taxonomy":"product_cat","embeddable":true,"href":"https:\/\/torresgrup.com\/en\/wp-json\/wp\/v2\/product_cat?post=527"},{"taxonomy":"product_tag","embeddable":true,"href":"https:\/\/torresgrup.com\/en\/wp-json\/wp\/v2\/product_tag?post=527"}],"curies":[{"name":"wp","href":"https:\/\/api.w.org\/{rel}","templated":true}]}}