{"id":584,"date":"2025-01-30T14:47:32","date_gmt":"2025-01-30T14:47:32","guid":{"rendered":"https:\/\/torresgrup.com\/?post_type=product&#038;p=584"},"modified":"2025-09-23T12:22:50","modified_gmt":"2025-09-23T12:22:50","slug":"ref-20009-tupper-aluminio-capacidad-9-canelones","status":"publish","type":"product","link":"https:\/\/torresgrup.com\/en\/product\/ref-20009-tupper-aluminio-capacidad-9-canelones\/","title":{"rendered":"REF 20009  TUPPER ALUMINIO CAPACIDAD 9 CANELONES (100 UNIDADES)"},"content":{"rendered":"<p><b>CARACTER\u00cdSTICAS<\/b><span style=\"font-weight: 400;\">: Envase fabricado en aluminio apto para calentar alimentos en el horno. Muy \u00fatil para cocinar y depositar asados, parrillas y alimentos realizados en barbacoas. Conduce muy bien el calor, por lo que es muy eficiente energ\u00e9ticamente para la preparaci\u00f3n y servicio de alimentos tanto fr\u00edos como calientes. Es muy ligero, por lo que reduce el costo de transporte y lo hace muy apropiado para la aplicaci\u00f3n de envasados donde el peso es importante.<\/span><\/p>\n<p><span style=\"font-weight: 400;\">PRESENTACION EN PAQUETES DE 100 UNIDADES.<\/span><\/p>\n<p>&nbsp;<\/p>","protected":false},"excerpt":{"rendered":"<p>CARACTER\u00cdSTICAS: Envase fabricado en aluminio apto para calentar alimentos en el horno. Muy \u00fatil para cocinar y depositar asados, parrillas y alimentos realizados en barbacoas. Conduce muy bien el calor, por lo que es muy eficiente energ\u00e9ticamente para la preparaci\u00f3n y servicio de alimentos tanto fr\u00edos como calientes. Es muy ligero, por lo que reduce [&hellip;]<\/p>\n","protected":false},"featured_media":582,"comment_status":"open","ping_status":"closed","template":"","meta":[],"product_brand":[],"product_cat":[23,37],"product_tag":[],"class_list":{"0":"post-584","1":"product","2":"type-product","3":"status-publish","4":"has-post-thumbnail","6":"product_cat-hosteleria","7":"product_cat-productos-de-envasado","9":"first","10":"instock","11":"taxable","12":"shipping-taxable","13":"purchasable","14":"product-type-simple"},"yoast_head":"<!-- This site is optimized with the Yoast SEO plugin v26.1.1 - https:\/\/yoast.com\/wordpress\/plugins\/seo\/ -->\n<title>REF 20009 TUPPER ALUMINIO CAPACIDAD 9 CANELONES (100 UNIDADES) - Torres Grup<\/title>\n<meta name=\"robots\" content=\"index, follow, max-snippet:-1, max-image-preview:large, max-video-preview:-1\" \/>\n<link rel=\"canonical\" href=\"https:\/\/torresgrup.com\/en\/wp-json\/wp\/v2\/product\/584\" \/>\n<meta property=\"og:locale\" content=\"en_US\" \/>\n<meta property=\"og:type\" content=\"article\" \/>\n<meta property=\"og:title\" content=\"REF 20009 TUPPER ALUMINIO CAPACIDAD 9 CANELONES (100 UNIDADES) - Torres Grup\" \/>\n<meta property=\"og:description\" content=\"CARACTER\u00cdSTICAS: Envase fabricado en aluminio apto para calentar alimentos en el horno. Muy \u00fatil para cocinar y depositar asados, parrillas y alimentos realizados en barbacoas. Conduce muy bien el calor, por lo que es muy eficiente energ\u00e9ticamente para la preparaci\u00f3n y servicio de alimentos tanto fr\u00edos como calientes. Es muy ligero, por lo que reduce [&hellip;]\" \/>\n<meta property=\"og:url\" content=\"https:\/\/torresgrup.com\/en\/product\/ref-20009-tupper-aluminio-capacidad-9-canelones\/\" \/>\n<meta property=\"og:site_name\" content=\"Torres Grup\" \/>\n<meta property=\"article:modified_time\" content=\"2025-09-23T12:22:50+00:00\" \/>\n<meta property=\"og:image\" content=\"https:\/\/torresgrup.com\/wp-content\/uploads\/2025\/01\/Screenshot-2025-01-30-15.45.23.png\" \/>\n\t<meta property=\"og:image:width\" content=\"450\" \/>\n\t<meta property=\"og:image:height\" content=\"366\" \/>\n\t<meta property=\"og:image:type\" content=\"image\/png\" \/>\n<meta name=\"twitter:card\" content=\"summary_large_image\" \/>\n<script type=\"application\/ld+json\" class=\"yoast-schema-graph\">{\"@context\":\"https:\/\/schema.org\",\"@graph\":[{\"@type\":\"WebPage\",\"@id\":\"https:\/\/torresgrup.com\/producto\/ref-20009-tupper-aluminio-capacidad-9-canelones\/\",\"url\":\"https:\/\/torresgrup.com\/producto\/ref-20009-tupper-aluminio-capacidad-9-canelones\/\",\"name\":\"REF 20009 TUPPER ALUMINIO CAPACIDAD 9 CANELONES (100 UNIDADES) - Torres Grup\",\"isPartOf\":{\"@id\":\"https:\/\/torresgrup.com\/#website\"},\"primaryImageOfPage\":{\"@id\":\"https:\/\/torresgrup.com\/producto\/ref-20009-tupper-aluminio-capacidad-9-canelones\/#primaryimage\"},\"image\":{\"@id\":\"https:\/\/torresgrup.com\/producto\/ref-20009-tupper-aluminio-capacidad-9-canelones\/#primaryimage\"},\"thumbnailUrl\":\"https:\/\/torresgrup.com\/wp-content\/uploads\/2025\/01\/Screenshot-2025-01-30-15.45.23.png\",\"datePublished\":\"2025-01-30T14:47:32+00:00\",\"dateModified\":\"2025-09-23T12:22:50+00:00\",\"breadcrumb\":{\"@id\":\"https:\/\/torresgrup.com\/producto\/ref-20009-tupper-aluminio-capacidad-9-canelones\/#breadcrumb\"},\"inLanguage\":\"en-US\",\"potentialAction\":[{\"@type\":\"ReadAction\",\"target\":[\"https:\/\/torresgrup.com\/producto\/ref-20009-tupper-aluminio-capacidad-9-canelones\/\"]}]},{\"@type\":\"ImageObject\",\"inLanguage\":\"en-US\",\"@id\":\"https:\/\/torresgrup.com\/producto\/ref-20009-tupper-aluminio-capacidad-9-canelones\/#primaryimage\",\"url\":\"https:\/\/torresgrup.com\/wp-content\/uploads\/2025\/01\/Screenshot-2025-01-30-15.45.23.png\",\"contentUrl\":\"https:\/\/torresgrup.com\/wp-content\/uploads\/2025\/01\/Screenshot-2025-01-30-15.45.23.png\",\"width\":450,\"height\":366},{\"@type\":\"BreadcrumbList\",\"@id\":\"https:\/\/torresgrup.com\/producto\/ref-20009-tupper-aluminio-capacidad-9-canelones\/#breadcrumb\",\"itemListElement\":[{\"@type\":\"ListItem\",\"position\":1,\"name\":\"Portada\",\"item\":\"https:\/\/torresgrup.com\/\"},{\"@type\":\"ListItem\",\"position\":2,\"name\":\"Tienda\",\"item\":\"https:\/\/torresgrup.com\/tienda\/\"},{\"@type\":\"ListItem\",\"position\":3,\"name\":\"REF 20009 TUPPER ALUMINIO CAPACIDAD 9 CANELONES (100 UNIDADES)\"}]},{\"@type\":\"WebSite\",\"@id\":\"https:\/\/torresgrup.com\/#website\",\"url\":\"https:\/\/torresgrup.com\/\",\"name\":\"Torres Grup\",\"description\":\"Fabricaci&oacute;n de rollos especiales de papel\",\"publisher\":{\"@id\":\"https:\/\/torresgrup.com\/#organization\"},\"potentialAction\":[{\"@type\":\"SearchAction\",\"target\":{\"@type\":\"EntryPoint\",\"urlTemplate\":\"https:\/\/torresgrup.com\/?s={search_term_string}\"},\"query-input\":{\"@type\":\"PropertyValueSpecification\",\"valueRequired\":true,\"valueName\":\"search_term_string\"}}],\"inLanguage\":\"en-US\"},{\"@type\":\"Organization\",\"@id\":\"https:\/\/torresgrup.com\/#organization\",\"name\":\"Torres Grup\",\"url\":\"https:\/\/torresgrup.com\/\",\"logo\":{\"@type\":\"ImageObject\",\"inLanguage\":\"en-US\",\"@id\":\"https:\/\/torresgrup.com\/#\/schema\/logo\/image\/\",\"url\":\"https:\/\/torresgrup.com\/wp-content\/uploads\/2024\/11\/TORRES-GRUP-LOGO-2.svg\",\"contentUrl\":\"https:\/\/torresgrup.com\/wp-content\/uploads\/2024\/11\/TORRES-GRUP-LOGO-2.svg\",\"width\":881,\"height\":260,\"caption\":\"Torres Grup\"},\"image\":{\"@id\":\"https:\/\/torresgrup.com\/#\/schema\/logo\/image\/\"}}]}<\/script>\n<!-- \/ Yoast SEO plugin. -->","yoast_head_json":{"title":"REF 20009 TUPPER ALUMINIO CAPACIDAD 9 CANELONES (100 UNIDADES) - Torres Grup","robots":{"index":"index","follow":"follow","max-snippet":"max-snippet:-1","max-image-preview":"max-image-preview:large","max-video-preview":"max-video-preview:-1"},"canonical":"https:\/\/torresgrup.com\/en\/wp-json\/wp\/v2\/product\/584","og_locale":"en_US","og_type":"article","og_title":"REF 20009 TUPPER ALUMINIO CAPACIDAD 9 CANELONES (100 UNIDADES) - Torres Grup","og_description":"CARACTER\u00cdSTICAS: Envase fabricado en aluminio apto para calentar alimentos en el horno. Muy \u00fatil para cocinar y depositar asados, parrillas y alimentos realizados en barbacoas. Conduce muy bien el calor, por lo que es muy eficiente energ\u00e9ticamente para la preparaci\u00f3n y servicio de alimentos tanto fr\u00edos como calientes. Es muy ligero, por lo que reduce [&hellip;]","og_url":"https:\/\/torresgrup.com\/en\/product\/ref-20009-tupper-aluminio-capacidad-9-canelones\/","og_site_name":"Torres Grup","article_modified_time":"2025-09-23T12:22:50+00:00","og_image":[{"width":450,"height":366,"url":"https:\/\/torresgrup.com\/wp-content\/uploads\/2025\/01\/Screenshot-2025-01-30-15.45.23.png","type":"image\/png"}],"twitter_card":"summary_large_image","schema":{"@context":"https:\/\/schema.org","@graph":[{"@type":"WebPage","@id":"https:\/\/torresgrup.com\/producto\/ref-20009-tupper-aluminio-capacidad-9-canelones\/","url":"https:\/\/torresgrup.com\/producto\/ref-20009-tupper-aluminio-capacidad-9-canelones\/","name":"REF 20009 TUPPER ALUMINIO CAPACIDAD 9 CANELONES (100 UNIDADES) - Torres Grup","isPartOf":{"@id":"https:\/\/torresgrup.com\/#website"},"primaryImageOfPage":{"@id":"https:\/\/torresgrup.com\/producto\/ref-20009-tupper-aluminio-capacidad-9-canelones\/#primaryimage"},"image":{"@id":"https:\/\/torresgrup.com\/producto\/ref-20009-tupper-aluminio-capacidad-9-canelones\/#primaryimage"},"thumbnailUrl":"https:\/\/torresgrup.com\/wp-content\/uploads\/2025\/01\/Screenshot-2025-01-30-15.45.23.png","datePublished":"2025-01-30T14:47:32+00:00","dateModified":"2025-09-23T12:22:50+00:00","breadcrumb":{"@id":"https:\/\/torresgrup.com\/producto\/ref-20009-tupper-aluminio-capacidad-9-canelones\/#breadcrumb"},"inLanguage":"en-US","potentialAction":[{"@type":"ReadAction","target":["https:\/\/torresgrup.com\/producto\/ref-20009-tupper-aluminio-capacidad-9-canelones\/"]}]},{"@type":"ImageObject","inLanguage":"en-US","@id":"https:\/\/torresgrup.com\/producto\/ref-20009-tupper-aluminio-capacidad-9-canelones\/#primaryimage","url":"https:\/\/torresgrup.com\/wp-content\/uploads\/2025\/01\/Screenshot-2025-01-30-15.45.23.png","contentUrl":"https:\/\/torresgrup.com\/wp-content\/uploads\/2025\/01\/Screenshot-2025-01-30-15.45.23.png","width":450,"height":366},{"@type":"BreadcrumbList","@id":"https:\/\/torresgrup.com\/producto\/ref-20009-tupper-aluminio-capacidad-9-canelones\/#breadcrumb","itemListElement":[{"@type":"ListItem","position":1,"name":"Portada","item":"https:\/\/torresgrup.com\/"},{"@type":"ListItem","position":2,"name":"Tienda","item":"https:\/\/torresgrup.com\/tienda\/"},{"@type":"ListItem","position":3,"name":"REF 20009 TUPPER ALUMINIO CAPACIDAD 9 CANELONES (100 UNIDADES)"}]},{"@type":"WebSite","@id":"https:\/\/torresgrup.com\/#website","url":"https:\/\/torresgrup.com\/","name":"Torres Grup","description":"Fabricaci&oacute;n de rollos especiales de papel","publisher":{"@id":"https:\/\/torresgrup.com\/#organization"},"potentialAction":[{"@type":"SearchAction","target":{"@type":"EntryPoint","urlTemplate":"https:\/\/torresgrup.com\/?s={search_term_string}"},"query-input":{"@type":"PropertyValueSpecification","valueRequired":true,"valueName":"search_term_string"}}],"inLanguage":"en-US"},{"@type":"Organization","@id":"https:\/\/torresgrup.com\/#organization","name":"Torres Grup","url":"https:\/\/torresgrup.com\/","logo":{"@type":"ImageObject","inLanguage":"en-US","@id":"https:\/\/torresgrup.com\/#\/schema\/logo\/image\/","url":"https:\/\/torresgrup.com\/wp-content\/uploads\/2024\/11\/TORRES-GRUP-LOGO-2.svg","contentUrl":"https:\/\/torresgrup.com\/wp-content\/uploads\/2024\/11\/TORRES-GRUP-LOGO-2.svg","width":881,"height":260,"caption":"Torres Grup"},"image":{"@id":"https:\/\/torresgrup.com\/#\/schema\/logo\/image\/"}}]}},"_links":{"self":[{"href":"https:\/\/torresgrup.com\/en\/wp-json\/wp\/v2\/product\/584","targetHints":{"allow":["GET"]}}],"collection":[{"href":"https:\/\/torresgrup.com\/en\/wp-json\/wp\/v2\/product"}],"about":[{"href":"https:\/\/torresgrup.com\/en\/wp-json\/wp\/v2\/types\/product"}],"replies":[{"embeddable":true,"href":"https:\/\/torresgrup.com\/en\/wp-json\/wp\/v2\/comments?post=584"}],"version-history":[{"count":1,"href":"https:\/\/torresgrup.com\/en\/wp-json\/wp\/v2\/product\/584\/revisions"}],"predecessor-version":[{"id":915,"href":"https:\/\/torresgrup.com\/en\/wp-json\/wp\/v2\/product\/584\/revisions\/915"}],"wp:featuredmedia":[{"embeddable":true,"href":"https:\/\/torresgrup.com\/en\/wp-json\/wp\/v2\/media\/582"}],"wp:attachment":[{"href":"https:\/\/torresgrup.com\/en\/wp-json\/wp\/v2\/media?parent=584"}],"wp:term":[{"taxonomy":"product_brand","embeddable":true,"href":"https:\/\/torresgrup.com\/en\/wp-json\/wp\/v2\/product_brand?post=584"},{"taxonomy":"product_cat","embeddable":true,"href":"https:\/\/torresgrup.com\/en\/wp-json\/wp\/v2\/product_cat?post=584"},{"taxonomy":"product_tag","embeddable":true,"href":"https:\/\/torresgrup.com\/en\/wp-json\/wp\/v2\/product_tag?post=584"}],"curies":[{"name":"wp","href":"https:\/\/api.w.org\/{rel}","templated":true}]}}