{"id":740,"date":"2025-02-25T11:05:09","date_gmt":"2025-02-25T11:05:09","guid":{"rendered":"https:\/\/torresgrup.com\/?post_type=product&#038;p=740"},"modified":"2025-02-25T11:06:38","modified_gmt":"2025-02-25T11:06:38","slug":"ref-30200-servilleta-38x38-plegado-%c2%bc-punta-punta-rojo","status":"publish","type":"product","link":"https:\/\/torresgrup.com\/en\/product\/ref-30200-servilleta-38x38-plegado-%c2%bc-punta-punta-rojo\/","title":{"rendered":"REF 30200 SERVILLETA 38X38 PLEGADO \u00bc PUNTA PUNTA ROJO"},"content":{"rendered":"<p class=\"translation-block\">The Punta-Punta napkin is characterized by its extraordinary softness and large volume, attributes that are achieved by its special manufacturing process, with the best quality cellulose and state-of-the-art machinery.<\/p>\n<p><strong><em>Characteristics:<\/em><\/strong><\/p>\n<ul>\n<li><strong>Extent:<\/strong>\u00a038x38cm.<\/li>\n<li><strong>Folding:<\/strong>\u00a0Plegado 1\/4<\/li>\n<li><strong>Composition:<\/strong>\u00a0100% celulosa 2 capas.<\/li>\n<li><strong>Color:<\/strong>\u00a0Rojo<\/li>\n<li><strong>Composition:<\/strong>\u00a024 paquetes de 50 uds.<\/li>\n<li><strong>Quantity\/Box:<\/strong>\u00a01.200 unidades<\/li>\n<\/ul>\n<p>Both layers of the cellulose napkins are dotted and glued point by point, so that small air cells are formed that give them greater fluffiness and resistance, as well as the best appearance.<\/p>","protected":false},"excerpt":{"rendered":"<p>La\u00a0servilleta Punta-Punta\u00a0se caracteriza por su extraordinaria suavidad y gran volumen, atributos que se consiguen por su especial proceso de fabricaci\u00f3n, con celulosa de la mejor calidad y maquinaria de \u00faltima generaci\u00f3n. Caracter\u00edsticas: Medida:\u00a038x38cm. Plegado:\u00a0Plegado 1\/4 Composici\u00f3n:\u00a0100% celulosa 2 capas. Color:\u00a0Rojo Presentaci\u00f3n:\u00a024 paquetes de 50 uds. Cantidad\/Caja:\u00a01.200 unidades Ambas capas de las servilletas de celulosa est\u00e1n [&hellip;]<\/p>\n","protected":false},"featured_media":282,"comment_status":"open","ping_status":"closed","template":"","meta":[],"product_brand":[],"product_cat":[23,32],"product_tag":[],"class_list":{"0":"post-740","1":"product","2":"type-product","3":"status-publish","4":"has-post-thumbnail","6":"product_cat-hosteleria","7":"product_cat-servilletas","9":"first","10":"instock","11":"taxable","12":"shipping-taxable","13":"purchasable","14":"product-type-simple"},"yoast_head":"<!-- This site is optimized with the Yoast SEO plugin v26.1.1 - https:\/\/yoast.com\/wordpress\/plugins\/seo\/ -->\n<title>REF 30200 SERVILLETA 38X38 PLEGADO \u00bc PUNTA PUNTA ROJO - Torres Grup<\/title>\n<meta name=\"robots\" content=\"index, follow, max-snippet:-1, max-image-preview:large, max-video-preview:-1\" \/>\n<link rel=\"canonical\" href=\"https:\/\/torresgrup.com\/en\/wp-json\/wp\/v2\/product\/740\" \/>\n<meta property=\"og:locale\" content=\"en_US\" \/>\n<meta property=\"og:type\" content=\"article\" \/>\n<meta property=\"og:title\" content=\"REF 30200 SERVILLETA 38X38 PLEGADO \u00bc PUNTA PUNTA ROJO - Torres Grup\" \/>\n<meta property=\"og:description\" content=\"La\u00a0servilleta Punta-Punta\u00a0se caracteriza por su extraordinaria suavidad y gran volumen, atributos que se consiguen por su especial proceso de fabricaci\u00f3n, con celulosa de la mejor calidad y maquinaria de \u00faltima generaci\u00f3n. Caracter\u00edsticas: Medida:\u00a038x38cm. Plegado:\u00a0Plegado 1\/4 Composici\u00f3n:\u00a0100% celulosa 2 capas. Color:\u00a0Rojo Presentaci\u00f3n:\u00a024 paquetes de 50 uds. Cantidad\/Caja:\u00a01.200 unidades Ambas capas de las servilletas de celulosa est\u00e1n [&hellip;]\" \/>\n<meta property=\"og:url\" content=\"https:\/\/torresgrup.com\/en\/product\/ref-30200-servilleta-38x38-plegado-\u00bc-punta-punta-rojo\/\" \/>\n<meta property=\"og:site_name\" content=\"Torres Grup\" \/>\n<meta property=\"article:modified_time\" content=\"2025-02-25T11:06:38+00:00\" \/>\n<meta property=\"og:image\" content=\"https:\/\/torresgrup.com\/wp-content\/uploads\/2025\/01\/ser.jpg\" \/>\n\t<meta property=\"og:image:width\" content=\"296\" \/>\n\t<meta property=\"og:image:height\" content=\"160\" \/>\n\t<meta property=\"og:image:type\" content=\"image\/jpeg\" \/>\n<meta name=\"twitter:card\" content=\"summary_large_image\" \/>\n<script type=\"application\/ld+json\" class=\"yoast-schema-graph\">{\"@context\":\"https:\/\/schema.org\",\"@graph\":[{\"@type\":\"WebPage\",\"@id\":\"https:\/\/torresgrup.com\/producto\/ref-30200-servilleta-38x38-plegado-%c2%bc-punta-punta-rojo\/\",\"url\":\"https:\/\/torresgrup.com\/producto\/ref-30200-servilleta-38x38-plegado-%c2%bc-punta-punta-rojo\/\",\"name\":\"REF 30200 SERVILLETA 38X38 PLEGADO \u00bc PUNTA PUNTA ROJO - Torres Grup\",\"isPartOf\":{\"@id\":\"https:\/\/torresgrup.com\/#website\"},\"primaryImageOfPage\":{\"@id\":\"https:\/\/torresgrup.com\/producto\/ref-30200-servilleta-38x38-plegado-%c2%bc-punta-punta-rojo\/#primaryimage\"},\"image\":{\"@id\":\"https:\/\/torresgrup.com\/producto\/ref-30200-servilleta-38x38-plegado-%c2%bc-punta-punta-rojo\/#primaryimage\"},\"thumbnailUrl\":\"https:\/\/torresgrup.com\/wp-content\/uploads\/2025\/01\/ser.jpg\",\"datePublished\":\"2025-02-25T11:05:09+00:00\",\"dateModified\":\"2025-02-25T11:06:38+00:00\",\"breadcrumb\":{\"@id\":\"https:\/\/torresgrup.com\/producto\/ref-30200-servilleta-38x38-plegado-%c2%bc-punta-punta-rojo\/#breadcrumb\"},\"inLanguage\":\"en-US\",\"potentialAction\":[{\"@type\":\"ReadAction\",\"target\":[\"https:\/\/torresgrup.com\/producto\/ref-30200-servilleta-38x38-plegado-%c2%bc-punta-punta-rojo\/\"]}]},{\"@type\":\"ImageObject\",\"inLanguage\":\"en-US\",\"@id\":\"https:\/\/torresgrup.com\/producto\/ref-30200-servilleta-38x38-plegado-%c2%bc-punta-punta-rojo\/#primaryimage\",\"url\":\"https:\/\/torresgrup.com\/wp-content\/uploads\/2025\/01\/ser.jpg\",\"contentUrl\":\"https:\/\/torresgrup.com\/wp-content\/uploads\/2025\/01\/ser.jpg\",\"width\":296,\"height\":160},{\"@type\":\"BreadcrumbList\",\"@id\":\"https:\/\/torresgrup.com\/producto\/ref-30200-servilleta-38x38-plegado-%c2%bc-punta-punta-rojo\/#breadcrumb\",\"itemListElement\":[{\"@type\":\"ListItem\",\"position\":1,\"name\":\"Portada\",\"item\":\"https:\/\/torresgrup.com\/\"},{\"@type\":\"ListItem\",\"position\":2,\"name\":\"Tienda\",\"item\":\"https:\/\/torresgrup.com\/tienda\/\"},{\"@type\":\"ListItem\",\"position\":3,\"name\":\"REF 30200 SERVILLETA 38X38 PLEGADO \u00bc PUNTA PUNTA ROJO\"}]},{\"@type\":\"WebSite\",\"@id\":\"https:\/\/torresgrup.com\/#website\",\"url\":\"https:\/\/torresgrup.com\/\",\"name\":\"Torres Grup\",\"description\":\"Fabricaci&oacute;n de rollos especiales de papel\",\"publisher\":{\"@id\":\"https:\/\/torresgrup.com\/#organization\"},\"potentialAction\":[{\"@type\":\"SearchAction\",\"target\":{\"@type\":\"EntryPoint\",\"urlTemplate\":\"https:\/\/torresgrup.com\/?s={search_term_string}\"},\"query-input\":{\"@type\":\"PropertyValueSpecification\",\"valueRequired\":true,\"valueName\":\"search_term_string\"}}],\"inLanguage\":\"en-US\"},{\"@type\":\"Organization\",\"@id\":\"https:\/\/torresgrup.com\/#organization\",\"name\":\"Torres Grup\",\"url\":\"https:\/\/torresgrup.com\/\",\"logo\":{\"@type\":\"ImageObject\",\"inLanguage\":\"en-US\",\"@id\":\"https:\/\/torresgrup.com\/#\/schema\/logo\/image\/\",\"url\":\"https:\/\/torresgrup.com\/wp-content\/uploads\/2024\/11\/TORRES-GRUP-LOGO-2.svg\",\"contentUrl\":\"https:\/\/torresgrup.com\/wp-content\/uploads\/2024\/11\/TORRES-GRUP-LOGO-2.svg\",\"width\":881,\"height\":260,\"caption\":\"Torres Grup\"},\"image\":{\"@id\":\"https:\/\/torresgrup.com\/#\/schema\/logo\/image\/\"}}]}<\/script>\n<!-- \/ Yoast SEO plugin. -->","yoast_head_json":{"title":"REF 30200 SERVILLETA 38X38 PLEGADO \u00bc PUNTA PUNTA ROJO - Torres Grup","robots":{"index":"index","follow":"follow","max-snippet":"max-snippet:-1","max-image-preview":"max-image-preview:large","max-video-preview":"max-video-preview:-1"},"canonical":"https:\/\/torresgrup.com\/en\/wp-json\/wp\/v2\/product\/740","og_locale":"en_US","og_type":"article","og_title":"REF 30200 SERVILLETA 38X38 PLEGADO \u00bc PUNTA PUNTA ROJO - Torres Grup","og_description":"La\u00a0servilleta Punta-Punta\u00a0se caracteriza por su extraordinaria suavidad y gran volumen, atributos que se consiguen por su especial proceso de fabricaci\u00f3n, con celulosa de la mejor calidad y maquinaria de \u00faltima generaci\u00f3n. Caracter\u00edsticas: Medida:\u00a038x38cm. Plegado:\u00a0Plegado 1\/4 Composici\u00f3n:\u00a0100% celulosa 2 capas. Color:\u00a0Rojo Presentaci\u00f3n:\u00a024 paquetes de 50 uds. Cantidad\/Caja:\u00a01.200 unidades Ambas capas de las servilletas de celulosa est\u00e1n [&hellip;]","og_url":"https:\/\/torresgrup.com\/en\/product\/ref-30200-servilleta-38x38-plegado-\u00bc-punta-punta-rojo\/","og_site_name":"Torres Grup","article_modified_time":"2025-02-25T11:06:38+00:00","og_image":[{"width":296,"height":160,"url":"https:\/\/torresgrup.com\/wp-content\/uploads\/2025\/01\/ser.jpg","type":"image\/jpeg"}],"twitter_card":"summary_large_image","schema":{"@context":"https:\/\/schema.org","@graph":[{"@type":"WebPage","@id":"https:\/\/torresgrup.com\/producto\/ref-30200-servilleta-38x38-plegado-%c2%bc-punta-punta-rojo\/","url":"https:\/\/torresgrup.com\/producto\/ref-30200-servilleta-38x38-plegado-%c2%bc-punta-punta-rojo\/","name":"REF 30200 SERVILLETA 38X38 PLEGADO \u00bc PUNTA PUNTA ROJO - Torres Grup","isPartOf":{"@id":"https:\/\/torresgrup.com\/#website"},"primaryImageOfPage":{"@id":"https:\/\/torresgrup.com\/producto\/ref-30200-servilleta-38x38-plegado-%c2%bc-punta-punta-rojo\/#primaryimage"},"image":{"@id":"https:\/\/torresgrup.com\/producto\/ref-30200-servilleta-38x38-plegado-%c2%bc-punta-punta-rojo\/#primaryimage"},"thumbnailUrl":"https:\/\/torresgrup.com\/wp-content\/uploads\/2025\/01\/ser.jpg","datePublished":"2025-02-25T11:05:09+00:00","dateModified":"2025-02-25T11:06:38+00:00","breadcrumb":{"@id":"https:\/\/torresgrup.com\/producto\/ref-30200-servilleta-38x38-plegado-%c2%bc-punta-punta-rojo\/#breadcrumb"},"inLanguage":"en-US","potentialAction":[{"@type":"ReadAction","target":["https:\/\/torresgrup.com\/producto\/ref-30200-servilleta-38x38-plegado-%c2%bc-punta-punta-rojo\/"]}]},{"@type":"ImageObject","inLanguage":"en-US","@id":"https:\/\/torresgrup.com\/producto\/ref-30200-servilleta-38x38-plegado-%c2%bc-punta-punta-rojo\/#primaryimage","url":"https:\/\/torresgrup.com\/wp-content\/uploads\/2025\/01\/ser.jpg","contentUrl":"https:\/\/torresgrup.com\/wp-content\/uploads\/2025\/01\/ser.jpg","width":296,"height":160},{"@type":"BreadcrumbList","@id":"https:\/\/torresgrup.com\/producto\/ref-30200-servilleta-38x38-plegado-%c2%bc-punta-punta-rojo\/#breadcrumb","itemListElement":[{"@type":"ListItem","position":1,"name":"Portada","item":"https:\/\/torresgrup.com\/"},{"@type":"ListItem","position":2,"name":"Tienda","item":"https:\/\/torresgrup.com\/tienda\/"},{"@type":"ListItem","position":3,"name":"REF 30200 SERVILLETA 38X38 PLEGADO \u00bc PUNTA PUNTA ROJO"}]},{"@type":"WebSite","@id":"https:\/\/torresgrup.com\/#website","url":"https:\/\/torresgrup.com\/","name":"Torres Grup","description":"Fabricaci&oacute;n de rollos especiales de papel","publisher":{"@id":"https:\/\/torresgrup.com\/#organization"},"potentialAction":[{"@type":"SearchAction","target":{"@type":"EntryPoint","urlTemplate":"https:\/\/torresgrup.com\/?s={search_term_string}"},"query-input":{"@type":"PropertyValueSpecification","valueRequired":true,"valueName":"search_term_string"}}],"inLanguage":"en-US"},{"@type":"Organization","@id":"https:\/\/torresgrup.com\/#organization","name":"Torres Grup","url":"https:\/\/torresgrup.com\/","logo":{"@type":"ImageObject","inLanguage":"en-US","@id":"https:\/\/torresgrup.com\/#\/schema\/logo\/image\/","url":"https:\/\/torresgrup.com\/wp-content\/uploads\/2024\/11\/TORRES-GRUP-LOGO-2.svg","contentUrl":"https:\/\/torresgrup.com\/wp-content\/uploads\/2024\/11\/TORRES-GRUP-LOGO-2.svg","width":881,"height":260,"caption":"Torres Grup"},"image":{"@id":"https:\/\/torresgrup.com\/#\/schema\/logo\/image\/"}}]}},"_links":{"self":[{"href":"https:\/\/torresgrup.com\/en\/wp-json\/wp\/v2\/product\/740","targetHints":{"allow":["GET"]}}],"collection":[{"href":"https:\/\/torresgrup.com\/en\/wp-json\/wp\/v2\/product"}],"about":[{"href":"https:\/\/torresgrup.com\/en\/wp-json\/wp\/v2\/types\/product"}],"replies":[{"embeddable":true,"href":"https:\/\/torresgrup.com\/en\/wp-json\/wp\/v2\/comments?post=740"}],"version-history":[{"count":1,"href":"https:\/\/torresgrup.com\/en\/wp-json\/wp\/v2\/product\/740\/revisions"}],"predecessor-version":[{"id":741,"href":"https:\/\/torresgrup.com\/en\/wp-json\/wp\/v2\/product\/740\/revisions\/741"}],"wp:featuredmedia":[{"embeddable":true,"href":"https:\/\/torresgrup.com\/en\/wp-json\/wp\/v2\/media\/282"}],"wp:attachment":[{"href":"https:\/\/torresgrup.com\/en\/wp-json\/wp\/v2\/media?parent=740"}],"wp:term":[{"taxonomy":"product_brand","embeddable":true,"href":"https:\/\/torresgrup.com\/en\/wp-json\/wp\/v2\/product_brand?post=740"},{"taxonomy":"product_cat","embeddable":true,"href":"https:\/\/torresgrup.com\/en\/wp-json\/wp\/v2\/product_cat?post=740"},{"taxonomy":"product_tag","embeddable":true,"href":"https:\/\/torresgrup.com\/en\/wp-json\/wp\/v2\/product_tag?post=740"}],"curies":[{"name":"wp","href":"https:\/\/api.w.org\/{rel}","templated":true}]}}