{"id":766,"date":"2025-03-11T06:23:58","date_gmt":"2025-03-11T06:23:58","guid":{"rendered":"https:\/\/torresgrup.com\/?post_type=product&#038;p=766"},"modified":"2025-09-23T11:03:10","modified_gmt":"2025-09-23T11:03:10","slug":"kangucel-verde","status":"publish","type":"product","link":"https:\/\/torresgrup.com\/en\/product\/kangucel-verde\/","title":{"rendered":"REF PPK6VE KANGUCEL VERDE PUNTA PUNTA"},"content":{"rendered":"<p class=\"translation-block\">The Kangucel Punta-Punta napkin is characterized by its folding and of course by its extraordinary softness and large volume, attributes that are achieved by its special manufacturing process, with the best quality cellulose and state-of-the-art machinery.<\/p>\n<p><strong><em>Characteristics:<\/em><\/strong><\/p>\n<ul>\n<li><strong>Extent:<\/strong>\u00a030x40cm.<\/li>\n<li><strong>Composition:<\/strong>\u00a0100% celulosa 2 capas.<\/li>\n<li><strong>Color:<\/strong>\u00a0Verde<\/li>\n<li><strong>Quantity\/Box:<\/strong>\u00a0960 unidades<\/li>\n<\/ul>\n<p>Both layers of the cellulose napkins are dotted and glued point by point, so that small air cells are formed that give them greater fluffiness and resistance, as well as the best appearance.<\/p>","protected":false},"excerpt":{"rendered":"<p>La servilleta\u00a0Kangucel Punta-Punta\u00a0se caracteriza por su plegado y por supuesto por su extraordinaria suavidad y gran volumen, atributos que se consiguen por su especial proceso de fabricaci\u00f3n, con celulosa de la mejor calidad y maquinaria de \u00faltima generaci\u00f3n. Caracter\u00edsticas: Medida:\u00a030x40cm. Composici\u00f3n:\u00a0100% celulosa 2 capas. Color:\u00a0Verde Cantidad\/Caja:\u00a0960 unidades Ambas capas de las servilletas de celulosa est\u00e1n [&hellip;]<\/p>\n","protected":false},"featured_media":768,"comment_status":"open","ping_status":"closed","template":"","meta":[],"product_brand":[],"product_cat":[44],"product_tag":[],"class_list":{"0":"post-766","1":"product","2":"type-product","3":"status-publish","4":"has-post-thumbnail","6":"product_cat-kangucel-colores","8":"first","9":"instock","10":"taxable","11":"shipping-taxable","12":"purchasable","13":"product-type-simple"},"yoast_head":"<!-- This site is optimized with the Yoast SEO plugin v26.1.1 - https:\/\/yoast.com\/wordpress\/plugins\/seo\/ -->\n<title>REF PPK6VE KANGUCEL VERDE PUNTA PUNTA - Torres Grup<\/title>\n<meta name=\"robots\" content=\"index, follow, max-snippet:-1, max-image-preview:large, max-video-preview:-1\" \/>\n<link rel=\"canonical\" href=\"https:\/\/torresgrup.com\/en\/wp-json\/wp\/v2\/product\/766\" \/>\n<meta property=\"og:locale\" content=\"en_US\" \/>\n<meta property=\"og:type\" content=\"article\" \/>\n<meta property=\"og:title\" content=\"REF PPK6VE KANGUCEL VERDE PUNTA PUNTA - Torres Grup\" \/>\n<meta property=\"og:description\" content=\"La servilleta\u00a0Kangucel Punta-Punta\u00a0se caracteriza por su plegado y por supuesto por su extraordinaria suavidad y gran volumen, atributos que se consiguen por su especial proceso de fabricaci\u00f3n, con celulosa de la mejor calidad y maquinaria de \u00faltima generaci\u00f3n. Caracter\u00edsticas: Medida:\u00a030x40cm. Composici\u00f3n:\u00a0100% celulosa 2 capas. Color:\u00a0Verde Cantidad\/Caja:\u00a0960 unidades Ambas capas de las servilletas de celulosa est\u00e1n [&hellip;]\" \/>\n<meta property=\"og:url\" content=\"https:\/\/torresgrup.com\/en\/product\/kangucel-verde\/\" \/>\n<meta property=\"og:site_name\" content=\"Torres Grup\" \/>\n<meta property=\"article:modified_time\" content=\"2025-09-23T11:03:10+00:00\" \/>\n<meta property=\"og:image\" content=\"https:\/\/torresgrup.com\/wp-content\/uploads\/2025\/03\/PPK6VE-1.jpg\" \/>\n\t<meta property=\"og:image:width\" content=\"900\" \/>\n\t<meta property=\"og:image:height\" content=\"600\" \/>\n\t<meta property=\"og:image:type\" content=\"image\/jpeg\" \/>\n<meta name=\"twitter:card\" content=\"summary_large_image\" \/>\n<script type=\"application\/ld+json\" class=\"yoast-schema-graph\">{\"@context\":\"https:\/\/schema.org\",\"@graph\":[{\"@type\":\"WebPage\",\"@id\":\"https:\/\/torresgrup.com\/producto\/kangucel-verde\/\",\"url\":\"https:\/\/torresgrup.com\/producto\/kangucel-verde\/\",\"name\":\"REF PPK6VE KANGUCEL VERDE PUNTA PUNTA - Torres Grup\",\"isPartOf\":{\"@id\":\"https:\/\/torresgrup.com\/#website\"},\"primaryImageOfPage\":{\"@id\":\"https:\/\/torresgrup.com\/producto\/kangucel-verde\/#primaryimage\"},\"image\":{\"@id\":\"https:\/\/torresgrup.com\/producto\/kangucel-verde\/#primaryimage\"},\"thumbnailUrl\":\"https:\/\/torresgrup.com\/wp-content\/uploads\/2025\/03\/PPK6VE-1.jpg\",\"datePublished\":\"2025-03-11T06:23:58+00:00\",\"dateModified\":\"2025-09-23T11:03:10+00:00\",\"breadcrumb\":{\"@id\":\"https:\/\/torresgrup.com\/producto\/kangucel-verde\/#breadcrumb\"},\"inLanguage\":\"en-US\",\"potentialAction\":[{\"@type\":\"ReadAction\",\"target\":[\"https:\/\/torresgrup.com\/producto\/kangucel-verde\/\"]}]},{\"@type\":\"ImageObject\",\"inLanguage\":\"en-US\",\"@id\":\"https:\/\/torresgrup.com\/producto\/kangucel-verde\/#primaryimage\",\"url\":\"https:\/\/torresgrup.com\/wp-content\/uploads\/2025\/03\/PPK6VE-1.jpg\",\"contentUrl\":\"https:\/\/torresgrup.com\/wp-content\/uploads\/2025\/03\/PPK6VE-1.jpg\",\"width\":900,\"height\":600},{\"@type\":\"BreadcrumbList\",\"@id\":\"https:\/\/torresgrup.com\/producto\/kangucel-verde\/#breadcrumb\",\"itemListElement\":[{\"@type\":\"ListItem\",\"position\":1,\"name\":\"Portada\",\"item\":\"https:\/\/torresgrup.com\/\"},{\"@type\":\"ListItem\",\"position\":2,\"name\":\"Tienda\",\"item\":\"https:\/\/torresgrup.com\/tienda\/\"},{\"@type\":\"ListItem\",\"position\":3,\"name\":\"REF PPK6VE KANGUCEL VERDE PUNTA PUNTA\"}]},{\"@type\":\"WebSite\",\"@id\":\"https:\/\/torresgrup.com\/#website\",\"url\":\"https:\/\/torresgrup.com\/\",\"name\":\"Torres Grup\",\"description\":\"Fabricaci&oacute;n de rollos especiales de papel\",\"publisher\":{\"@id\":\"https:\/\/torresgrup.com\/#organization\"},\"potentialAction\":[{\"@type\":\"SearchAction\",\"target\":{\"@type\":\"EntryPoint\",\"urlTemplate\":\"https:\/\/torresgrup.com\/?s={search_term_string}\"},\"query-input\":{\"@type\":\"PropertyValueSpecification\",\"valueRequired\":true,\"valueName\":\"search_term_string\"}}],\"inLanguage\":\"en-US\"},{\"@type\":\"Organization\",\"@id\":\"https:\/\/torresgrup.com\/#organization\",\"name\":\"Torres Grup\",\"url\":\"https:\/\/torresgrup.com\/\",\"logo\":{\"@type\":\"ImageObject\",\"inLanguage\":\"en-US\",\"@id\":\"https:\/\/torresgrup.com\/#\/schema\/logo\/image\/\",\"url\":\"https:\/\/torresgrup.com\/wp-content\/uploads\/2024\/11\/TORRES-GRUP-LOGO-2.svg\",\"contentUrl\":\"https:\/\/torresgrup.com\/wp-content\/uploads\/2024\/11\/TORRES-GRUP-LOGO-2.svg\",\"width\":881,\"height\":260,\"caption\":\"Torres Grup\"},\"image\":{\"@id\":\"https:\/\/torresgrup.com\/#\/schema\/logo\/image\/\"}}]}<\/script>\n<!-- \/ Yoast SEO plugin. -->","yoast_head_json":{"title":"REF PPK6VE KANGUCEL VERDE PUNTA PUNTA - Torres Grup","robots":{"index":"index","follow":"follow","max-snippet":"max-snippet:-1","max-image-preview":"max-image-preview:large","max-video-preview":"max-video-preview:-1"},"canonical":"https:\/\/torresgrup.com\/en\/wp-json\/wp\/v2\/product\/766","og_locale":"en_US","og_type":"article","og_title":"REF PPK6VE KANGUCEL VERDE PUNTA PUNTA - Torres Grup","og_description":"La servilleta\u00a0Kangucel Punta-Punta\u00a0se caracteriza por su plegado y por supuesto por su extraordinaria suavidad y gran volumen, atributos que se consiguen por su especial proceso de fabricaci\u00f3n, con celulosa de la mejor calidad y maquinaria de \u00faltima generaci\u00f3n. Caracter\u00edsticas: Medida:\u00a030x40cm. Composici\u00f3n:\u00a0100% celulosa 2 capas. Color:\u00a0Verde Cantidad\/Caja:\u00a0960 unidades Ambas capas de las servilletas de celulosa est\u00e1n [&hellip;]","og_url":"https:\/\/torresgrup.com\/en\/product\/kangucel-verde\/","og_site_name":"Torres Grup","article_modified_time":"2025-09-23T11:03:10+00:00","og_image":[{"width":900,"height":600,"url":"https:\/\/torresgrup.com\/wp-content\/uploads\/2025\/03\/PPK6VE-1.jpg","type":"image\/jpeg"}],"twitter_card":"summary_large_image","schema":{"@context":"https:\/\/schema.org","@graph":[{"@type":"WebPage","@id":"https:\/\/torresgrup.com\/producto\/kangucel-verde\/","url":"https:\/\/torresgrup.com\/producto\/kangucel-verde\/","name":"REF PPK6VE KANGUCEL VERDE PUNTA PUNTA - Torres Grup","isPartOf":{"@id":"https:\/\/torresgrup.com\/#website"},"primaryImageOfPage":{"@id":"https:\/\/torresgrup.com\/producto\/kangucel-verde\/#primaryimage"},"image":{"@id":"https:\/\/torresgrup.com\/producto\/kangucel-verde\/#primaryimage"},"thumbnailUrl":"https:\/\/torresgrup.com\/wp-content\/uploads\/2025\/03\/PPK6VE-1.jpg","datePublished":"2025-03-11T06:23:58+00:00","dateModified":"2025-09-23T11:03:10+00:00","breadcrumb":{"@id":"https:\/\/torresgrup.com\/producto\/kangucel-verde\/#breadcrumb"},"inLanguage":"en-US","potentialAction":[{"@type":"ReadAction","target":["https:\/\/torresgrup.com\/producto\/kangucel-verde\/"]}]},{"@type":"ImageObject","inLanguage":"en-US","@id":"https:\/\/torresgrup.com\/producto\/kangucel-verde\/#primaryimage","url":"https:\/\/torresgrup.com\/wp-content\/uploads\/2025\/03\/PPK6VE-1.jpg","contentUrl":"https:\/\/torresgrup.com\/wp-content\/uploads\/2025\/03\/PPK6VE-1.jpg","width":900,"height":600},{"@type":"BreadcrumbList","@id":"https:\/\/torresgrup.com\/producto\/kangucel-verde\/#breadcrumb","itemListElement":[{"@type":"ListItem","position":1,"name":"Portada","item":"https:\/\/torresgrup.com\/"},{"@type":"ListItem","position":2,"name":"Tienda","item":"https:\/\/torresgrup.com\/tienda\/"},{"@type":"ListItem","position":3,"name":"REF PPK6VE KANGUCEL VERDE PUNTA PUNTA"}]},{"@type":"WebSite","@id":"https:\/\/torresgrup.com\/#website","url":"https:\/\/torresgrup.com\/","name":"Torres Grup","description":"Fabricaci&oacute;n de rollos especiales de papel","publisher":{"@id":"https:\/\/torresgrup.com\/#organization"},"potentialAction":[{"@type":"SearchAction","target":{"@type":"EntryPoint","urlTemplate":"https:\/\/torresgrup.com\/?s={search_term_string}"},"query-input":{"@type":"PropertyValueSpecification","valueRequired":true,"valueName":"search_term_string"}}],"inLanguage":"en-US"},{"@type":"Organization","@id":"https:\/\/torresgrup.com\/#organization","name":"Torres Grup","url":"https:\/\/torresgrup.com\/","logo":{"@type":"ImageObject","inLanguage":"en-US","@id":"https:\/\/torresgrup.com\/#\/schema\/logo\/image\/","url":"https:\/\/torresgrup.com\/wp-content\/uploads\/2024\/11\/TORRES-GRUP-LOGO-2.svg","contentUrl":"https:\/\/torresgrup.com\/wp-content\/uploads\/2024\/11\/TORRES-GRUP-LOGO-2.svg","width":881,"height":260,"caption":"Torres Grup"},"image":{"@id":"https:\/\/torresgrup.com\/#\/schema\/logo\/image\/"}}]}},"_links":{"self":[{"href":"https:\/\/torresgrup.com\/en\/wp-json\/wp\/v2\/product\/766","targetHints":{"allow":["GET"]}}],"collection":[{"href":"https:\/\/torresgrup.com\/en\/wp-json\/wp\/v2\/product"}],"about":[{"href":"https:\/\/torresgrup.com\/en\/wp-json\/wp\/v2\/types\/product"}],"replies":[{"embeddable":true,"href":"https:\/\/torresgrup.com\/en\/wp-json\/wp\/v2\/comments?post=766"}],"version-history":[{"count":3,"href":"https:\/\/torresgrup.com\/en\/wp-json\/wp\/v2\/product\/766\/revisions"}],"predecessor-version":[{"id":901,"href":"https:\/\/torresgrup.com\/en\/wp-json\/wp\/v2\/product\/766\/revisions\/901"}],"wp:featuredmedia":[{"embeddable":true,"href":"https:\/\/torresgrup.com\/en\/wp-json\/wp\/v2\/media\/768"}],"wp:attachment":[{"href":"https:\/\/torresgrup.com\/en\/wp-json\/wp\/v2\/media?parent=766"}],"wp:term":[{"taxonomy":"product_brand","embeddable":true,"href":"https:\/\/torresgrup.com\/en\/wp-json\/wp\/v2\/product_brand?post=766"},{"taxonomy":"product_cat","embeddable":true,"href":"https:\/\/torresgrup.com\/en\/wp-json\/wp\/v2\/product_cat?post=766"},{"taxonomy":"product_tag","embeddable":true,"href":"https:\/\/torresgrup.com\/en\/wp-json\/wp\/v2\/product_tag?post=766"}],"curies":[{"name":"wp","href":"https:\/\/api.w.org\/{rel}","templated":true}]}}