{"id":818,"date":"2025-03-11T07:33:41","date_gmt":"2025-03-11T07:33:41","guid":{"rendered":"https:\/\/torresgrup.com\/?post_type=product&#038;p=818"},"modified":"2025-03-11T07:33:41","modified_gmt":"2025-03-11T07:33:41","slug":"ref-fapff3030-papel-antigrasa-prensa-30x30-cm-3000-unid","status":"publish","type":"product","link":"https:\/\/torresgrup.com\/en\/product\/ref-fapff3030-papel-antigrasa-prensa-30x30-cm-3000-unid\/","title":{"rendered":"REF FAPFF3030 PAPEL ANTIGRASA PRENSA 30X30 CM 3000 UNID"},"content":{"rendered":"<p><strong>Formato Papel Antigrasa<\/strong>\u00a0tambi\u00e9n conocido como papel \u00abfast food\u00bb, es un tipo de papel especial dise\u00f1ado para envolver y presentar alimentos grasos o h\u00famedos sin que se transfieran la grasa o los l\u00edquidos al exterior.<\/p>\n<p>Ideal para destacar tus creaciones culinarias y ofrecer una experiencia memorable a tus clientes.<\/p>\n<p><strong><em>Funcionalidad Imbatible<\/em><\/strong><\/p>\n<ul>\n<li><strong>Barrera antigrasa:<\/strong>\u00a0Protege tus empaques y evita manchas molestas, manteniendo la integridad y el aspecto apetitoso de tus hamburguesas, pizzas, hot dogs y m\u00e1s.<\/li>\n<li><strong>Vers\u00e1til y resistente:<\/strong>\u00a0Soporta temperaturas entre -18\u00baC\/+80\u00baC sin rasgarse ni romperse, perfecto para envolver alimentos calientes o para usar como base en bandejas.<\/li>\n<li><strong>Presentaci\u00f3n impecable:<\/strong>\u00a0Aporta un toque elegante y distintivo a tus empaques, ideal para negocios de comida r\u00e1pida que buscan diferenciarse.<\/li>\n<\/ul>\n<p><strong><em>M\u00e1s que un simple envoltorio<\/em><\/strong><\/p>\n<ul>\n<li><strong>Personalizable:<\/strong>\u00a0Imprime tu logo, marca o mensaje personalizado para dar un toque \u00fanico a tus empaques y fortalecer tu identidad de marca.<\/li>\n<li><strong>Eco-responsable:<\/strong>\u00a0Elaborado con materiales biodegradables y compostables, en l\u00ednea con las tendencias sostenibles actuales.<\/li>\n<li><strong>Vers\u00e1til para cualquier ocasi\u00f3n:<\/strong>\u00a0Desde hamburguesas cl\u00e1sicas hasta creaciones gourmet, nuestro papel antigrasa se adapta a la perfecci\u00f3n a todas tus necesidades.<\/li>\n<\/ul>\n<p><strong><em>Characteristics:<\/em><\/strong><\/p>\n<ul>\n<li><strong>Extent:<\/strong>\u00a030x30cm<\/li>\n<li><strong>Composition:<\/strong>\u00a0Celulosa de 35 gr.\/m\u00b2<\/li>\n<li><strong>Color:<\/strong>\u00a0Blanco.<\/li>\n<li><strong>Formato:<\/strong>\u00a0Fast Food.<\/li>\n<li><strong>Decorado:<\/strong>\u00a0Prensa<\/li>\n<li><strong>Uds\/Pack:<\/strong>\u00a01.000 uds.<\/li>\n<li><strong>Packs\/Caja:<\/strong>\u00a03 packs.<\/li>\n<\/ul>\n<p><strong><em>Use:<\/em><\/strong><\/p>\n<ul>\n<li>Producto de\u00a0<strong>uso alimentario<\/strong><\/li>\n<li><strong>No apto<\/strong>\u00a0para horno convencional ni microondas<\/li>\n<li>Producto\u00a0<strong>no reutilizable<\/strong><\/li>\n<\/ul>\n<p><em>\u00a1Deja Huella! Envuelve y Sorprende en tu Negocio de Comida R\u00e1pida<\/em><\/p>","protected":false},"excerpt":{"rendered":"<p>Formato Papel Antigrasa\u00a0tambi\u00e9n conocido como papel \u00abfast food\u00bb, es un tipo de papel especial dise\u00f1ado para envolver y presentar alimentos grasos o h\u00famedos sin que se transfieran la grasa o los l\u00edquidos al exterior. Ideal para destacar tus creaciones culinarias y ofrecer una experiencia memorable a tus clientes. Funcionalidad Imbatible Barrera antigrasa:\u00a0Protege tus empaques y [&hellip;]<\/p>\n","protected":false},"featured_media":808,"comment_status":"open","ping_status":"closed","template":"","meta":[],"product_brand":[],"product_cat":[45],"product_tag":[],"class_list":{"0":"post-818","1":"product","2":"type-product","3":"status-publish","4":"has-post-thumbnail","6":"product_cat-papel-antigrasa","8":"first","9":"instock","10":"taxable","11":"shipping-taxable","12":"purchasable","13":"product-type-simple"},"yoast_head":"<!-- This site is optimized with the Yoast SEO plugin v26.1.1 - https:\/\/yoast.com\/wordpress\/plugins\/seo\/ -->\n<title>REF FAPFF3030 PAPEL ANTIGRASA PRENSA 30X30 CM 3000 UNID - Torres Grup<\/title>\n<meta name=\"robots\" content=\"index, follow, max-snippet:-1, max-image-preview:large, max-video-preview:-1\" \/>\n<link rel=\"canonical\" href=\"https:\/\/torresgrup.com\/en\/wp-json\/wp\/v2\/product\/818\" \/>\n<meta property=\"og:locale\" content=\"en_US\" \/>\n<meta property=\"og:type\" content=\"article\" \/>\n<meta property=\"og:title\" content=\"REF FAPFF3030 PAPEL ANTIGRASA PRENSA 30X30 CM 3000 UNID - Torres Grup\" \/>\n<meta property=\"og:description\" content=\"Formato Papel Antigrasa\u00a0tambi\u00e9n conocido como papel \u00abfast food\u00bb, es un tipo de papel especial dise\u00f1ado para envolver y presentar alimentos grasos o h\u00famedos sin que se transfieran la grasa o los l\u00edquidos al exterior. Ideal para destacar tus creaciones culinarias y ofrecer una experiencia memorable a tus clientes. Funcionalidad Imbatible Barrera antigrasa:\u00a0Protege tus empaques y [&hellip;]\" \/>\n<meta property=\"og:url\" content=\"https:\/\/torresgrup.com\/en\/product\/ref-fapff3030-papel-antigrasa-prensa-30x30-cm-3000-unid\/\" \/>\n<meta property=\"og:site_name\" content=\"Torres Grup\" \/>\n<meta property=\"og:image\" content=\"https:\/\/torresgrup.com\/wp-content\/uploads\/2025\/03\/FAPFF1515.jpg\" \/>\n\t<meta property=\"og:image:width\" content=\"900\" \/>\n\t<meta property=\"og:image:height\" content=\"600\" \/>\n\t<meta property=\"og:image:type\" content=\"image\/jpeg\" \/>\n<meta name=\"twitter:card\" content=\"summary_large_image\" \/>\n<meta name=\"twitter:label1\" content=\"Est. reading time\" \/>\n\t<meta name=\"twitter:data1\" content=\"1 minute\" \/>\n<script type=\"application\/ld+json\" class=\"yoast-schema-graph\">{\"@context\":\"https:\/\/schema.org\",\"@graph\":[{\"@type\":\"WebPage\",\"@id\":\"https:\/\/torresgrup.com\/producto\/ref-fapff3030-papel-antigrasa-prensa-30x30-cm-3000-unid\/\",\"url\":\"https:\/\/torresgrup.com\/producto\/ref-fapff3030-papel-antigrasa-prensa-30x30-cm-3000-unid\/\",\"name\":\"REF FAPFF3030 PAPEL ANTIGRASA PRENSA 30X30 CM 3000 UNID - Torres Grup\",\"isPartOf\":{\"@id\":\"https:\/\/torresgrup.com\/#website\"},\"primaryImageOfPage\":{\"@id\":\"https:\/\/torresgrup.com\/producto\/ref-fapff3030-papel-antigrasa-prensa-30x30-cm-3000-unid\/#primaryimage\"},\"image\":{\"@id\":\"https:\/\/torresgrup.com\/producto\/ref-fapff3030-papel-antigrasa-prensa-30x30-cm-3000-unid\/#primaryimage\"},\"thumbnailUrl\":\"https:\/\/torresgrup.com\/wp-content\/uploads\/2025\/03\/FAPFF1515.jpg\",\"datePublished\":\"2025-03-11T07:33:41+00:00\",\"breadcrumb\":{\"@id\":\"https:\/\/torresgrup.com\/producto\/ref-fapff3030-papel-antigrasa-prensa-30x30-cm-3000-unid\/#breadcrumb\"},\"inLanguage\":\"en-US\",\"potentialAction\":[{\"@type\":\"ReadAction\",\"target\":[\"https:\/\/torresgrup.com\/producto\/ref-fapff3030-papel-antigrasa-prensa-30x30-cm-3000-unid\/\"]}]},{\"@type\":\"ImageObject\",\"inLanguage\":\"en-US\",\"@id\":\"https:\/\/torresgrup.com\/producto\/ref-fapff3030-papel-antigrasa-prensa-30x30-cm-3000-unid\/#primaryimage\",\"url\":\"https:\/\/torresgrup.com\/wp-content\/uploads\/2025\/03\/FAPFF1515.jpg\",\"contentUrl\":\"https:\/\/torresgrup.com\/wp-content\/uploads\/2025\/03\/FAPFF1515.jpg\",\"width\":900,\"height\":600},{\"@type\":\"BreadcrumbList\",\"@id\":\"https:\/\/torresgrup.com\/producto\/ref-fapff3030-papel-antigrasa-prensa-30x30-cm-3000-unid\/#breadcrumb\",\"itemListElement\":[{\"@type\":\"ListItem\",\"position\":1,\"name\":\"Portada\",\"item\":\"https:\/\/torresgrup.com\/\"},{\"@type\":\"ListItem\",\"position\":2,\"name\":\"Tienda\",\"item\":\"https:\/\/torresgrup.com\/tienda\/\"},{\"@type\":\"ListItem\",\"position\":3,\"name\":\"REF FAPFF3030 PAPEL ANTIGRASA PRENSA 30X30 CM 3000 UNID\"}]},{\"@type\":\"WebSite\",\"@id\":\"https:\/\/torresgrup.com\/#website\",\"url\":\"https:\/\/torresgrup.com\/\",\"name\":\"Torres Grup\",\"description\":\"Fabricaci&oacute;n de rollos especiales de papel\",\"publisher\":{\"@id\":\"https:\/\/torresgrup.com\/#organization\"},\"potentialAction\":[{\"@type\":\"SearchAction\",\"target\":{\"@type\":\"EntryPoint\",\"urlTemplate\":\"https:\/\/torresgrup.com\/?s={search_term_string}\"},\"query-input\":{\"@type\":\"PropertyValueSpecification\",\"valueRequired\":true,\"valueName\":\"search_term_string\"}}],\"inLanguage\":\"en-US\"},{\"@type\":\"Organization\",\"@id\":\"https:\/\/torresgrup.com\/#organization\",\"name\":\"Torres Grup\",\"url\":\"https:\/\/torresgrup.com\/\",\"logo\":{\"@type\":\"ImageObject\",\"inLanguage\":\"en-US\",\"@id\":\"https:\/\/torresgrup.com\/#\/schema\/logo\/image\/\",\"url\":\"https:\/\/torresgrup.com\/wp-content\/uploads\/2024\/11\/TORRES-GRUP-LOGO-2.svg\",\"contentUrl\":\"https:\/\/torresgrup.com\/wp-content\/uploads\/2024\/11\/TORRES-GRUP-LOGO-2.svg\",\"width\":881,\"height\":260,\"caption\":\"Torres Grup\"},\"image\":{\"@id\":\"https:\/\/torresgrup.com\/#\/schema\/logo\/image\/\"}}]}<\/script>\n<!-- \/ Yoast SEO plugin. -->","yoast_head_json":{"title":"REF FAPFF3030 PAPEL ANTIGRASA PRENSA 30X30 CM 3000 UNID - Torres Grup","robots":{"index":"index","follow":"follow","max-snippet":"max-snippet:-1","max-image-preview":"max-image-preview:large","max-video-preview":"max-video-preview:-1"},"canonical":"https:\/\/torresgrup.com\/en\/wp-json\/wp\/v2\/product\/818","og_locale":"en_US","og_type":"article","og_title":"REF FAPFF3030 PAPEL ANTIGRASA PRENSA 30X30 CM 3000 UNID - Torres Grup","og_description":"Formato Papel Antigrasa\u00a0tambi\u00e9n conocido como papel \u00abfast food\u00bb, es un tipo de papel especial dise\u00f1ado para envolver y presentar alimentos grasos o h\u00famedos sin que se transfieran la grasa o los l\u00edquidos al exterior. Ideal para destacar tus creaciones culinarias y ofrecer una experiencia memorable a tus clientes. Funcionalidad Imbatible Barrera antigrasa:\u00a0Protege tus empaques y [&hellip;]","og_url":"https:\/\/torresgrup.com\/en\/product\/ref-fapff3030-papel-antigrasa-prensa-30x30-cm-3000-unid\/","og_site_name":"Torres Grup","og_image":[{"width":900,"height":600,"url":"https:\/\/torresgrup.com\/wp-content\/uploads\/2025\/03\/FAPFF1515.jpg","type":"image\/jpeg"}],"twitter_card":"summary_large_image","twitter_misc":{"Est. reading time":"1 minute"},"schema":{"@context":"https:\/\/schema.org","@graph":[{"@type":"WebPage","@id":"https:\/\/torresgrup.com\/producto\/ref-fapff3030-papel-antigrasa-prensa-30x30-cm-3000-unid\/","url":"https:\/\/torresgrup.com\/producto\/ref-fapff3030-papel-antigrasa-prensa-30x30-cm-3000-unid\/","name":"REF FAPFF3030 PAPEL ANTIGRASA PRENSA 30X30 CM 3000 UNID - Torres Grup","isPartOf":{"@id":"https:\/\/torresgrup.com\/#website"},"primaryImageOfPage":{"@id":"https:\/\/torresgrup.com\/producto\/ref-fapff3030-papel-antigrasa-prensa-30x30-cm-3000-unid\/#primaryimage"},"image":{"@id":"https:\/\/torresgrup.com\/producto\/ref-fapff3030-papel-antigrasa-prensa-30x30-cm-3000-unid\/#primaryimage"},"thumbnailUrl":"https:\/\/torresgrup.com\/wp-content\/uploads\/2025\/03\/FAPFF1515.jpg","datePublished":"2025-03-11T07:33:41+00:00","breadcrumb":{"@id":"https:\/\/torresgrup.com\/producto\/ref-fapff3030-papel-antigrasa-prensa-30x30-cm-3000-unid\/#breadcrumb"},"inLanguage":"en-US","potentialAction":[{"@type":"ReadAction","target":["https:\/\/torresgrup.com\/producto\/ref-fapff3030-papel-antigrasa-prensa-30x30-cm-3000-unid\/"]}]},{"@type":"ImageObject","inLanguage":"en-US","@id":"https:\/\/torresgrup.com\/producto\/ref-fapff3030-papel-antigrasa-prensa-30x30-cm-3000-unid\/#primaryimage","url":"https:\/\/torresgrup.com\/wp-content\/uploads\/2025\/03\/FAPFF1515.jpg","contentUrl":"https:\/\/torresgrup.com\/wp-content\/uploads\/2025\/03\/FAPFF1515.jpg","width":900,"height":600},{"@type":"BreadcrumbList","@id":"https:\/\/torresgrup.com\/producto\/ref-fapff3030-papel-antigrasa-prensa-30x30-cm-3000-unid\/#breadcrumb","itemListElement":[{"@type":"ListItem","position":1,"name":"Portada","item":"https:\/\/torresgrup.com\/"},{"@type":"ListItem","position":2,"name":"Tienda","item":"https:\/\/torresgrup.com\/tienda\/"},{"@type":"ListItem","position":3,"name":"REF FAPFF3030 PAPEL ANTIGRASA PRENSA 30X30 CM 3000 UNID"}]},{"@type":"WebSite","@id":"https:\/\/torresgrup.com\/#website","url":"https:\/\/torresgrup.com\/","name":"Torres Grup","description":"Fabricaci&oacute;n de rollos especiales de papel","publisher":{"@id":"https:\/\/torresgrup.com\/#organization"},"potentialAction":[{"@type":"SearchAction","target":{"@type":"EntryPoint","urlTemplate":"https:\/\/torresgrup.com\/?s={search_term_string}"},"query-input":{"@type":"PropertyValueSpecification","valueRequired":true,"valueName":"search_term_string"}}],"inLanguage":"en-US"},{"@type":"Organization","@id":"https:\/\/torresgrup.com\/#organization","name":"Torres Grup","url":"https:\/\/torresgrup.com\/","logo":{"@type":"ImageObject","inLanguage":"en-US","@id":"https:\/\/torresgrup.com\/#\/schema\/logo\/image\/","url":"https:\/\/torresgrup.com\/wp-content\/uploads\/2024\/11\/TORRES-GRUP-LOGO-2.svg","contentUrl":"https:\/\/torresgrup.com\/wp-content\/uploads\/2024\/11\/TORRES-GRUP-LOGO-2.svg","width":881,"height":260,"caption":"Torres Grup"},"image":{"@id":"https:\/\/torresgrup.com\/#\/schema\/logo\/image\/"}}]}},"_links":{"self":[{"href":"https:\/\/torresgrup.com\/en\/wp-json\/wp\/v2\/product\/818","targetHints":{"allow":["GET"]}}],"collection":[{"href":"https:\/\/torresgrup.com\/en\/wp-json\/wp\/v2\/product"}],"about":[{"href":"https:\/\/torresgrup.com\/en\/wp-json\/wp\/v2\/types\/product"}],"replies":[{"embeddable":true,"href":"https:\/\/torresgrup.com\/en\/wp-json\/wp\/v2\/comments?post=818"}],"version-history":[{"count":1,"href":"https:\/\/torresgrup.com\/en\/wp-json\/wp\/v2\/product\/818\/revisions"}],"predecessor-version":[{"id":819,"href":"https:\/\/torresgrup.com\/en\/wp-json\/wp\/v2\/product\/818\/revisions\/819"}],"wp:featuredmedia":[{"embeddable":true,"href":"https:\/\/torresgrup.com\/en\/wp-json\/wp\/v2\/media\/808"}],"wp:attachment":[{"href":"https:\/\/torresgrup.com\/en\/wp-json\/wp\/v2\/media?parent=818"}],"wp:term":[{"taxonomy":"product_brand","embeddable":true,"href":"https:\/\/torresgrup.com\/en\/wp-json\/wp\/v2\/product_brand?post=818"},{"taxonomy":"product_cat","embeddable":true,"href":"https:\/\/torresgrup.com\/en\/wp-json\/wp\/v2\/product_cat?post=818"},{"taxonomy":"product_tag","embeddable":true,"href":"https:\/\/torresgrup.com\/en\/wp-json\/wp\/v2\/product_tag?post=818"}],"curies":[{"name":"wp","href":"https:\/\/api.w.org\/{rel}","templated":true}]}}